{"id":810,"date":"2023-09-25T10:24:45","date_gmt":"2023-09-25T08:24:45","guid":{"rendered":"https:\/\/dev.martysurfdelivery.com\/?post_type=product&#038;p=810"},"modified":"2023-09-25T10:24:45","modified_gmt":"2023-09-25T08:24:45","slug":"single-retro-68","status":"publish","type":"product","link":"https:\/\/msd.jeremybornerand.fr\/en\/shop\/planches-longboard\/single-retro-68\/","title":{"rendered":"SINGLE RETRO 6&#8217;8"},"content":{"rendered":"<p>Location de planche de surf single fin sur Biarritz, Anglet et Bidart.<\/p>\n<p>Marty Surf Delivery propose un service de location de planches de surf pour d\u00e9butants ou confirm\u00e9s et vous livre \u00e0 domicile tout le mat\u00e9riel de surf (<a href=\"https:\/\/www.martysurfdelivery.com\/fr\/location-surf-biarritz-cote-basque\/planches-performance\/\" target=\"_blank\" rel=\"noopener\">shortboard<\/a>,\u00a0<a href=\"https:\/\/www.martysurfdelivery.com\/fr\/location-surf-biarritz-cote-basque\/planches-performance\/\" target=\"_blank\" rel=\"noopener\">longboard<\/a>,\u00a0<a href=\"https:\/\/www.martysurfdelivery.com\/fr\/location-surf-biarritz-cote-basque\/combinaisons\/\" target=\"_blank\" rel=\"noopener\">combinaison<\/a>) dont vous avez besoin de Biarritz \u00e0 Saint Jean de Luz \/ Gu\u00e9thary.<\/p>\n<p>Ne ratez plus une bonne session de surf sur Biarritz et la C\u00f4te Basque en profitant de notre service personnalis\u00e9 de\u00a0<strong><a href=\"https:\/\/www.martysurfdelivery.com\/fr\/guide-surf-biarritz-cote-basque\/\" target=\"_blank\" rel=\"noopener\">guide\u00a0Surf<\/a><\/strong>.<\/p>\n<p>Location de planche de surf single fin sur Biarritz, Anglet et Bidart \u2013 Description produit<\/p>\n<p>Le SINGLE JEAN&#8217;S 6&#8217;0 est une planche de surf enti\u00e8rement shap\u00e9e \u00e0 la main dans les ateliers Blanksurfshack sur la C\u00f4te Basque. c&#8217;est une planche\u00a0rapide et maniable; son rocker tendu offre une rame et un take off facile. Plusieurs configurations sont possibles, single, ou 2+1. Cette planche\u00a0adapt\u00e9e aux petites et moyennes conditions sera parfaite pour travailler vos carves et votre style cet \u00e9t\u00e9.<\/p>\n","protected":false},"excerpt":{"rendered":"<ul>\n<li>marque:<strong>Marty Surf Shop<\/strong><\/li>\n<li>mod\u00e8le: <strong>single retro<\/strong><\/li>\n<li>dimensions:\u00a0<strong>6&#8217;8&#215;21&#8217;x3&#8242;. 44 Litres<\/strong><\/li>\n<li>d\u00e9rives: <strong>single+sides<\/strong><\/li>\n<li>simple <strong>concave+vee<\/strong><\/li>\n<li>rails <strong>50\/50<\/strong><\/li>\n<li>r\u00e9sine: <strong>polyester<\/strong><\/li>\n<li><strong>leash, d\u00e9rives, boarbag inclus<\/strong><\/li>\n<\/ul>\n","protected":false},"featured_media":813,"comment_status":"closed","ping_status":"closed","template":"","meta":{"_seopress_robots_primary_cat":"","jetpack_publicize_message":"","jetpack_publicize_feature_enabled":true,"jetpack_social_post_already_shared":false,"jetpack_social_options":{"image_generator_settings":{"template":"highway","default_image_id":0,"font":"","enabled":false},"version":2}},"product_cat":[30],"product_tag":[],"class_list":["post-810","product","type-product","status-publish","has-post-thumbnail","hentry","product_cat-planches-longboard"],"acf":[],"jetpack_publicize_connections":[],"jetpack_sharing_enabled":true,"_links":{"self":[{"href":"https:\/\/msd.jeremybornerand.fr\/en\/wp-json\/wp\/v2\/product\/810","targetHints":{"allow":["GET"]}}],"collection":[{"href":"https:\/\/msd.jeremybornerand.fr\/en\/wp-json\/wp\/v2\/product"}],"about":[{"href":"https:\/\/msd.jeremybornerand.fr\/en\/wp-json\/wp\/v2\/types\/product"}],"replies":[{"embeddable":true,"href":"https:\/\/msd.jeremybornerand.fr\/en\/wp-json\/wp\/v2\/comments?post=810"}],"wp:featuredmedia":[{"embeddable":true,"href":"https:\/\/msd.jeremybornerand.fr\/en\/wp-json\/wp\/v2\/media\/813"}],"wp:attachment":[{"href":"https:\/\/msd.jeremybornerand.fr\/en\/wp-json\/wp\/v2\/media?parent=810"}],"wp:term":[{"taxonomy":"product_cat","embeddable":true,"href":"https:\/\/msd.jeremybornerand.fr\/en\/wp-json\/wp\/v2\/product_cat?post=810"},{"taxonomy":"product_tag","embeddable":true,"href":"https:\/\/msd.jeremybornerand.fr\/en\/wp-json\/wp\/v2\/product_tag?post=810"}],"curies":[{"name":"wp","href":"https:\/\/api.w.org\/{rel}","templated":true}]}}