{"id":45,"date":"2016-09-19T08:54:13","date_gmt":"2016-09-19T08:54:13","guid":{"rendered":"http:\/\/flatsome.dev\/?page_id=9969"},"modified":"2023-10-17T15:29:27","modified_gmt":"2023-10-17T13:29:27","slug":"test","status":"publish","type":"page","link":"https:\/\/msd.jeremybornerand.fr\/fr\/test\/","title":{"rendered":"A propos"},"content":{"rendered":"\n  <div id=\"page-header-922076167\" class=\"page-header-wrapper\">\n  <div class=\"page-title dark featured-title\">\n\n        <div class=\"page-title-bg\">\n      <div class=\"title-bg fill bg-fill\"\n        data-parallax-container=\".page-title\"\n        data-parallax-background\n        data-parallax=\"-\">\n      <\/div>\n      <div class=\"title-overlay fill\"><\/div>\n    <\/div>\n    \n    <div class=\"page-title-inner container align-center text-center flex-row-col medium-flex-wrap\" >\n              <div class=\"title-wrapper is-large flex-col\">\n          <h1 class=\"entry-title mb-0\">\n            C'est qui Marty?          <\/h1>\n        <\/div>\n                <div class=\"page-title-sub op-7 flex-col\">\n          <p class=\"lead\">surfeur & Monkey business developer<\/p>\n        <\/div>\n                    <div class=\"title-content flex-col\">\n        <ul class=\"nav sm-touch-scroll nav-line nav-uppercase text-center nav-center\"><li class=\"nav-single-page hidden\"><\/li><\/ul>      <\/div>\n    <\/div>\n\n     \n<style>\n#page-header-922076167 .page-title-inner {\n  min-height: 300px;\n}\n#page-header-922076167 .title-bg {\n  background-image: url(https:\/\/msd.jeremybornerand.fr\/wp-content\/uploads\/2023\/09\/lg-b-marty-surf-delivery.png);\n  background-position: 40% 39%;\n}\n<\/style>\n  <\/div>\n    <\/div>\n  \n\n\t<section class=\"section\" id=\"section_89902102\">\n\t\t<div class=\"bg section-bg fill bg-fill  bg-loaded\" >\n\n\t\t\t\n\t\t\t\n\t\t\t\n\n\t\t<\/div>\n\n\t\t\n\n\t\t<div class=\"section-content relative\">\n\t\t\t\n\n<div class=\"row\"  id=\"row-967324087\">\n\n\n\t<div id=\"col-1007762520\" class=\"col small-12 large-12\"  >\n\t\t\t\t<div class=\"col-inner\" style=\"background-color:rgb(244, 244, 244);\" >\n\t\t\t\n\t\t\t\n\n<div class=\"text-center\"><div class=\"is-divider divider clearfix\" style=\"margin-top:10px;margin-bottom:10px;background-color:rgba(0, 0, 0, 0.16);\"><\/div><\/div>\n\n<div class=\"row align-center\"  id=\"row-723835881\">\n\n\n\t<div id=\"col-860701343\" class=\"col medium-9 small-10 large-7\"  >\n\t\t\t\t<div class=\"col-inner text-center\"  >\n\t\t\t\n\t\t\t\n\n<p dir=\"ltr\">Marty, c\u2019est avant tout le surnom que me donnaient mes proches et mes amis \u00e9trangers, avant de devenir l\u2019endroit de partage que l\u2019on conna\u00eet aujourd\u2019hui. Apr\u00e8s mes \u00e9tudes et une ann\u00e9e en Australie, je d\u00e9barque, en 2008, sur la C\u00f4te Basque avec mes r\u00eaves d\u2019endless summer.\u00a0<\/p>\n<p dir=\"ltr\">Amoureux de l\u2019Australie, j\u2019ai tr\u00e8s rapidement compris que je voulais vivre entre le Pays Basque et la c\u00f4te sud Australienne, mais comme chaque amoureux du surf, je me d\u00e9place avec mes planches. Chaque voyage s\u2019accompagne de son lot de surprises, mais aussi de casse et donc de co\u00fbts ! S\u2019il est simple de trouver des planches pour d\u00e9butants, il est plus difficile de louer du bon mat\u00e9riel.<\/p>\n<p dir=\"ltr\">En 2016, me vient alors l\u2019id\u00e9e de faciliter l\u2019acc\u00e8s aux vagues de la C\u00f4te Basque \u00e0 ceux qui viennent d\u00e9couvrir la r\u00e9gion. Des planches performantes et de qualit\u00e9, permettant aux surfeurs exp\u00e9riment\u00e9s de louer une planche faite pour eux.\u00a0<\/p>\n<p dir=\"ltr\">Je monte alors martysurfdelivery.com, un site de location de planches de surf en ligne avec livraison \u00e0 domicile. Les surfeurs \u00e9trangers appr\u00e9cient le service, et moi, je prends du plaisir \u00e0 les renseigner sur les spots, les restaurants, les activit\u00e9s \u00e0 faire au Pays Basque et dans Les Landes.<\/p>\n<a rel=\"noopener noreferrer\" href=\"https:\/\/www.tripadvisor.fr\/Attraction_Review-g187080-d6888020-Reviews-Marty_Surf_Delivery-Biarritz_Basque_Country_Pyrenees_Atlantiques_Nouvelle_Aquitai.html\" target=\"_blank\" class=\"button primary is-underline lowercase\"  style=\"border-radius:4px;\">\n    <span>Ce que les gens disent de moi...<\/span>\n  <\/a>\n\n\n\n\t\t<\/div>\n\t\t\t\t\n<style>\n#col-860701343 > .col-inner {\n  margin: 20px 0px 20px 0px;\n}\n<\/style>\n\t<\/div>\n\n\t\n\n\n<style>\n#row-723835881 > .col > .col-inner {\n  background-color: rgb(244, 244, 244);\n}\n<\/style>\n<\/div>\n\n\t\t<\/div>\n\t\t\t\t\n<style>\n#col-1007762520 > .col-inner {\n  padding: 50px 0px 0px 0px;\n  margin: -70px 0px 0px 0px;\n}\n<\/style>\n\t<\/div>\n\n\t\n\n<\/div>\n\n\t\t<\/div>\n\n\t\t\n<style>\n#section_89902102 {\n  padding-top: 30px;\n  padding-bottom: 30px;\n  background-color: rgb(244, 244, 244);\n}\n<\/style>\n\t<\/section>\n\t\n\t<section class=\"section\" id=\"section_2123213279\">\n\t\t<div class=\"bg section-bg fill bg-fill  bg-loaded\" >\n\n\t\t\t\n\t\t\t\n\t\t\t\n\n\t\t<\/div>\n\n\t\t\n\n\t\t<div class=\"section-content relative\">\n\t\t\t\n\n<div class=\"row align-center\"  id=\"row-35257247\">\n\n\n\t<div id=\"col-469157196\" class=\"col medium-11 small-12 large-10\"  >\n\t\t\t\t<div class=\"col-inner\"  >\n\t\t\t\n\t\t\t\n\n<div class=\"row row-large align-middle\"  id=\"row-116075493\">\n\n\n\t<div id=\"col-75414676\" class=\"col medium-4 small-12 large-6\"  >\n\t\t\t\t<div class=\"col-inner\"  >\n\t\t\t\n\t\t\t\n\n\n  <div class=\"banner has-hover\" id=\"banner-1680825104\">\n          <div class=\"banner-inner fill\">\n        <div class=\"banner-bg fill\" >\n            <div class=\"bg fill bg-fill \"><\/div>\n                                    \n                    <\/div>\n\t\t\n        <div class=\"banner-layers container\">\n            <div class=\"fill banner-link\"><\/div>            \n\n\n        <\/div>\n      <\/div>\n\n            \n<style>\n#banner-1680825104 {\n  padding-top: 300px;\n}\n#banner-1680825104 .bg.bg-loaded {\n  background-image: url(https:\/\/msd.jeremybornerand.fr\/wp-content\/uploads\/2023\/10\/itineraires-velo-biarritz-a-bayonne-1067x800.jpg);\n}\n@media (min-width:550px) {\n  #banner-1680825104 {\n    padding-top: 99.99%;\n  }\n}\n<\/style>\n  <\/div>\n\n\n\n\t\t<\/div>\n\t\t\t\t\t<\/div>\n\n\t\n\n\t<div id=\"col-419065210\" class=\"col medium-8 small-12 large-6\"  >\n\t\t\t\t<div class=\"col-inner\"  >\n\t\t\t\n\t\t\t\n\n<h3>Monkey business<\/h3>\n<p>J\u2019aime tellement \u00e7a, que l\u2019\u00e9t\u00e9 suivant, je rach\u00e8te \u00ab Biarritz By Locals \u00bb une petite agence r\u00e9ceptive mont\u00e9e par un couple d\u2019amis qui offre des tours culturels, gastronomiques et sportifs dans le Pays Basque. Deux ans plus tard, l\u2019offre s\u2019agrandit \u00e0 la location de v\u00e9los et v\u00e9los \u00e9lectriques sur martybikerental.com et avec un nouveau service de Guide Surf pour Marty Surf Delivery.<\/p>\n<p>En 2019, j\u2019ouvre Marty Surf shop, un magasin d\u00e9di\u00e9 \u00e0 la vente de produits de surf techniques, d\u2019objets originaux et de souvenirs locaux de la C\u00f4te Basque.\u00a0<\/p>\n<div class=\"row\"  id=\"row-1690519986\">\n\n\n\t<div id=\"col-38993435\" class=\"col medium-4 small-12 large-4\"  >\n\t\t\t\t<div class=\"col-inner\"  >\n\t\t\t\n\t\t\t\n\n<a class=\"button primary is-underline lowercase\"  >\n    <span>martybikerental<\/span>\n  <\/a>\n\n\n\n\t\t<\/div>\n\t\t\t\t\t<\/div>\n\n\t\n\n\t<div id=\"col-1425528902\" class=\"col medium-4 small-12 large-4\"  >\n\t\t\t\t<div class=\"col-inner\"  >\n\t\t\t\n\t\t\t\n\n<a class=\"button primary is-underline lowercase\"  >\n    <span>biarritzbylocals<\/span>\n  <\/a>\n\n\n\n\t\t<\/div>\n\t\t\t\t\t<\/div>\n\n\t\n\n\t<div id=\"col-901884828\" class=\"col medium-4 small-12 large-4\"  >\n\t\t\t\t<div class=\"col-inner\"  >\n\t\t\t\n\t\t\t\n\n<a class=\"button primary is-underline lowercase\"  >\n    <span>martysurfshop<\/span>\n  <\/a>\n\n\n\n\t\t<\/div>\n\t\t\t\t\t<\/div>\n\n\t\n\n<\/div>\n\n\t\t<\/div>\n\t\t\t\t\t<\/div>\n\n\t\n\n<\/div>\n\t<div id=\"gap-288249580\" class=\"gap-element clearfix\" style=\"display:block; height:auto;\">\n\t\t\n<style>\n#gap-288249580 {\n  padding-top: 30px;\n}\n<\/style>\n\t<\/div>\n\t\n\n<div class=\"row row-large align-middle\"  id=\"row-2047500076\">\n\n\n\t<div id=\"col-1675440176\" class=\"col medium-8 small-12 large-6\"  >\n\t\t\t\t<div class=\"col-inner\"  >\n\t\t\t\n\t\t\t\n\n<h3>Pourquoi j&#8217;aime \u00eatre guide de surf<\/h3>\n<p dir=\"ltr\">Avec les clients, j\u2019ai toujours pris le temps de les conseiller sur les spots de surf mais pas que\u2026 Le Pays Basque c\u2019est aussi un savoir vivre, une culture, une gastronomie et une multitude d\u2019endroits \u00e0 d\u00e9couvrir. J\u2019adore voir les gens venir pour louer une planche, un v\u00e9lo ou juste acheter un tee-shirt et repartir la t\u00eate pleine de conseils et d\u2019envies d\u2019aventures. C\u2019est cette motivation \u00e0 transmettre et \u00e0 partager mon exp\u00e9rience sur le terrain\u00a0 qui m\u2019a pouss\u00e9 \u00e0 cr\u00e9er un service de guide de surf en contribuant ainsi je l\u2019esp\u00e8re, \u00e0 ce que vous puissiez repartir heureux, la t\u00eate emplie de merveilleux souvenirs!<\/p>\n<p dir=\"ltr\">Au del\u00e0 de cette envie de partage, l\u2019oc\u00e9an est pour moi un endroit magnifique et un terrain de jeu incroyable. Dans le Pays Basque et les Landes c\u2019est le meilleur endroit pour s\u2019amuser et s\u2019\u00e9panouir. Cependant, si on arrive sans conna\u00eetre la r\u00e9gion il peut \u00eatre compliqu\u00e9 de trouver les bons spots et les bonnes adresses.\u00a0<\/p>\n<a class=\"button primary is-underline lowercase\"  >\n    <span>nos offres surf guide<\/span>\n  <\/a>\n\n\n\n\t\t<\/div>\n\t\t\t\t\t<\/div>\n\n\t\n\n\t<div id=\"col-363210258\" class=\"col medium-4 small-12 large-6 medium-col-first\"  >\n\t\t\t\t<div class=\"col-inner\"  >\n\t\t\t\n\t\t\t\n\n\n  <div class=\"banner has-hover\" id=\"banner-742958173\">\n          <div class=\"banner-inner fill\">\n        <div class=\"banner-bg fill\" >\n            <div class=\"bg fill bg-fill \"><\/div>\n                                    \n                    <\/div>\n\t\t\n        <div class=\"banner-layers container\">\n            <div class=\"fill banner-link\"><\/div>            \n\n\n        <\/div>\n      <\/div>\n\n            \n<style>\n#banner-742958173 {\n  padding-top: 300px;\n}\n#banner-742958173 .bg.bg-loaded {\n  background-image: url(https:\/\/msd.jeremybornerand.fr\/wp-content\/uploads\/2023\/10\/Marty-your-local-surf-guide-in-Biarritz-833x800.jpg);\n}\n@media (min-width:550px) {\n  #banner-742958173 {\n    padding-top: 99.99%;\n  }\n}\n<\/style>\n  <\/div>\n\n\n\n\t\t<\/div>\n\t\t\t\t\t<\/div>\n\n\t\n\n<\/div>\n<p dir=\"ltr\">Il faut souvent sortir des sentiers battus pour se surprendre et trouver des vagues parfaites. Lorsque je voyage, j\u2019adore rencontrer des gens pour avoir des conseils sur les spots de surf et la culture surf locale. En offrant ce service de guide de surf, je partage mes connaissances avec vous en vous donnant un aper\u00e7u de notre style de vie dans le Pays Basque et Les Landes.<\/p>\n<p>\u00a0<\/p>\n<p dir=\"ltr\">Je suis passionn\u00e9 par le surf et l\u2019oc\u00e9an, j\u2019ai pass\u00e9\u00a0 la plupart de mon temps \u00e0 la recherche de bonnes vagues et aujourd\u2019hui je veux aider les passionn\u00e9s et futurs surfeurs \u00e0 trouver les meilleurs spots. J&#8217;esp\u00e8re vous faire partager mon amour pour le pays basque et le surf et rendre ainsi votre voyage inoubliable.<\/p>\n<p dir=\"ltr\">A tr\u00e8s vite,<\/p>\n<p dir=\"ltr\">Marty<\/p>\n\n\t\t<\/div>\n\t\t\t\t\t<\/div>\n\n\t\n\n<\/div>\n\n\t\t<\/div>\n\n\t\t\n<style>\n#section_2123213279 {\n  padding-top: 80px;\n  padding-bottom: 80px;\n  background-color: rgb(244, 244, 244);\n}\n<\/style>\n\t<\/section>\n\t\n\n","protected":false},"excerpt":{"rendered":"","protected":false},"author":1,"featured_media":0,"parent":0,"menu_order":27,"comment_status":"closed","ping_status":"closed","template":"","meta":{"_seopress_robots_primary_cat":"","footnotes":""},"class_list":["post-45","page","type-page","status-publish","hentry"],"acf":[],"jetpack_sharing_enabled":true,"_links":{"self":[{"href":"https:\/\/msd.jeremybornerand.fr\/fr\/wp-json\/wp\/v2\/pages\/45","targetHints":{"allow":["GET"]}}],"collection":[{"href":"https:\/\/msd.jeremybornerand.fr\/fr\/wp-json\/wp\/v2\/pages"}],"about":[{"href":"https:\/\/msd.jeremybornerand.fr\/fr\/wp-json\/wp\/v2\/types\/page"}],"author":[{"embeddable":true,"href":"https:\/\/msd.jeremybornerand.fr\/fr\/wp-json\/wp\/v2\/users\/1"}],"replies":[{"embeddable":true,"href":"https:\/\/msd.jeremybornerand.fr\/fr\/wp-json\/wp\/v2\/comments?post=45"}],"version-history":[{"count":5,"href":"https:\/\/msd.jeremybornerand.fr\/fr\/wp-json\/wp\/v2\/pages\/45\/revisions"}],"predecessor-version":[{"id":1341,"href":"https:\/\/msd.jeremybornerand.fr\/fr\/wp-json\/wp\/v2\/pages\/45\/revisions\/1341"}],"wp:attachment":[{"href":"https:\/\/msd.jeremybornerand.fr\/fr\/wp-json\/wp\/v2\/media?parent=45"}],"curies":[{"name":"wp","href":"https:\/\/api.w.org\/{rel}","templated":true}]}}