{"id":63,"date":"2016-03-31T14:53:43","date_gmt":"2016-03-31T14:53:43","guid":{"rendered":"http:\/\/flatsome.dev\/?page_id=7020"},"modified":"2023-11-08T16:16:33","modified_gmt":"2023-11-08T15:16:33","slug":"price-table","status":"publish","type":"page","link":"https:\/\/msd.jeremybornerand.fr\/fr\/elements\/price-table\/","title":{"rendered":"Stockage surf"},"content":{"rendered":"\n\n  <div class=\"banner has-hover has-parallax\" id=\"banner-984309486\">\n          <div class=\"banner-inner fill\">\n        <div class=\"banner-bg fill\" data-parallax=\"-3\" data-parallax-container=\".banner\" data-parallax-background>\n            <div class=\"bg fill bg-fill \"><\/div>\n                        <div class=\"overlay\"><\/div>            \n                    <\/div>\n\t\t\n        <div class=\"banner-layers container\">\n            <div class=\"fill banner-link\"><\/div>            \n\n   <div id=\"text-box-209208017\" class=\"text-box banner-layer x100 md-x100 lg-x100 y75 md-y75 lg-y75 res-text\">\n                                <div class=\"text-box-content text dark\">\n              \n              <div class=\"text-inner text-center\">\n                  \n\n\t<div id=\"text-1084524114\" class=\"text\">\n\t\t\n\n<h1 class=\"uppercase\"><strong>STOCKAGE PLANCHES DE SURF<\/strong><\/h1>\n<h4>service de stockage pour vos planches de surf sur la C\u00f4te Basque.<\/h4>\n\t\t\n<style>\n#text-1084524114 {\n  font-size: 0.75rem;\n  line-height: 0.75;\n}\n<\/style>\n\t<\/div>\n\t\n\n              <\/div>\n           <\/div>\n                            \n<style>\n#text-box-209208017 {\n  width: 63%;\n}\n#text-box-209208017 .text-box-content {\n  font-size: 100%;\n}\n<\/style>\n    <\/div>\n \n\n        <\/div>\n      <\/div>\n\n            \n<style>\n#banner-984309486 {\n  padding-top: 500px;\n}\n#banner-984309486 .bg.bg-loaded {\n  background-image: url(https:\/\/msd.jeremybornerand.fr\/wp-content\/uploads\/2023\/10\/marty-surf-delivery-location-rental-rent-planche-surfboard-biarritz-bidart-anglet-guethary-saint-jean-de-luz-cote-basque-Recupere-scaled.jpg);\n}\n#banner-984309486 .overlay {\n  background-color: rgba(0, 0, 0, 0.116);\n}\n#banner-984309486 .bg {\n  background-position: 40% 20%;\n}\n<\/style>\n  <\/div>\n\n\n\t<div id=\"gap-837660787\" class=\"gap-element clearfix\" style=\"display:block; height:auto;\">\n\t\t\n<style>\n#gap-837660787 {\n  padding-top: 30px;\n}\n<\/style>\n\t<\/div>\n\t\n\n\t<div id=\"text-2480143673\" class=\"text\">\n\t\t\n\n\n\t\t\n<style>\n#text-2480143673 {\n  text-align: left;\n}\n<\/style>\n\t<\/div>\n\t\n\t<div id=\"gap-655426137\" class=\"gap-element clearfix\" style=\"display:block; height:auto;\">\n\t\t\n<style>\n#gap-655426137 {\n  padding-top: 30px;\n}\n<\/style>\n\t<\/div>\n\t\n\n<div class=\"row\"  id=\"row-1420730638\">\n\n\n\t<div id=\"col-988964344\" class=\"col medium-6 large-6\"  >\n\t\t\t\t<div class=\"col-inner\"  >\n\t\t\t\n\t\t\t\n\n<h2>Entreposez vos planches \u00e0 Biarritz<\/h2>\n<p>Si vous ne trouvez pas votre bonheur dans le quiver de Marty, mais que vous voulez quand m\u00eame \u00e9viter de transporter votre mat\u00e9riel de surf \u00e0 chaque surf trip sur Biarritz, nous avons une solution pour vous&#8230; Marty Surf Delivery vous proposer d\u2019<strong>entreposer vos planches<\/strong> (shortboards, mini malibu, longboards, etc) dans notre local \u00e0 Bidart.<\/p>\n<p><strong>Un service de livraison<\/strong> sur votre lieu de r\u00e9sidence est possible ainsi que la prise en charge de la <strong>r\u00e9paration de vos planches<\/strong> pendant votre absence.<\/p>\n<p>Fini les <strong>amendes dans le train<\/strong> ou les <strong>gal\u00e8res dans le m\u00e9tro ou l\u2019avion<\/strong>, voyagez sans encombre avec Marty Surf Delivery.<\/p>\n\n\t\t<\/div>\n\t\t\t\t\n<style>\n#col-988964344 > .col-inner {\n  padding: 0 20px 0 0;\n}\n<\/style>\n\t<\/div>\n\n\t\n\n\t<div id=\"col-1655554139\" class=\"col medium-2 large-2\"  >\n\t\t\t\t<div class=\"col-inner\"  >\n\t\t\t\n\t\t\t\n\n<div class=\"pricing-table-wrapper\">\n  <div class=\"pricing-table ux_price_table text-center box-shadow-1 box-shadow-3-hover\"style=\"background-color:rgb(234, 234, 234);\">\n    <div class=\"pricing-table-header\">\n      <div class=\"title uppercase strong\">Longboard<\/div>\n      <div class=\"price is-xxlarge\">22\u20ac<\/div>\n              <div class=\"description is-small\">\n          par mois        <\/div>\n          <\/div>\n    <div class=\"pricing-table-items items\">\n      \n\n<div class=\"bullet-item\" title=\"\"><span class=\"text\">+ 20\u20ac pour enl\u00e8vement et livraison \u00e0 domicile<\/span><\/div>\n\n<a class=\"button primary is-small\"  style=\"border-radius:99px;\">\n    <span>contact<\/span>\n  <\/a>\n\n\n\n    <\/div>\n      <\/div>\n<\/div>\n\n\n\n\t\t<\/div>\n\t\t\t\t\t<\/div>\n\n\t\n\n\t<div id=\"col-661707753\" class=\"col medium-2 large-2\"  >\n\t\t\t\t<div class=\"col-inner\"  >\n\t\t\t\n\t\t\t\n\n<div class=\"pricing-table-wrapper\">\n  <div class=\"pricing-table ux_price_table text-center box-shadow-1 box-shadow-3-hover\"style=\"background-color:rgb(234, 234, 234);\">\n    <div class=\"pricing-table-header\">\n      <div class=\"title uppercase strong\">Mini Mal<\/div>\n      <div class=\"price is-xxlarge\">18\u20ac<\/div>\n              <div class=\"description is-small\">\n          par mois        <\/div>\n          <\/div>\n    <div class=\"pricing-table-items items\">\n      \n\n<div class=\"bullet-item\" title=\"\"><span class=\"text\">+ 20\u20ac pour enl\u00e8vement et livraison \u00e0 domicile<\/span><\/div>\n\n<a class=\"button primary is-small\"  style=\"border-radius:99px;\">\n    <span>contact<\/span>\n  <\/a>\n\n\n\n    <\/div>\n      <\/div>\n<\/div>\n\n\n\n\t\t<\/div>\n\t\t\t\t\t<\/div>\n\n\t\n\n\t<div id=\"col-1936464834\" class=\"col medium-2 large-2\"  >\n\t\t\t\t<div class=\"col-inner\"  >\n\t\t\t\n\t\t\t\n\n<div class=\"pricing-table-wrapper\">\n  <div class=\"pricing-table ux_price_table text-center box-shadow-1 box-shadow-3-hover\"style=\"background-color:rgb(234, 234, 234);\">\n    <div class=\"pricing-table-header\">\n      <div class=\"title uppercase strong\">Shortboard<\/div>\n      <div class=\"price is-xxlarge\">16\u20ac<\/div>\n              <div class=\"description is-small\">\n          par mois        <\/div>\n          <\/div>\n    <div class=\"pricing-table-items items\">\n      \n\n<div class=\"bullet-item\" title=\"\"><span class=\"text\">+ 20\u20ac pour enl\u00e8vement et livraison \u00e0 domicile<\/span><\/div>\n\n<a class=\"button primary is-small\"  style=\"border-radius:99px;\">\n    <span>contact<\/span>\n  <\/a>\n\n\n\n    <\/div>\n      <\/div>\n<\/div>\n\n\n\n\t\t<\/div>\n\t\t\t\t\t<\/div>\n\n\t\n\n<\/div>\n\n  <div class=\"banner has-hover\" id=\"banner-1412244248\">\n          <div class=\"banner-inner fill\">\n        <div class=\"banner-bg fill\" >\n            <div class=\"bg fill bg-fill \"><\/div>\n                        <div class=\"overlay\"><\/div>            \n                    <\/div>\n\t\t\n        <div class=\"banner-layers container\">\n            <div class=\"fill banner-link\"><\/div>            \n\n   <div id=\"text-box-1060786064\" class=\"text-box banner-layer x95 md-x95 lg-x95 y50 md-y50 lg-y50 res-text\">\n                                <div class=\"text-box-content text box-shadow-3\">\n              \n              <div class=\"text-inner text-center\">\n                  \n\n<h4>Plusieurs planches \u00e0 stocker?\u00a0 \u00a0 Une demande particuli\u00e8re?<\/h4>\n<p>Envoyez nous votre requ\u00eate par email en cliquant sur le bouton ci dessous.<\/p>\n<a href=\"mailto:contact@martysurfdelivery.com\" target=\"_self\" class=\"button primary is-outline\"  >\n    <span>demande de devis<\/span>\n  <\/a>\n\n\n\n              <\/div>\n           <\/div>\n                            \n<style>\n#text-box-1060786064 .text-box-content {\n  background-color: rgba(255, 255, 255, 0.86);\n  font-size: 100%;\n}\n#text-box-1060786064 .text-inner {\n  padding: 30px 30px 30px 30px;\n}\n#text-box-1060786064 {\n  width: 60%;\n}\n@media (min-width:550px) {\n  #text-box-1060786064 {\n    width: 40%;\n  }\n}\n<\/style>\n    <\/div>\n \n\n        <\/div>\n      <\/div>\n\n            \n<style>\n#banner-1412244248 {\n  padding-top: 500px;\n}\n#banner-1412244248 .bg.bg-loaded {\n  background-image: url(https:\/\/msd.jeremybornerand.fr\/wp-content\/uploads\/2023\/10\/surf-storage-biarritz-1066x800.jpg);\n}\n#banner-1412244248 .overlay {\n  background-color: rgba(0, 0, 0, 0.2);\n}\n<\/style>\n  <\/div>\n\n\n\n","protected":false},"excerpt":{"rendered":"","protected":false},"author":1,"featured_media":31,"parent":115,"menu_order":23,"comment_status":"closed","ping_status":"closed","template":"page-transparent-header.php","meta":{"_seopress_robots_primary_cat":"","footnotes":""},"class_list":["post-63","page","type-page","status-publish","has-post-thumbnail","hentry"],"acf":[],"jetpack_sharing_enabled":true,"_links":{"self":[{"href":"https:\/\/msd.jeremybornerand.fr\/fr\/wp-json\/wp\/v2\/pages\/63","targetHints":{"allow":["GET"]}}],"collection":[{"href":"https:\/\/msd.jeremybornerand.fr\/fr\/wp-json\/wp\/v2\/pages"}],"about":[{"href":"https:\/\/msd.jeremybornerand.fr\/fr\/wp-json\/wp\/v2\/types\/page"}],"author":[{"embeddable":true,"href":"https:\/\/msd.jeremybornerand.fr\/fr\/wp-json\/wp\/v2\/users\/1"}],"replies":[{"embeddable":true,"href":"https:\/\/msd.jeremybornerand.fr\/fr\/wp-json\/wp\/v2\/comments?post=63"}],"version-history":[{"count":9,"href":"https:\/\/msd.jeremybornerand.fr\/fr\/wp-json\/wp\/v2\/pages\/63\/revisions"}],"predecessor-version":[{"id":1490,"href":"https:\/\/msd.jeremybornerand.fr\/fr\/wp-json\/wp\/v2\/pages\/63\/revisions\/1490"}],"up":[{"embeddable":true,"href":"https:\/\/msd.jeremybornerand.fr\/fr\/wp-json\/wp\/v2\/pages\/115"}],"wp:featuredmedia":[{"embeddable":true,"href":"https:\/\/msd.jeremybornerand.fr\/fr\/wp-json\/wp\/v2\/media\/31"}],"wp:attachment":[{"href":"https:\/\/msd.jeremybornerand.fr\/fr\/wp-json\/wp\/v2\/media?parent=63"}],"curies":[{"name":"wp","href":"https:\/\/api.w.org\/{rel}","templated":true}]}}