{"id":69,"date":"2016-03-31T14:08:39","date_gmt":"2016-03-31T14:08:39","guid":{"rendered":"http:\/\/flatsome.dev\/?page_id=6999"},"modified":"2025-06-27T15:43:49","modified_gmt":"2025-06-27T13:43:49","slug":"pages","status":"publish","type":"page","link":"https:\/\/msd.jeremybornerand.fr\/fr\/elements\/pages\/","title":{"rendered":"Surf guide"},"content":{"rendered":"\n<div class=\"slider-wrapper relative\" id=\"slider-1732337890\" >\n    <div class=\"slider slider-nav-circle slider-nav-large slider-nav-light slider-style-normal\"\n        data-flickity-options='{\n            \"cellAlign\": \"center\",\n            \"imagesLoaded\": true,\n            \"lazyLoad\": 1,\n            \"freeScroll\": false,\n            \"wrapAround\": true,\n            \"autoPlay\": 6000,\n            \"pauseAutoPlayOnHover\" : true,\n            \"prevNextButtons\": true,\n            \"contain\" : true,\n            \"adaptiveHeight\" : true,\n            \"dragThreshold\" : 10,\n            \"percentPosition\": true,\n            \"pageDots\": true,\n            \"rightToLeft\": false,\n            \"draggable\": true,\n            \"selectedAttraction\": 0.1,\n            \"parallax\" : 0,\n            \"friction\": 0.6        }'\n        >\n        \n\n\n  <div class=\"banner has-hover\" id=\"banner-587107707\">\n          <div class=\"banner-inner fill\">\n        <div class=\"banner-bg fill\" >\n            <div class=\"bg fill bg-fill \"><\/div>\n                        <div class=\"overlay\"><\/div>            \n                    <\/div>\n\t\t\n        <div class=\"banner-layers container\">\n            <div class=\"fill banner-link\"><\/div>            \n\n   <div id=\"text-box-1115066745\" class=\"text-box banner-layer x80 md-x80 lg-x80 y50 md-y50 lg-y50 res-text\">\n                                <div class=\"text-box-content text dark\">\n              \n              <div class=\"text-inner text-center\">\n                  \n\n\t<div id=\"text-3222087714\" class=\"text\">\n\t\t\n\n<h4>profitez de toute l&#8217;experience et les conseils d&#8217;un surfeur local<\/h4>\n\t\t\n<style>\n#text-3222087714 {\n  font-size: 0.75rem;\n}\n<\/style>\n\t<\/div>\n\t\n<a class=\"button white is-outline\"  >\n    <span>Reservez<\/span>\n  <\/a>\n\n\n\n              <\/div>\n           <\/div>\n                            \n<style>\n#text-box-1115066745 {\n  width: 60%;\n}\n#text-box-1115066745 .text-box-content {\n  font-size: 100%;\n}\n@media (min-width:550px) {\n  #text-box-1115066745 {\n    width: 0%;\n  }\n}\n<\/style>\n    <\/div>\n \n   <div id=\"text-box-585528611\" class=\"text-box banner-layer x100 md-x100 lg-x100 y25 md-y25 lg-y25 res-text\">\n                                <div class=\"text-box-content text dark\">\n              \n              <div class=\"text-inner text-center\">\n                  \n\n\t<div id=\"text-3451544219\" class=\"text\">\n\t\t\n\n<h1>DECOUVREZ LES SPOTS DE LA COTE BASQUE<\/h1>\n\t\t\n<style>\n#text-3451544219 {\n  font-size: 0.75rem;\n}\n<\/style>\n\t<\/div>\n\t\n\n              <\/div>\n           <\/div>\n                            \n<style>\n#text-box-585528611 {\n  width: 60%;\n}\n#text-box-585528611 .text-box-content {\n  font-size: 100%;\n}\n<\/style>\n    <\/div>\n \n\n        <\/div>\n      <\/div>\n\n            \n<style>\n#banner-587107707 {\n  padding-top: 500px;\n}\n#banner-587107707 .bg.bg-loaded {\n  background-image: url(https:\/\/msd.jeremybornerand.fr\/wp-content\/uploads\/2023\/09\/Martysurfdelivery-surf-guide-biarritz-1067x800.jpg);\n}\n#banner-587107707 .overlay {\n  background-color: rgba(255, 255, 255, 0);\n}\n<\/style>\n  <\/div>\n\n\n\n  <div class=\"banner has-hover\" id=\"banner-1234076752\">\n          <div class=\"banner-inner fill\">\n        <div class=\"banner-bg fill\" >\n            <div class=\"bg fill bg-fill \"><\/div>\n                        <div class=\"overlay\"><\/div>            \n                    <\/div>\n\t\t\n        <div class=\"banner-layers container\">\n            <div class=\"fill banner-link\"><\/div>            \n\n   <div id=\"text-box-1994963673\" class=\"text-box banner-layer x5 md-x5 lg-x5 y70 md-y70 lg-y70 res-text\">\n                                <div class=\"text-box-content text dark\">\n              \n              <div class=\"text-inner text-center\">\n                  \n\n\t<div id=\"text-761513566\" class=\"text\">\n\t\t\n\n<h1 class=\"uppercase\">Suivez le guide<\/h1>\n<h4>Profitez de l&#8217;experience de Marty pour aller surfer les meilleurs vagues de la region.&nbsp;<\/h4>\n\t\t\n<style>\n#text-761513566 {\n  font-size: 0.75rem;\n}\n<\/style>\n\t<\/div>\n\t\n<a class=\"button white is-outline\"  >\n    <span>reservez<\/span>\n  <\/a>\n\n\n\n              <\/div>\n           <\/div>\n                            \n<style>\n#text-box-1994963673 {\n  width: 60%;\n}\n#text-box-1994963673 .text-box-content {\n  font-size: 100%;\n}\n@media (min-width:550px) {\n  #text-box-1994963673 {\n    width: 40%;\n  }\n}\n<\/style>\n    <\/div>\n \n\n        <\/div>\n      <\/div>\n\n            \n<style>\n#banner-1234076752 {\n  padding-top: 500px;\n}\n#banner-1234076752 .bg.bg-loaded {\n  background-image: url(https:\/\/msd.jeremybornerand.fr\/wp-content\/uploads\/2023\/09\/landes-1.png);\n}\n#banner-1234076752 .overlay {\n  background-color: rgba(0, 0, 0, 0.31);\n}\n<\/style>\n  <\/div>\n\n\n\n  <div class=\"banner has-hover\" id=\"banner-2097426221\">\n          <div class=\"banner-inner fill\">\n        <div class=\"banner-bg fill\" >\n            <div class=\"bg fill bg-fill \"><\/div>\n                        <div class=\"overlay\"><\/div>            \n                    <\/div>\n\t\t\n        <div class=\"banner-layers container\">\n            <div class=\"fill banner-link\"><\/div>            \n\n   <div id=\"text-box-1757971930\" class=\"text-box banner-layer x90 md-x90 lg-x90 y60 md-y60 lg-y60 res-text\">\n                                <div class=\"text-box-content text dark\">\n              \n              <div class=\"text-inner text-center\">\n                  \n\n<a class=\"button white is-outline\"  >\n    <span>reservez<\/span>\n  <\/a>\n\n\n\n              <\/div>\n           <\/div>\n                            \n<style>\n#text-box-1757971930 {\n  width: 31%;\n}\n#text-box-1757971930 .text-box-content {\n  font-size: 100%;\n}\n<\/style>\n    <\/div>\n \n   <div id=\"text-box-392769812\" class=\"text-box banner-layer x100 md-x100 lg-x100 y25 md-y25 lg-y25 res-text\">\n                                <div class=\"text-box-content text dark\">\n              \n              <div class=\"text-inner text-center\">\n                  \n\n\t<div id=\"text-738602367\" class=\"text\">\n\t\t\n\n<h1>PARTAGE UNE SESSION<\/h1>\n\t\t\n<style>\n#text-738602367 {\n  font-size: 0.75rem;\n}\n<\/style>\n\t<\/div>\n\t\n\t<div id=\"text-2201378041\" class=\"text\">\n\t\t\n\n<h4>vie une journee comme un vrai local&nbsp;<\/h4>\n\t\t\n<style>\n#text-2201378041 {\n  font-size: 0.75rem;\n}\n<\/style>\n\t<\/div>\n\t\n\n              <\/div>\n           <\/div>\n                            \n<style>\n#text-box-392769812 {\n  width: 53%;\n}\n#text-box-392769812 .text-box-content {\n  font-size: 100%;\n}\n<\/style>\n    <\/div>\n \n\n        <\/div>\n      <\/div>\n\n            \n<style>\n#banner-2097426221 {\n  padding-top: 500px;\n}\n#banner-2097426221 .bg.bg-loaded {\n  background-image: url(https:\/\/msd.jeremybornerand.fr\/wp-content\/uploads\/2023\/10\/surf-surfing-guide-explore-basque-country-landes-private-lesson-biarritz-hossegor-tripadvisor-copie-2048x1536.jpg);\n}\n#banner-2097426221 .overlay {\n  background-color: rgba(0, 0, 0, 0.17);\n}\n<\/style>\n  <\/div>\n\n\n\n     <\/div>\n\n     <div class=\"loading-spin dark large centered\"><\/div>\n\n\t<\/div>\n\n\n\t<section class=\"section\" id=\"section_1784183173\">\n\t\t<div class=\"bg section-bg fill bg-fill  bg-loaded\" >\n\n\t\t\t\n\t\t\t\n\t\t\t\n\n\t\t<\/div>\n\n\t\t\n\n\t\t<div class=\"section-content relative\">\n\t\t\t\n\n<div class=\"row align-center\"  id=\"row-843185039\">\n\n\n\t<div id=\"col-117039506\" class=\"col medium-10 small-12 large-10\"  >\n\t\t\t\t<div class=\"col-inner text-center\"  >\n\t\t\t\n\t\t\t\n\n<div class=\"elementor-widget elementor-element elementor-element-ztufcgv elementor-widget-heading\" data-element_type=\"heading.default\">\n<div class=\"elementor-widget-container\">\n<h3 class=\"elementor-heading-title elementor-size-large\">MARTY, SURF GUIDE<\/h3>\n<\/div>\n<\/div>\n<div class=\"elementor-widget elementor-element elementor-element-efqsold elementor-widget-text-editor\" data-element_type=\"text-editor.default\">\n<div class=\"elementor-widget-container\">\n<div class=\"elementor-text-editor elementor-clearfix rte-content\">\n<p>partez \u00e0 la d\u00e9couverte des spots de surf de la c\u00f4te basque accompagn\u00e9 par un surfeur local. Marty vous informera sur les meilleurs vagues de la r\u00e9gion en fonction des mar\u00e9es, de la houle et du vent. Vous ne raterez plus une bonne session sur la C\u00f4te.<\/p>\n<\/div>\n<\/div>\n<\/div>\n\n\t\t<\/div>\n\t\t\t\t\t<\/div>\n\n\t\n\n<\/div>\n<div class=\"row\"  id=\"row-1719711127\">\n\n\n\t<div id=\"col-508741583\" class=\"col medium-6 small-12 large-6\"  >\n\t\t\t\t<div class=\"col-inner\"  >\n\t\t\t\n\t\t\t\n\n<h3><em><strong>SURFER \u00c0 BIARRITZ<\/strong><\/em><\/h3>\n<p>Le surf est n\u00e9e \u00e0 Biarritz en 1956 lorsque que le r\u00e9alisateur californien Peter Viertel d\u00e9barque sur la plage de la C\u00f4te des Basque avec sa planche de surf. Reconnue d\u00e8s lors comme le berceau du surf, Biarritz deviendra vite sa capitale en France; r\u00e9put\u00e9e pour sa vari\u00e9t\u00e9 de spots (beach break, reef break, point break) et pour sa culture.<\/p>\n<p>Surfer sur la C\u00f4te Basque demande une bonne connaissance des spots, de la houle, du vent et des mar\u00e9es; en effet, plusieurs ann\u00e9es d&#8217;experiences sont souvent n\u00e9cessaire afin d&#8217;en comprendre le fonctionnement.<\/p>\n<p>Marty vous propose de mettre son savoir et son exp\u00e9rience \u00e0 votre disposition afin que vous ne ratiez pas une bonne session de surf sur Biarritz et la C\u00f4te Basque.<\/p>\n\n\t\t<\/div>\n\t\t\t\t\t<\/div>\n\n\t\n\n\t<div id=\"col-1639971947\" class=\"col medium-6 small-12 large-6\"  >\n\t\t\t\t<div class=\"col-inner\"  >\n\t\t\t\n\t\t\t\n\n\t<div class=\"img has-hover x md-x lg-x y md-y lg-y\" id=\"image_587613\">\n\t\t\t\t\t\t\t\t<div class=\"img-inner dark\" >\n\t\t\t<img loading=\"lazy\" decoding=\"async\" width=\"1020\" height=\"680\" src=\"https:\/\/msd.jeremybornerand.fr\/wp-content\/uploads\/2023\/10\/marty-surf-delivery-home-surfboard-surf-rental-biarritz-bidart-anglet.jpg\" class=\"attachment-large size-large\" alt=\"\" srcset=\"https:\/\/msd.jeremybornerand.fr\/wp-content\/uploads\/2023\/10\/marty-surf-delivery-home-surfboard-surf-rental-biarritz-bidart-anglet.jpg 1200w, https:\/\/msd.jeremybornerand.fr\/wp-content\/uploads\/2023\/10\/marty-surf-delivery-home-surfboard-surf-rental-biarritz-bidart-anglet-600x400.jpg 600w, https:\/\/msd.jeremybornerand.fr\/wp-content\/uploads\/2023\/10\/marty-surf-delivery-home-surfboard-surf-rental-biarritz-bidart-anglet-768x512.jpg 768w\" sizes=\"auto, (max-width: 1020px) 100vw, 1020px\" \/>\t\t\t\t\t\t\n\t\t\t\t\t<\/div>\n\t\t\t\t\t\t\t\t\n<style>\n#image_587613 {\n  width: 100%;\n}\n<\/style>\n\t<\/div>\n\t\n\n\n\t\t<\/div>\n\t\t\t\t\t<\/div>\n\n\t\n\n<\/div>\n<div class=\"row\"  id=\"row-1157693425\">\n\n\n\t<div id=\"col-406368718\" class=\"col medium-4 small-12 large-4\"  >\n\t\t\t\t<div class=\"col-inner\"  >\n\t\t\t\n\t\t\t\n\n\t<div class=\"img has-hover x md-x lg-x y md-y lg-y\" id=\"image_1683350087\">\n\t\t\t\t\t\t\t\t<div class=\"img-inner dark\" >\n\t\t\t<img loading=\"lazy\" decoding=\"async\" width=\"833\" height=\"800\" src=\"https:\/\/msd.jeremybornerand.fr\/wp-content\/uploads\/2023\/10\/Marty-your-local-surf-guide-in-Biarritz-833x800.jpg\" class=\"attachment-large size-large\" alt=\"\" srcset=\"https:\/\/msd.jeremybornerand.fr\/wp-content\/uploads\/2023\/10\/Marty-your-local-surf-guide-in-Biarritz-833x800.jpg 833w, https:\/\/msd.jeremybornerand.fr\/wp-content\/uploads\/2023\/10\/Marty-your-local-surf-guide-in-Biarritz-416x400.jpg 416w, https:\/\/msd.jeremybornerand.fr\/wp-content\/uploads\/2023\/10\/Marty-your-local-surf-guide-in-Biarritz-768x738.jpg 768w, https:\/\/msd.jeremybornerand.fr\/wp-content\/uploads\/2023\/10\/Marty-your-local-surf-guide-in-Biarritz-600x576.jpg 600w, https:\/\/msd.jeremybornerand.fr\/wp-content\/uploads\/2023\/10\/Marty-your-local-surf-guide-in-Biarritz.jpg 1066w\" sizes=\"auto, (max-width: 833px) 100vw, 833px\" \/>\t\t\t\t\t\t\n\t\t\t\t\t<\/div>\n\t\t\t\t\t\t\t\t\n<style>\n#image_1683350087 {\n  width: 100%;\n}\n<\/style>\n\t<\/div>\n\t\n\n\n\t\t<\/div>\n\t\t\t\t\t<\/div>\n\n\t\n\n\t<div id=\"col-1736920580\" class=\"col medium-8 small-12 large-8\"  >\n\t\t\t\t<div class=\"col-inner\"  >\n\t\t\t\n\t\t\t\n\n<h3><strong><em>QUE COMPREND LE SURF GUIDE?<\/em><\/strong><\/h3>\n<p>Avant de planifier la journ\u00e9e, vous pourrez discuter par texte ou e-mail avec Marty de vos attentes pour votre session de surf, votre niveau de surf? quelle type de vague vous pr\u00e9f\u00e9rez? quelle planche de surf?&nbsp;<\/p>\n<p>Une fois toutes ces questions vu ensemble, Marty vous proposera une date et une heure de rendez-vous. Le Jour J, il passera vous r\u00e9cup\u00e9rer \u00e0 votre hotel, Airbnb ou location, vous irez ensuite checker diff\u00e9rents spots ou Marty vous expliquera leurs fonctionnement.&nbsp;<\/p>\n<p>Une fois le spot d\u00e9cid\u00e9 ensemble, vous irez surfer pendant 1h30.<\/p>\n<p>Sur le chemin du retour, Marty en profitera pour vous donner ses bons plans pour les restaurants, les bars et les choses \u00e0 faire lorsqu&#8217;il n&#8217;y a pas de vagues. Vous pourrez m\u00eame choisir de manger dans un petit restaurant local (formule surf+d\u00e9jeuner)<\/p>\n<p>Apr\u00e8s cela, les spots de surf de la C\u00f4te Basco-Landaise n&#8217;auront plus de secret pour vous et vous aurez toutes les cartes en main pour pouvoir surfer seul ou avec vos potes lors de votre prochain s\u00e9jour sur Biarritz.<\/p>\n\n\t\t<\/div>\n\t\t\t\t\t<\/div>\n\n\t\n\n<\/div>\n<div class=\"row\"  id=\"row-503840302\">\n\n\n\t<div id=\"col-476988177\" class=\"col medium-6 small-12 large-6\"  >\n\t\t\t\t<div class=\"col-inner\"  >\n\t\t\t\n\t\t\t\n\n<div class=\"pricing-table-wrapper\">\n  <div class=\"pricing-table ux_price_table text-center box-shadow-3-hover\">\n    <div class=\"pricing-table-header\">\n      <div class=\"title uppercase strong\">Surf guide \/\/ demi journ\u00e9e<\/div>\n      <div class=\"price is-xxlarge\">300 \u20ac<\/div>\n          <\/div>\n    <div class=\"pricing-table-items items\">\n      \n\n<p>pick up sur votre lieu de residence<\/p>\n<p>choix du materiel au Surf Shop<\/p>\n<p>checking des spots de surf + cafe<\/p>\n<p>session surf (1h30 en moyenne)<\/p>\n<p>drop off sur votre lieu de residence<\/p>\n<a class=\"button primary\"  >\n    <span>reservez<\/span>\n  <\/a>\n\n\n\n    <\/div>\n      <\/div>\n<\/div>\n\n\n\n\t\t<\/div>\n\t\t\t\t\t<\/div>\n\n\t\n\n\t<div id=\"col-126687695\" class=\"col medium-6 small-12 large-6\"  >\n\t\t\t\t<div class=\"col-inner\"  >\n\t\t\t\n\t\t\t\n\n<div class=\"pricing-table-wrapper\">\n  <div class=\"pricing-table ux_price_table text-center box-shadow-3-hover\">\n    <div class=\"pricing-table-header\">\n      <div class=\"title uppercase strong\">Surf guide \/\/ journ\u00e9e<\/div>\n      <div class=\"price is-xxlarge\">500 \u20ac<\/div>\n          <\/div>\n    <div class=\"pricing-table-items items\">\n      \n\n<p>pick up sur votre lieu de residence<\/p>\n<p>choix du materiel au Surf Shop<\/p>\n<p>checking des spots de surf + cafe<\/p>\n<p>session surf (1h30 en moyenne)<\/p>\n<p>repas dans un resto local (non inclus)<\/p>\n<p>session surf (1h30 en moyenne)<\/p>\n<p>drop off sur votre lieu de residence<\/p>\n<a class=\"button primary\"  >\n    <span>reservez<\/span>\n  <\/a>\n\n\n\n    <\/div>\n      <\/div>\n<\/div>\n\n\n\n\t\t<\/div>\n\t\t\t\t\t<\/div>\n\n\t\n\n<\/div>\n\n\t\t<\/div>\n\n\t\t\n<style>\n#section_1784183173 {\n  padding-top: 60px;\n  padding-bottom: 60px;\n  min-height: 300px;\n  background-color: rgb(245, 245, 245);\n}\n<\/style>\n\t<\/section>\n\t\n\t<div id=\"text-1032604427\" class=\"text\">\n\t\t\n\n<h2><em>ILS ONT SURF\u00c9 AVEC NOUS<\/em><\/h2>\n\t\t\n<style>\n#text-1032604427 {\n  text-align: center;\n}\n<\/style>\n\t<\/div>\n\t\n<div class=\"row\"  id=\"row-2059539092\">\n\n\n\t<div id=\"col-1390579689\" class=\"col medium-4 small-12 large-4\"  >\n\t\t\t\t<div class=\"col-inner\"  >\n\t\t\t\n\t\t\t\n\n  <div class=\"icon-box testimonial-box icon-box-center text-center\">\n                <div class=\"icon-box-img testimonial-image circle\" style=\"width: 121px\">\n                      <\/div>\n                <div class=\"icon-box-text p-last-0\">\n          <div class=\"star-rating\"><span style=\"width:100%\"><strong class=\"rating\"><\/strong><\/span><\/div>  \t\t\t\t<div class=\"testimonial-text line-height-small italic test_text first-reset last-reset is-italic\">\n            \n\n<p>En vacances avec ma famille sur la C\u00f4te Basque, je n&#8217;avais pas pris ma planche car pas pr\u00e9vu de surfer (vacances en famille&#8230;). 3 jours apr\u00e8s notre arriv\u00e9e, je vois de super forecast sur internet et je trouve les services de Marty surf internet. Il passe me prendre chez moi avec planche et combi, on check quelques spots et on se met \u00e0 l&#8217;eau. Apr\u00e8s 2h de super vagues, on s&#8217;arr\u00eate manger un bout sur le retour et il me d\u00e9pose chez moi. Merci Marty de m&#8217;avoir permis de surfer vos vagues, c&#8217;\u00e9tait inesp\u00e9r\u00e9.<\/p>\n\n          <\/div>\n          <div class=\"testimonial-meta pt-half\">\n             <strong class=\"testimonial-name test_name\">Patrick C.<\/strong>\n             <span class=\"testimonial-name-divider\"> \/ <\/span>             <span class=\"testimonial-company test_company\">Facebook<\/span>\n          <\/div>\n        <\/div>\n  <\/div>\n\n  \n\n\t\t<\/div>\n\t\t\t\t\t<\/div>\n\n\t\n\n\t<div id=\"col-1454230720\" class=\"col medium-4 small-12 large-4\"  >\n\t\t\t\t<div class=\"col-inner\"  >\n\t\t\t\n\t\t\t\n\n  <div class=\"icon-box testimonial-box icon-box-center text-center\">\n                <div class=\"icon-box-img testimonial-image circle\" style=\"width: 121px\">\n                      <\/div>\n                <div class=\"icon-box-text p-last-0\">\n          <div class=\"star-rating\"><span style=\"width:100%\"><strong class=\"rating\"><\/strong><\/span><\/div>  \t\t\t\t<div class=\"testimonial-text line-height-small italic test_text first-reset last-reset is-italic\">\n            \n\n<div class=\"e-box h-p2 -stacked -radius-none\">\n<p class=\"t-body h-my1\">Breton d&#8217;origine, c&#8217;\u00e9tait le 1er surf pour moi sur la C\u00f4te Basque. Ne connaissant pas du tout la r\u00e9gion et revenant de blessure, j&#8217;ai pr\u00e9f\u00e9r\u00e9 faire appel au service de Marty. Apr\u00e8s avoir discuter avec lui sur what&#8217;s app, sur mon niveau, les vagues que j&#8217;aime surfer, etc, Marty me r\u00e9cup\u00e8re chez moi t\u00f4t le matin direction un spot de repli vers Saint Jean de Luz. Des vagues au top et une session confortable et rassurante avec Marty pour me guider. Je recommande vivement ! A plus<\/p>\n<\/div>\n\n          <\/div>\n          <div class=\"testimonial-meta pt-half\">\n             <strong class=\"testimonial-name test_name\">Erwann B.<\/strong>\n             <span class=\"testimonial-name-divider\"> \/ <\/span>             <span class=\"testimonial-company test_company\">Google<\/span>\n          <\/div>\n        <\/div>\n  <\/div>\n\n  \n\n\t\t<\/div>\n\t\t\t\t\t<\/div>\n\n\t\n\n\t<div id=\"col-624287087\" class=\"col medium-4 small-12 large-4\"  >\n\t\t\t\t<div class=\"col-inner\"  >\n\t\t\t\n\t\t\t\n\n  <div class=\"icon-box testimonial-box icon-box-center text-center\">\n                <div class=\"icon-box-img testimonial-image circle\" style=\"width: 121px\">\n                      <\/div>\n                <div class=\"icon-box-text p-last-0\">\n          <div class=\"star-rating\"><span style=\"width:100%\"><strong class=\"rating\"><\/strong><\/span><\/div>  \t\t\t\t<div class=\"testimonial-text line-height-small italic test_text first-reset last-reset is-italic\">\n            \n\n<p>J&#8217;ai contact\u00e9 Marty par mail quelques mois \u00e0 l&#8217;avance car je planifiais un surf trip vers Hossegor dans les Landes et je recherchais un guide de surf. Une fois sur place, Marty m&#8217;a appel\u00e9 pour voir ensemble les conditions de surf de la semaine et le meilleur moment pour aller surfer ensemble. C&#8217;\u00e9tait gros toute la semaine, et n&#8217;\u00e9tant pas un pro, je ne savais pas trop ou aller. Marty m&#8217;a donn\u00e9 rendez vous \u00e0 la sud &#8211; Hossegor. Pas mal de courant mais de belles vagues dans le tas et je sais maintenant ou surfer quand les vagues sont grosses. Merci beaucoup.<\/p>\n\n          <\/div>\n          <div class=\"testimonial-meta pt-half\">\n             <strong class=\"testimonial-name test_name\">John F.<\/strong>\n             <span class=\"testimonial-name-divider\"> \/ <\/span>             <span class=\"testimonial-company test_company\">TripAdvisor<\/span>\n          <\/div>\n        <\/div>\n  <\/div>\n\n  \n\n\t\t<\/div>\n\t\t\t\t\t<\/div>\n\n\t\n\n<\/div>\n\n\n\n<p><\/p>\n","protected":false},"excerpt":{"rendered":"","protected":false},"author":1,"featured_media":31,"parent":115,"menu_order":66,"comment_status":"closed","ping_status":"closed","template":"page-transparent-header.php","meta":{"_seopress_robots_primary_cat":"","footnotes":""},"class_list":["post-69","page","type-page","status-publish","has-post-thumbnail","hentry"],"acf":[],"jetpack_sharing_enabled":true,"_links":{"self":[{"href":"https:\/\/msd.jeremybornerand.fr\/fr\/wp-json\/wp\/v2\/pages\/69","targetHints":{"allow":["GET"]}}],"collection":[{"href":"https:\/\/msd.jeremybornerand.fr\/fr\/wp-json\/wp\/v2\/pages"}],"about":[{"href":"https:\/\/msd.jeremybornerand.fr\/fr\/wp-json\/wp\/v2\/types\/page"}],"author":[{"embeddable":true,"href":"https:\/\/msd.jeremybornerand.fr\/fr\/wp-json\/wp\/v2\/users\/1"}],"replies":[{"embeddable":true,"href":"https:\/\/msd.jeremybornerand.fr\/fr\/wp-json\/wp\/v2\/comments?post=69"}],"version-history":[{"count":12,"href":"https:\/\/msd.jeremybornerand.fr\/fr\/wp-json\/wp\/v2\/pages\/69\/revisions"}],"predecessor-version":[{"id":1764,"href":"https:\/\/msd.jeremybornerand.fr\/fr\/wp-json\/wp\/v2\/pages\/69\/revisions\/1764"}],"up":[{"embeddable":true,"href":"https:\/\/msd.jeremybornerand.fr\/fr\/wp-json\/wp\/v2\/pages\/115"}],"wp:featuredmedia":[{"embeddable":true,"href":"https:\/\/msd.jeremybornerand.fr\/fr\/wp-json\/wp\/v2\/media\/31"}],"wp:attachment":[{"href":"https:\/\/msd.jeremybornerand.fr\/fr\/wp-json\/wp\/v2\/media?parent=69"}],"curies":[{"name":"wp","href":"https:\/\/api.w.org\/{rel}","templated":true}]}}