{"id":1004,"date":"2023-09-26T21:06:25","date_gmt":"2023-09-26T19:06:25","guid":{"rendered":"https:\/\/dev.martysurfdelivery.com\/?post_type=product&#038;p=1004"},"modified":"2023-09-27T10:34:38","modified_gmt":"2023-09-27T08:34:38","slug":"firewire-moonbeam-58","status":"publish","type":"product","link":"https:\/\/msd.jeremybornerand.fr\/fr\/shop\/planches-performance\/firewire-moonbeam-58\/","title":{"rendered":"FIREWIRE-MOONBEAM-5&#8217;8"},"content":{"rendered":"<p style=\"font-weight: 400;\">Location de planche de surf\u00a0<b><strong>Firewire<\/strong><\/b>\u00a0Moonbeam 5&#8217;8 sur Biarritz, Anglet et Bidart.<\/p>\n<p style=\"font-weight: 400;\">Marty Surf Delivery propose un service de location de planches de surf pour d\u00e9butants ou confirm\u00e9s et vous livre \u00e0 domicile tout le mat\u00e9riel de surf (<a href=\"https:\/\/www.martysurfdelivery.com\/fr\/quiver-surf\/planches-performance\/\">shortboard<\/a>,\u00a0<a href=\"https:\/\/www.martysurfdelivery.com\/fr\/quiver-surf\/planches-longboard\/\">longboard<\/a>,\u00a0<a href=\"https:\/\/www.martysurfdelivery.com\/fr\/quiver-surf\/combinaisons\/\">combinaison<\/a>) dont vous avez besoin de Biarritz \u00e0 Saint Jean de Luz \/ Gu\u00e9thary.<\/p>\n<p style=\"font-weight: 400;\">Ne ratez plus une bonne session de surf sur Biarritz et la C\u00f4te Basque en profitant de notre service personnalis\u00e9 de\u00a0<a href=\"https:\/\/www.martysurfdelivery.com\/fr\/guide-surf-biarritz-cote-basque\/\">guide Surf<\/a>.<\/p>\n<p style=\"font-weight: 400;\">Description produit<\/p>\n<p style=\"font-weight: 400;\">Rob Machado a con\u00e7u cette planche pour les vagues petites et\/ou molles. Avec son nose large et agr\u00e9able, vous partirez et prendrez de la vitesse facilement sur les petites vagues.\u00a0 Le rocker \u00e0 queue haute, offre de la r\u00e9activit\u00e9.<\/p>\n<p style=\"font-weight: 400;\">Rob nous dit : &#8220;Le Moonbeam est con\u00e7u pour aller vite et s&#8217;amuser&#8221;.<\/p>\n<p style=\"font-weight: 400;\">Une planche parfaite pour les surfeurs exp\u00e9riment\u00e9s voulant prendre de la vitesse et faire des man\u0153uvres dans les petites vagues, mais aussi une planche offrant du plaisir et des premi\u00e8res man\u0153uvres aux surfeurs interm\u00e9diaires pendant la saison estivale.<\/p>\n","protected":false},"excerpt":{"rendered":"<ul style=\"font-weight: 400;\">\n<li>marque: <strong>FIREWIRE\u00a0<\/strong><\/li>\n<li>mod\u00e8le: <strong>Moonbeam<\/strong><\/li>\n<li>dimensions:\u00a0<strong>5&#8242; 8&#8243;x19 \u2018 5\/16&#215;2 \u2018 5\/16 &#8211; 29.9L<\/strong><\/li>\n<li>d\u00e9rives: <strong>Future<\/strong><\/li>\n<li>rails <strong>50\/50<\/strong><\/li>\n<li>construction: <strong>epoxy<\/strong><\/li>\n<li><strong>leash, d\u00e9rives, boardbag inclus<\/strong><\/li>\n<\/ul>\n","protected":false},"featured_media":1007,"comment_status":"open","ping_status":"closed","template":"","meta":{"_seopress_robots_primary_cat":"none","jetpack_publicize_message":"","jetpack_publicize_feature_enabled":true,"jetpack_social_post_already_shared":false,"jetpack_social_options":{"image_generator_settings":{"template":"highway","default_image_id":0,"font":"","enabled":false},"version":2}},"product_cat":[51],"product_tag":[],"class_list":["post-1004","product","type-product","status-publish","has-post-thumbnail","hentry","product_cat-planches-performance"],"acf":[],"jetpack_publicize_connections":[],"jetpack_sharing_enabled":true,"_links":{"self":[{"href":"https:\/\/msd.jeremybornerand.fr\/fr\/wp-json\/wp\/v2\/product\/1004","targetHints":{"allow":["GET"]}}],"collection":[{"href":"https:\/\/msd.jeremybornerand.fr\/fr\/wp-json\/wp\/v2\/product"}],"about":[{"href":"https:\/\/msd.jeremybornerand.fr\/fr\/wp-json\/wp\/v2\/types\/product"}],"replies":[{"embeddable":true,"href":"https:\/\/msd.jeremybornerand.fr\/fr\/wp-json\/wp\/v2\/comments?post=1004"}],"wp:featuredmedia":[{"embeddable":true,"href":"https:\/\/msd.jeremybornerand.fr\/fr\/wp-json\/wp\/v2\/media\/1007"}],"wp:attachment":[{"href":"https:\/\/msd.jeremybornerand.fr\/fr\/wp-json\/wp\/v2\/media?parent=1004"}],"wp:term":[{"taxonomy":"product_cat","embeddable":true,"href":"https:\/\/msd.jeremybornerand.fr\/fr\/wp-json\/wp\/v2\/product_cat?post=1004"},{"taxonomy":"product_tag","embeddable":true,"href":"https:\/\/msd.jeremybornerand.fr\/fr\/wp-json\/wp\/v2\/product_tag?post=1004"}],"curies":[{"name":"wp","href":"https:\/\/api.w.org\/{rel}","templated":true}]}}