{"id":1011,"date":"2023-09-26T21:08:01","date_gmt":"2023-09-26T19:08:01","guid":{"rendered":"https:\/\/dev.martysurfdelivery.com\/?post_type=product&#038;p=1011"},"modified":"2023-10-20T14:19:55","modified_gmt":"2023-10-20T12:19:55","slug":"firewire-no-brainer-60","status":"publish","type":"product","link":"https:\/\/msd.jeremybornerand.fr\/fr\/shop\/planches-performance\/firewire-no-brainer-60\/","title":{"rendered":"FIREWIRE-NO BRAINER 6&#8217;0"},"content":{"rendered":"<p style=\"font-weight: 400;\">Location de planche de surf\u00a0<b><strong>FIREWIRE<\/strong><\/b>\u00a0No Brainer 6&#8217;0 sur Biarritz, Anglet et Bidart.<\/p>\n<p style=\"font-weight: 400;\">Marty Surf Delivery propose un service de location de planches de surf pour d\u00e9butants ou confirm\u00e9s et vous livre \u00e0 domicile tout le mat\u00e9riel de surf (<a href=\"https:\/\/www.martysurfdelivery.com\/fr\/quiver-surf\/planches-performance\/\">shortboard<\/a>,\u00a0<a href=\"https:\/\/www.martysurfdelivery.com\/fr\/quiver-surf\/planches-longboard\/\">longboard<\/a>,\u00a0<a href=\"https:\/\/www.martysurfdelivery.com\/fr\/quiver-surf\/combinaisons\/\">combinaison<\/a>) dont vous avez besoin de Biarritz \u00e0 Saint Jean de Luz \/ Gu\u00e9thary.<\/p>\n<p style=\"font-weight: 400;\">Ne ratez plus une bonne session de surf sur Biarritz et la C\u00f4te Basque en profitant de notre service personnalis\u00e9 de\u00a0<a href=\"https:\/\/www.martysurfdelivery.com\/fr\/guide-surf-biarritz-cote-basque\/\">guide Surf<\/a>.<\/p>\n<p style=\"font-weight: 400;\">Description produit<\/p>\n<p style=\"font-weight: 400;\">Une planche cr\u00e9\u00e9e gr\u00e2ce \u00e0 la collaboration entre Kelly Slater et Dan Mann avec pour objectif une board facile, con\u00e7ue pour les petites \u00e0 moyennes conditions.<\/p>\n<p style=\"font-weight: 400;\">Son rocker, concave et V en spirale sur les 5 derniers pouces de la planche te permettront de prendre de la vitesse et des vagues facilement. Avec cette planche tu n&#8217;auras pas a r\u00e9fl\u00e9chir et juste \u00e0 profiter.<\/p>\n<p style=\"font-weight: 400;\">La board parfaite pour les petites \u00e0 moyennes conditions de notre r\u00e9gion en \u00e9t\u00e9.<\/p>\n<p style=\"font-weight: 400;\">Que tu sois un surfeur confirm\u00e9 ou interm\u00e9diaire tu t\u2019amuseras facilement avec cette planche.<\/p>\n","protected":false},"excerpt":{"rendered":"<ul>\n<li>brand:\u00a0<strong>FIREWIRE<\/strong><\/li>\n<li>model:\u00a0<strong>No Brainer<\/strong><\/li>\n<li>dimensions:\u00a0<strong>6&#8242; 0 x 20&#8242; 0 x 2&#8242; 13\/16&#8243; &#8211; 37 L<\/strong><\/li>\n<li>fins set up:\u00a0<strong>Future<\/strong><\/li>\n<li>rails <strong>50\/50<\/strong><\/li>\n<li>construction:\u00a0<strong>epoxy<\/strong><\/li>\n<li><strong>leash, fins, boardbag included<\/strong><\/li>\n<\/ul>\n","protected":false},"featured_media":1014,"comment_status":"open","ping_status":"closed","template":"","meta":{"_seopress_robots_primary_cat":"none","jetpack_publicize_message":"","jetpack_publicize_feature_enabled":true,"jetpack_social_post_already_shared":false,"jetpack_social_options":{"image_generator_settings":{"template":"highway","default_image_id":0,"font":"","enabled":false},"version":2}},"product_cat":[51],"product_tag":[],"class_list":["post-1011","product","type-product","status-publish","has-post-thumbnail","hentry","product_cat-planches-performance"],"acf":[],"jetpack_publicize_connections":[],"jetpack_sharing_enabled":true,"_links":{"self":[{"href":"https:\/\/msd.jeremybornerand.fr\/fr\/wp-json\/wp\/v2\/product\/1011","targetHints":{"allow":["GET"]}}],"collection":[{"href":"https:\/\/msd.jeremybornerand.fr\/fr\/wp-json\/wp\/v2\/product"}],"about":[{"href":"https:\/\/msd.jeremybornerand.fr\/fr\/wp-json\/wp\/v2\/types\/product"}],"replies":[{"embeddable":true,"href":"https:\/\/msd.jeremybornerand.fr\/fr\/wp-json\/wp\/v2\/comments?post=1011"}],"wp:featuredmedia":[{"embeddable":true,"href":"https:\/\/msd.jeremybornerand.fr\/fr\/wp-json\/wp\/v2\/media\/1014"}],"wp:attachment":[{"href":"https:\/\/msd.jeremybornerand.fr\/fr\/wp-json\/wp\/v2\/media?parent=1011"}],"wp:term":[{"taxonomy":"product_cat","embeddable":true,"href":"https:\/\/msd.jeremybornerand.fr\/fr\/wp-json\/wp\/v2\/product_cat?post=1011"},{"taxonomy":"product_tag","embeddable":true,"href":"https:\/\/msd.jeremybornerand.fr\/fr\/wp-json\/wp\/v2\/product_tag?post=1011"}],"curies":[{"name":"wp","href":"https:\/\/api.w.org\/{rel}","templated":true}]}}