{"id":1018,"date":"2023-09-26T21:09:58","date_gmt":"2023-09-26T19:09:58","guid":{"rendered":"https:\/\/dev.martysurfdelivery.com\/?post_type=product&#038;p=1018"},"modified":"2023-09-27T10:43:37","modified_gmt":"2023-09-27T08:43:37","slug":"firewire-omni-5-7-round-pin","status":"publish","type":"product","link":"https:\/\/msd.jeremybornerand.fr\/fr\/shop\/planches-performance\/firewire-omni-5-7-round-pin\/","title":{"rendered":"FIREWIRE-OMNI 5&#8242; 7&#8243; ROUND PIN"},"content":{"rendered":"<p dir=\"ltr\">Marty Surf Delivery propose un service de location de planches de surf pour d\u00e9butants ou confirm\u00e9s et vous livre \u00e0 domicile tout le mat\u00e9riel de surf (<a href=\"https:\/\/www.martysurfdelivery.com\/fr\/quiver-surf\/planches-performance\/\" target=\"_blank\" rel=\"noopener\">shortboard<\/a>,\u00a0<a href=\"https:\/\/www.martysurfdelivery.com\/fr\/quiver-surf\/planches-longboard\/\" target=\"_blank\" rel=\"noopener\">longboard<\/a>,\u00a0<a href=\"https:\/\/www.martysurfdelivery.com\/fr\/quiver-surf\/combinaisons\/\" target=\"_blank\" rel=\"noopener\">combinaison<\/a>) dont vous avez besoin de Biarritz \u00e0 Saint Jean de Luz \/ Gu\u00e9thary.<\/p>\n<p dir=\"ltr\">Ne ratez plus une bonne session de surf sur Biarritz et la C\u00f4te Basque en profitant de notre service personnalis\u00e9 de\u00a0<a href=\"https:\/\/www.martysurfdelivery.com\/fr\/guide-surf-biarritz-cote-basque\/\" target=\"_blank\" rel=\"noopener\">guide Surf<\/a>.<\/p>\n<p dir=\"ltr\">Location de planche de surf Omni 5&#8242; 7&#8243; round pin sur Biarritz, Anglet et Hossegor \u2013\u00a0Description produit<\/p>\n<p dir=\"ltr\">Une board parfaite pour les petites et moyennes conditions, elle est adapt\u00e9e aux surfeurs confirm\u00e9s. Son nose large et arrondi permet une rame rapide et facilite la prise de vague.<\/p>\n<p dir=\"ltr\">Pour am\u00e9liorer son niveau elle est tout \u00e0 fait adapt\u00e9e car elle reste extr\u00eamement radicale.<\/p>\n<p dir=\"ltr\">C\u2019est une planche \u00e0 la fois douce et r\u00e9active, qui conviendra parfaitement aux surfeurs de niveau avanc\u00e9 \u00e0 confirm\u00e9.<\/p>\n","protected":false},"excerpt":{"rendered":"<ul style=\"font-weight: 400;\">\n<li>marque: <strong>FIREWIRE<\/strong><\/li>\n<li>mod\u00e8le: <strong>Omni-round pin<\/strong><\/li>\n<li>dimensions:\u00a0<strong>5&#8242; 7 x 19&#8242; 5\/8&#8243; x 2&#8242; 1\/2&#8243; 30,8 L<\/strong><\/li>\n<li>d\u00e9rives: <strong>FCS II<\/strong><\/li>\n<li>rails <strong>50\/50<\/strong><\/li>\n<li>construction: <strong>epoxy<\/strong><\/li>\n<li><strong>leash, d\u00e9rives, boardbag inclus<\/strong><\/li>\n<\/ul>\n","protected":false},"featured_media":1021,"comment_status":"open","ping_status":"closed","template":"","meta":{"_seopress_robots_primary_cat":"none","jetpack_publicize_message":"","jetpack_publicize_feature_enabled":true,"jetpack_social_post_already_shared":false,"jetpack_social_options":{"image_generator_settings":{"template":"highway","default_image_id":0,"font":"","enabled":false},"version":2}},"product_cat":[51],"product_tag":[],"class_list":["post-1018","product","type-product","status-publish","has-post-thumbnail","hentry","product_cat-planches-performance"],"acf":[],"jetpack_publicize_connections":[],"jetpack_sharing_enabled":true,"_links":{"self":[{"href":"https:\/\/msd.jeremybornerand.fr\/fr\/wp-json\/wp\/v2\/product\/1018","targetHints":{"allow":["GET"]}}],"collection":[{"href":"https:\/\/msd.jeremybornerand.fr\/fr\/wp-json\/wp\/v2\/product"}],"about":[{"href":"https:\/\/msd.jeremybornerand.fr\/fr\/wp-json\/wp\/v2\/types\/product"}],"replies":[{"embeddable":true,"href":"https:\/\/msd.jeremybornerand.fr\/fr\/wp-json\/wp\/v2\/comments?post=1018"}],"wp:featuredmedia":[{"embeddable":true,"href":"https:\/\/msd.jeremybornerand.fr\/fr\/wp-json\/wp\/v2\/media\/1021"}],"wp:attachment":[{"href":"https:\/\/msd.jeremybornerand.fr\/fr\/wp-json\/wp\/v2\/media?parent=1018"}],"wp:term":[{"taxonomy":"product_cat","embeddable":true,"href":"https:\/\/msd.jeremybornerand.fr\/fr\/wp-json\/wp\/v2\/product_cat?post=1018"},{"taxonomy":"product_tag","embeddable":true,"href":"https:\/\/msd.jeremybornerand.fr\/fr\/wp-json\/wp\/v2\/product_tag?post=1018"}],"curies":[{"name":"wp","href":"https:\/\/api.w.org\/{rel}","templated":true}]}}