{"id":1025,"date":"2023-09-26T21:12:20","date_gmt":"2023-09-26T19:12:20","guid":{"rendered":"https:\/\/dev.martysurfdelivery.com\/?post_type=product&#038;p=1025"},"modified":"2023-09-27T10:47:34","modified_gmt":"2023-09-27T08:47:34","slug":"firewire-sci-fi-60","status":"publish","type":"product","link":"https:\/\/msd.jeremybornerand.fr\/fr\/shop\/planches-longboard\/firewire-sci-fi-60\/","title":{"rendered":"FIREWIRE-SCI-FI 6&#8217;0"},"content":{"rendered":"<p style=\"font-weight: 400;\">Location de planche de surf\u00a0<b><strong>Firewire<\/strong><\/b>\u00a0Sci-Fi 6&#8217;0 sur Biarritz, Anglet et Bidart.<\/p>\n<p style=\"font-weight: 400;\">Marty Surf Delivery propose un service de location de planches de surf pour d\u00e9butants ou confirm\u00e9s et vous livre \u00e0 domicile tout le mat\u00e9riel de surf (<a href=\"https:\/\/www.martysurfdelivery.com\/fr\/quiver-surf\/planches-performance\/\">shortboard<\/a>,\u00a0<a href=\"https:\/\/www.martysurfdelivery.com\/fr\/quiver-surf\/planches-longboard\/\">longboard<\/a>,\u00a0<a href=\"https:\/\/www.martysurfdelivery.com\/fr\/quiver-surf\/combinaisons\/\">combinaison<\/a>) dont vous avez besoin de Biarritz \u00e0 Saint Jean de Luz \/ Gu\u00e9thary.<\/p>\n<p style=\"font-weight: 400;\">Ne ratez plus une bonne session de surf sur Biarritz et la C\u00f4te Basque en profitant de notre service personnalis\u00e9 de\u00a0<a href=\"https:\/\/www.martysurfdelivery.com\/fr\/guide-surf-biarritz-cote-basque\/\">guide Surf<\/a>.<\/p>\n<p style=\"font-weight: 400;\">Description produit<\/p>\n<p style=\"font-weight: 400;\">La Sci-Fi de chez FIREWIRE est la planche qui \u00e0 \u00e9t\u00e9 \u00e9lue &#8220;Performance Shortboard of the year&#8221; au Sima Awards 2017.<\/p>\n<p style=\"font-weight: 400;\">Un shape entre un shortboard typ\u00e9 performance et un fish. Une board qui offre un caract\u00e8re \u00e9volutif pour les surfeurs interm\u00e9diaires et pour les exp\u00e9riment\u00e9s de l\u2019accroche et de la radicalit\u00e9.<\/p>\n<p style=\"font-weight: 400;\">Une rame facile gr\u00e2ce \u00e0 son outline l\u00e9g\u00e8rement \u00e9largit au nose pour vous permettre de vous amuser facilement dans les vagues d\u2019\u00e9t\u00e9 du pays basque et des landes. Sans oublier, les 4 concaves int\u00e9gr\u00e9s dans un m\u00eame single concave et 4 channels en sortie du tail pour vous offrir de la vitesse et de l\u2019accroche en bas de vague<\/p>\n","protected":false},"excerpt":{"rendered":"<ul>\n<li>marque: <strong>FIREWIRE<\/strong><\/li>\n<li>mod\u00e8le: <strong>Sci-Fi<\/strong><\/li>\n<li>dimensions:\u00a0<strong>6&#8217;0 x 20 x 2 11\/16\u00a0 33,9L<\/strong><\/li>\n<li>d\u00e9rives: <strong>FCS II<\/strong><\/li>\n<li>rails<strong> 50\/50<\/strong><\/li>\n<li>construction: <strong>epoxy<\/strong><\/li>\n<li><strong>leash, d\u00e9rives, boardbag inclus<\/strong><\/li>\n<\/ul>\n","protected":false},"featured_media":1028,"comment_status":"open","ping_status":"closed","template":"","meta":{"_seopress_robots_primary_cat":"none","jetpack_publicize_message":"","jetpack_publicize_feature_enabled":true,"jetpack_social_post_already_shared":false,"jetpack_social_options":{"image_generator_settings":{"template":"highway","default_image_id":0,"font":"","enabled":false},"version":2}},"product_cat":[30],"product_tag":[],"class_list":["post-1025","product","type-product","status-publish","has-post-thumbnail","hentry","product_cat-planches-longboard"],"acf":[],"jetpack_publicize_connections":[],"jetpack_sharing_enabled":true,"_links":{"self":[{"href":"https:\/\/msd.jeremybornerand.fr\/fr\/wp-json\/wp\/v2\/product\/1025","targetHints":{"allow":["GET"]}}],"collection":[{"href":"https:\/\/msd.jeremybornerand.fr\/fr\/wp-json\/wp\/v2\/product"}],"about":[{"href":"https:\/\/msd.jeremybornerand.fr\/fr\/wp-json\/wp\/v2\/types\/product"}],"replies":[{"embeddable":true,"href":"https:\/\/msd.jeremybornerand.fr\/fr\/wp-json\/wp\/v2\/comments?post=1025"}],"wp:featuredmedia":[{"embeddable":true,"href":"https:\/\/msd.jeremybornerand.fr\/fr\/wp-json\/wp\/v2\/media\/1028"}],"wp:attachment":[{"href":"https:\/\/msd.jeremybornerand.fr\/fr\/wp-json\/wp\/v2\/media?parent=1025"}],"wp:term":[{"taxonomy":"product_cat","embeddable":true,"href":"https:\/\/msd.jeremybornerand.fr\/fr\/wp-json\/wp\/v2\/product_cat?post=1025"},{"taxonomy":"product_tag","embeddable":true,"href":"https:\/\/msd.jeremybornerand.fr\/fr\/wp-json\/wp\/v2\/product_tag?post=1025"}],"curies":[{"name":"wp","href":"https:\/\/api.w.org\/{rel}","templated":true}]}}