{"id":1037,"date":"2023-09-26T21:16:28","date_gmt":"2023-09-26T19:16:28","guid":{"rendered":"https:\/\/dev.martysurfdelivery.com\/?post_type=product&#038;p=1037"},"modified":"2023-10-16T20:57:51","modified_gmt":"2023-10-16T18:57:51","slug":"firewire-frk-60-round","status":"publish","type":"product","link":"https:\/\/msd.jeremybornerand.fr\/fr\/shop\/planches-performance\/firewire-frk-60-round\/","title":{"rendered":"FIREWIRE-FRK-6&#8217;0-ROUND"},"content":{"rendered":"<p style=\"font-weight: 400;\">Location de planche de surf\u00a0<b><strong>Firewire<\/strong><\/b>\u00a0FRK 6&#8217;0 round sur Biarritz, Anglet et Bidart.<\/p>\n<p style=\"font-weight: 400;\">Marty Surf Delivery propose un service de location de planches de surf pour d\u00e9butants ou confirm\u00e9s et vous livre \u00e0 domicile tout le mat\u00e9riel de surf (<a href=\"https:\/\/www.martysurfdelivery.com\/fr\/quiver-surf\/planches-performance\/\">shortboard<\/a>,\u00a0<a href=\"https:\/\/www.martysurfdelivery.com\/fr\/quiver-surf\/planches-longboard\/\">longboard<\/a>,\u00a0<a href=\"https:\/\/www.martysurfdelivery.com\/fr\/quiver-surf\/combinaisons\/\">combinaison<\/a>) dont vous avez besoin de Biarritz \u00e0 Saint Jean de Luz \/ Gu\u00e9thary.<\/p>\n<p style=\"font-weight: 400;\">Ne ratez plus une bonne session de surf sur Biarritz et la C\u00f4te Basque en profitant de notre service personnalis\u00e9 de\u00a0<a href=\"https:\/\/www.martysurfdelivery.com\/fr\/guide-surf-biarritz-cote-basque\/\">guide Surf<\/a>.<\/p>\n<p style=\"font-weight: 400;\">Description produit<\/p>\n<p style=\"font-weight: 400;\">Dan Mann et Kelly Slater ont con\u00e7u ce mod\u00e8le autant pour les vagues de tous les jours que les tr\u00e8s bonnes conditions. C\u2019est une planche de surf polyvalente dot\u00e9 d\u2019un rocker progressif ce qui va offrir une excellente maniabilit\u00e9 et une bonne acc\u00e9l\u00e9ration dans les sections creuses.<\/p>\n<p style=\"font-weight: 400;\">Son outline \u00e9quilibr\u00e9 assure une stabilit\u00e9 optimale lors des virages rapides, tandis que son shape allong\u00e9 facilite les prises de vagues et les man\u0153uvres pr\u00e9cises.<\/p>\n<p style=\"font-weight: 400;\">Cette planche polyvalente s&#8217;adapte \u00e0 une tr\u00e8s grande vari\u00e9t\u00e9 de vagues et vous permettra de vous \u00e9panouir dans beaucoup de situations.<\/p>\n<p style=\"font-weight: 400;\">Cette planche est destin\u00e9e aussi bien aux surfeurs interm\u00e9diaires souhaitant s&#8217;am\u00e9liorer qu\u2019aux surfeurs exp\u00e9riment\u00e9s souhaitant repousser leurs limites.<\/p>\n","protected":false},"excerpt":{"rendered":"<ul>\n<li dir=\"ltr\">marque: <strong>FIREWIRE<\/strong><\/li>\n<li dir=\"ltr\">mod\u00e8le: <strong>FRK 6\u20190 round<\/strong><\/li>\n<li dir=\"ltr\">dimensions: <strong>6\u20190x19 1\/6 x 2 9\/16 (30,6 litres)<\/strong><\/li>\n<li dir=\"ltr\">d\u00e9rives: <strong>Future<\/strong><\/li>\n<li dir=\"ltr\">rails <strong>50\/50<\/strong><\/li>\n<li dir=\"ltr\">construction: <strong>epoxy<\/strong><\/li>\n<li dir=\"ltr\"><strong>leash, d\u00e9rives, boardbag inclus<\/strong><\/li>\n<\/ul>\n","protected":false},"featured_media":1040,"comment_status":"open","ping_status":"closed","template":"","meta":{"_seopress_robots_primary_cat":"none","jetpack_publicize_message":"","jetpack_publicize_feature_enabled":true,"jetpack_social_post_already_shared":false,"jetpack_social_options":{"image_generator_settings":{"template":"highway","default_image_id":0,"font":"","enabled":false},"version":2}},"product_cat":[51],"product_tag":[],"class_list":["post-1037","product","type-product","status-publish","has-post-thumbnail","hentry","product_cat-planches-performance","pa_taille-100","pa_volume-30litres"],"acf":[],"jetpack_publicize_connections":[],"jetpack_sharing_enabled":true,"_links":{"self":[{"href":"https:\/\/msd.jeremybornerand.fr\/fr\/wp-json\/wp\/v2\/product\/1037","targetHints":{"allow":["GET"]}}],"collection":[{"href":"https:\/\/msd.jeremybornerand.fr\/fr\/wp-json\/wp\/v2\/product"}],"about":[{"href":"https:\/\/msd.jeremybornerand.fr\/fr\/wp-json\/wp\/v2\/types\/product"}],"replies":[{"embeddable":true,"href":"https:\/\/msd.jeremybornerand.fr\/fr\/wp-json\/wp\/v2\/comments?post=1037"}],"wp:featuredmedia":[{"embeddable":true,"href":"https:\/\/msd.jeremybornerand.fr\/fr\/wp-json\/wp\/v2\/media\/1040"}],"wp:attachment":[{"href":"https:\/\/msd.jeremybornerand.fr\/fr\/wp-json\/wp\/v2\/media?parent=1037"}],"wp:term":[{"taxonomy":"product_cat","embeddable":true,"href":"https:\/\/msd.jeremybornerand.fr\/fr\/wp-json\/wp\/v2\/product_cat?post=1037"},{"taxonomy":"product_tag","embeddable":true,"href":"https:\/\/msd.jeremybornerand.fr\/fr\/wp-json\/wp\/v2\/product_tag?post=1037"}],"curies":[{"name":"wp","href":"https:\/\/api.w.org\/{rel}","templated":true}]}}