{"id":1044,"date":"2023-09-26T21:18:30","date_gmt":"2023-09-26T19:18:30","guid":{"rendered":"https:\/\/dev.martysurfdelivery.com\/?post_type=product&#038;p=1044"},"modified":"2023-10-20T14:24:03","modified_gmt":"2023-10-20T12:24:03","slug":"firewire-mashup-59-swallow","status":"publish","type":"product","link":"https:\/\/msd.jeremybornerand.fr\/fr\/shop\/planches-performance\/firewire-mashup-59-swallow\/","title":{"rendered":"FIREWIRE-MASHUP-5\u20199-SWALLOW"},"content":{"rendered":"<p style=\"font-weight: 400;\">Location de planche de surf\u00a0<b><strong>Firewire<\/strong><\/b>\u00a0Mashup 5&#8217;9 sur Biarritz, Anglet et Bidart.<\/p>\n<p style=\"font-weight: 400;\">Marty Surf Delivery propose un service de location de planches de surf pour d\u00e9butants ou confirm\u00e9s et vous livre \u00e0 domicile tout le mat\u00e9riel de surf (<a href=\"https:\/\/www.martysurfdelivery.com\/fr\/quiver-surf\/planches-performance\/\">shortboard<\/a>,\u00a0<a href=\"https:\/\/www.martysurfdelivery.com\/fr\/quiver-surf\/planches-longboard\/\">longboard<\/a>,\u00a0<a href=\"https:\/\/www.martysurfdelivery.com\/fr\/quiver-surf\/combinaisons\/\">combinaison<\/a>) dont vous avez besoin de Biarritz \u00e0 Saint Jean de Luz \/ Gu\u00e9thary.<\/p>\n<p style=\"font-weight: 400;\">Ne ratez plus une bonne session de surf sur Biarritz et la C\u00f4te Basque en profitant de notre service personnalis\u00e9 de\u00a0<a href=\"https:\/\/www.martysurfdelivery.com\/fr\/guide-surf-biarritz-cote-basque\/\">guide Surf<\/a>.<\/p>\n<p style=\"font-weight: 400;\">Description produit<\/p>\n<p style=\"font-weight: 400;\">Cette planche a \u00e9t\u00e9 cr\u00e9\u00e9e par Rob\u00a0Machado\u00a0et Dan Mann.\u00a0Dans cette planche, ils ont r\u00e9uni leurs \u00e9l\u00e9ments\u00a0pr\u00e9f\u00e9r\u00e9s\u00a0de la\u00a0Seaside\u00a0et de la\u00a0Spitfire\u00a0pour construire une planche rapide dans les petites vagues, tout en r\u00e9ussissant \u00e0 garder sa verticalit\u00e9 dans les bonnes vagues. Avec un tail qui poss\u00e8de un bump pour garder du confort et du volume sous le pied arri\u00e8re en fin de manouevre. Elle pardonne \u00e9galement les erreurs de placements ou d&#8217;\u00e9quilibre.<\/p>\n<p style=\"font-weight: 400;\">La\u00a0Mashup\u00a0est une planche id\u00e9al pour tous les jours, c&#8217;est le\u00a0groveler\u00a0par excellence !<\/p>\n<p>C&#8217;est une planche pour les surfeurs interm\u00e9diaires \u00e0\u00a0exp\u00e9riment\u00e9s.\u00a0Du fait de son volume, elle peut \u00eatre aussi utilis\u00e9e pour les d\u00e9butants.\u00a0C&#8217;est une planche qui reprend les sensations d&#8217;une\u00a0Fish, mais avec plus de performance.<\/p>\n","protected":false},"excerpt":{"rendered":"<ul>\n<li dir=\"ltr\">marque: <strong>FIREWIRE<\/strong><\/li>\n<li dir=\"ltr\">mod\u00e8le : <strong>Mashup 5&#8217;9 swallow<\/strong><\/li>\n<li dir=\"ltr\">dimensions: <strong>5&#8217;9&#215;19 15\/16&#8217;x2 3\/4 (34,2 litres)<\/strong><\/li>\n<li dir=\"ltr\">d\u00e9rives: <strong>FCS II<\/strong><\/li>\n<li dir=\"ltr\">rails <strong>50\/50<\/strong><\/li>\n<li dir=\"ltr\">construction: <strong>epoxy<\/strong><\/li>\n<li dir=\"ltr\"><strong>leash, d\u00e9rives, boardbag inclus<\/strong><\/li>\n<\/ul>\n","protected":false},"featured_media":1047,"comment_status":"open","ping_status":"closed","template":"","meta":{"_seopress_robots_primary_cat":"none","jetpack_publicize_message":"","jetpack_publicize_feature_enabled":true,"jetpack_social_post_already_shared":false,"jetpack_social_options":{"image_generator_settings":{"template":"highway","default_image_id":0,"font":"","enabled":false},"version":2}},"product_cat":[51],"product_tag":[],"class_list":["post-1044","product","type-product","status-publish","has-post-thumbnail","hentry","product_cat-planches-performance","pa_taille-97","pa_volume-34litres"],"acf":[],"jetpack_publicize_connections":[],"jetpack_sharing_enabled":true,"_links":{"self":[{"href":"https:\/\/msd.jeremybornerand.fr\/fr\/wp-json\/wp\/v2\/product\/1044","targetHints":{"allow":["GET"]}}],"collection":[{"href":"https:\/\/msd.jeremybornerand.fr\/fr\/wp-json\/wp\/v2\/product"}],"about":[{"href":"https:\/\/msd.jeremybornerand.fr\/fr\/wp-json\/wp\/v2\/types\/product"}],"replies":[{"embeddable":true,"href":"https:\/\/msd.jeremybornerand.fr\/fr\/wp-json\/wp\/v2\/comments?post=1044"}],"wp:featuredmedia":[{"embeddable":true,"href":"https:\/\/msd.jeremybornerand.fr\/fr\/wp-json\/wp\/v2\/media\/1047"}],"wp:attachment":[{"href":"https:\/\/msd.jeremybornerand.fr\/fr\/wp-json\/wp\/v2\/media?parent=1044"}],"wp:term":[{"taxonomy":"product_cat","embeddable":true,"href":"https:\/\/msd.jeremybornerand.fr\/fr\/wp-json\/wp\/v2\/product_cat?post=1044"},{"taxonomy":"product_tag","embeddable":true,"href":"https:\/\/msd.jeremybornerand.fr\/fr\/wp-json\/wp\/v2\/product_tag?post=1044"}],"curies":[{"name":"wp","href":"https:\/\/api.w.org\/{rel}","templated":true}]}}