{"id":1069,"date":"2023-07-26T21:24:35","date_gmt":"2023-07-26T19:24:35","guid":{"rendered":"https:\/\/dev.martysurfdelivery.com\/?post_type=product&#038;p=1069"},"modified":"2023-11-16T10:39:35","modified_gmt":"2023-11-16T09:39:35","slug":"firewire-go-fish-59","status":"publish","type":"product","link":"https:\/\/msd.jeremybornerand.fr\/fr\/shop\/planches-retro\/firewire-go-fish-59\/","title":{"rendered":"FIREWIRE-GO FISH 5&#8217;9"},"content":{"rendered":"<h3 style=\"font-weight: 400;\"><strong>Location de planche<\/strong> de <strong>surf\u00a0<\/strong><b><strong>Firewire<\/strong><\/b>\u00a0<strong>go fish 5&#8217;9<\/strong> sur <strong>Biarritz, Hossegor, Anglet et Bidart<\/strong>.<\/h3>\n<p style=\"font-weight: 400;\">Marty Surf Delivery propose un service de location de planches de surf pour d\u00e9butants ou confirm\u00e9s et vous livre \u00e0 domicile tout le mat\u00e9riel de surf (<a href=\"https:\/\/www.martysurfdelivery.com\/fr\/quiver-surf\/planches-performance\/\">shortboard<\/a>,\u00a0<a href=\"https:\/\/www.martysurfdelivery.com\/fr\/quiver-surf\/planches-longboard\/\">longboard<\/a>,\u00a0<a href=\"https:\/\/www.martysurfdelivery.com\/fr\/quiver-surf\/combinaisons\/\">combinaison<\/a>) dont vous avez besoin de Biarritz \u00e0 Saint Jean de Luz \/ Gu\u00e9thary.<\/p>\n<p style=\"font-weight: 400;\">Ne ratez plus une bonne session de surf sur Biarritz et la C\u00f4te Basque en profitant de notre service personnalis\u00e9 de\u00a0<a href=\"https:\/\/www.martysurfdelivery.com\/fr\/guide-surf-biarritz-cote-basque\/\">guide Surf<\/a>.<\/p>\n<h3 style=\"font-weight: 400;\">Description produit<\/h3>\n<p style=\"font-weight: 400;\">La Firewire Go Fish est un r\u00e9tro fish retravaill\u00e9 pour \u00eatre plus performant.<\/p>\n<p style=\"font-weight: 400;\">En comparaison \u00e0 un r\u00e9tro fish \u00ab classique \u00bb, ici le nose et le tail sont plus \u00e9troit, pour nous offrir plus de maniabilit\u00e9. Le rocker au niveau du tail est plus prononc\u00e9, ce qui contribue une nouvelle fois \u00e0 am\u00e9liorer la vitesse de la planche.<\/p>\n<p style=\"font-weight: 400;\">En plus d\u2019\u00eatre une planche parfaite pour les petites et moyennes vagues, donc une planche pour les conditions d\u2019\u00e9t\u00e9 en France, elle est aussi tr\u00e8s maniable et rapide pour amener les surfeurs confirm\u00e9s, mais aussi interm\u00e9diaire \u00e0 un autre niveau de performance.<\/p>\n<p style=\"font-weight: 400;\">Rob Machado \u00e0 dit de cette planche : \u00ab Cette planche me donne juste envie de surfer\u2026 \u00bb<\/p>\n","protected":false},"excerpt":{"rendered":"<ul style=\"font-weight: 400;\">\n<li>marque: <strong>FIREWIRE<\/strong><\/li>\n<li>mod\u00e8le: <strong>Go Fish<\/strong><\/li>\n<li>dimensions:\u00a0<strong>5\u20199\u201d x 20 5\/8 x 2 3\/8 &#8211; 33,1L<\/strong><\/li>\n<li>d\u00e9rives: <strong>Future<\/strong><\/li>\n<li>rails <strong>50\/50<\/strong><\/li>\n<li>construction: <strong>epoxy<\/strong><\/li>\n<li><strong>leash, d\u00e9rives, boardbag inclus<\/strong><\/li>\n<\/ul>\n","protected":false},"featured_media":1072,"comment_status":"open","ping_status":"closed","template":"","meta":{"_seopress_robots_primary_cat":"none","jetpack_publicize_message":"","jetpack_publicize_feature_enabled":true,"jetpack_social_post_already_shared":false,"jetpack_social_options":{"image_generator_settings":{"template":"highway","default_image_id":0,"font":"","enabled":false},"version":2}},"product_cat":[61],"product_tag":[],"class_list":["post-1069","product","type-product","status-publish","has-post-thumbnail","hentry","product_cat-planches-retro"],"acf":[],"jetpack_publicize_connections":[],"jetpack_sharing_enabled":true,"_links":{"self":[{"href":"https:\/\/msd.jeremybornerand.fr\/fr\/wp-json\/wp\/v2\/product\/1069","targetHints":{"allow":["GET"]}}],"collection":[{"href":"https:\/\/msd.jeremybornerand.fr\/fr\/wp-json\/wp\/v2\/product"}],"about":[{"href":"https:\/\/msd.jeremybornerand.fr\/fr\/wp-json\/wp\/v2\/types\/product"}],"replies":[{"embeddable":true,"href":"https:\/\/msd.jeremybornerand.fr\/fr\/wp-json\/wp\/v2\/comments?post=1069"}],"wp:featuredmedia":[{"embeddable":true,"href":"https:\/\/msd.jeremybornerand.fr\/fr\/wp-json\/wp\/v2\/media\/1072"}],"wp:attachment":[{"href":"https:\/\/msd.jeremybornerand.fr\/fr\/wp-json\/wp\/v2\/media?parent=1069"}],"wp:term":[{"taxonomy":"product_cat","embeddable":true,"href":"https:\/\/msd.jeremybornerand.fr\/fr\/wp-json\/wp\/v2\/product_cat?post=1069"},{"taxonomy":"product_tag","embeddable":true,"href":"https:\/\/msd.jeremybornerand.fr\/fr\/wp-json\/wp\/v2\/product_tag?post=1069"}],"curies":[{"name":"wp","href":"https:\/\/api.w.org\/{rel}","templated":true}]}}