{"id":1076,"date":"2023-09-26T21:26:21","date_gmt":"2023-09-26T19:26:21","guid":{"rendered":"https:\/\/dev.martysurfdelivery.com\/?post_type=product&#038;p=1076"},"modified":"2023-10-14T09:45:36","modified_gmt":"2023-10-14T07:45:36","slug":"firewire-seaside-beyond-70","status":"publish","type":"product","link":"https:\/\/msd.jeremybornerand.fr\/fr\/shop\/planches-retro\/firewire-seaside-beyond-70\/","title":{"rendered":"FIREWIRE-SEASIDE &#038; BEYOND 7&#8217;0"},"content":{"rendered":"<p style=\"font-weight: 400;\">Location de planche de surf\u00a0<b><strong>FIREWIRE<\/strong><\/b>\u00a0Seaside &amp; Beyond 6&#8217;8 sur Biarritz, Anglet et Bidart.<\/p>\n<p style=\"font-weight: 400;\">Marty Surf Delivery propose un service de location de planches de surf pour d\u00e9butants ou confirm\u00e9s et vous livre \u00e0 domicile tout le mat\u00e9riel de surf (<a href=\"https:\/\/www.martysurfdelivery.com\/fr\/quiver-surf\/planches-performance\/\">shortboard<\/a>,\u00a0<a href=\"https:\/\/www.martysurfdelivery.com\/fr\/quiver-surf\/planches-longboard\/\">longboard<\/a>,\u00a0<a href=\"https:\/\/www.martysurfdelivery.com\/fr\/quiver-surf\/combinaisons\/\">combinaison<\/a>) dont vous avez besoin de Biarritz \u00e0 Saint Jean de Luz \/ Gu\u00e9thary.<\/p>\n<p style=\"font-weight: 400;\">Ne ratez plus une bonne session de surf sur Biarritz et la C\u00f4te Basque en profitant de notre service personnalis\u00e9 de\u00a0<a href=\"https:\/\/www.martysurfdelivery.com\/fr\/guide-surf-biarritz-cote-basque\/\">guide Surf<\/a>.<\/p>\n<p style=\"font-weight: 400;\">Description produit<\/p>\n<p style=\"font-weight: 400;\">La planche Seaside &amp; Beyond est une \u00e9volution de la Firewire Seaside. Rob Machado \u00e0 \u00e9tir\u00e9 la Seaside pour cr\u00e9er une board pour tous les jours, une planche qui permets de prendre de nombreuses vagues dans du petit comme du plus gros.<\/p>\n<p style=\"font-weight: 400;\">Une planche volumineuse pour s\u2019amuser m\u00eame si on d\u00e9bute, mais aussi une planche performante qui permets de s\u2019am\u00e9liorer rapidement quand on est interm\u00e9diaire.<\/p>\n<p style=\"font-weight: 400;\">Une planche id\u00e9ale pour les point break et reef break de Gu\u00e9thary.<\/p>\n","protected":false},"excerpt":{"rendered":"<ul style=\"font-weight: 400;\">\n<li>marque: <strong>FIREWIRE<\/strong><\/li>\n<li>mod\u00e8le:<strong> Seaside &amp; Beyond<\/strong><\/li>\n<li>dimensions: <strong>7&#8217;0\u00a0X 21 3\/8&#8243; X 2 11\/16&#8243; &#8211; 45L<\/strong><\/li>\n<li>d\u00e9rives: <strong>Future<\/strong><\/li>\n<li>rails <strong>50\/50<\/strong><\/li>\n<li>construction: <strong>epoxy<\/strong><\/li>\n<li><strong>leash, d\u00e9rives, boardbag inclus<\/strong><\/li>\n<\/ul>\n","protected":false},"featured_media":1079,"comment_status":"open","ping_status":"closed","template":"","meta":{"_seopress_robots_primary_cat":"none","jetpack_publicize_message":"","jetpack_publicize_feature_enabled":true,"jetpack_social_post_already_shared":false,"jetpack_social_options":{"image_generator_settings":{"template":"highway","default_image_id":0,"font":"","enabled":false},"version":2}},"product_cat":[61],"product_tag":[],"class_list":["post-1076","product","type-product","status-publish","has-post-thumbnail","hentry","product_cat-planches-retro"],"acf":[],"jetpack_publicize_connections":[],"jetpack_sharing_enabled":true,"_links":{"self":[{"href":"https:\/\/msd.jeremybornerand.fr\/fr\/wp-json\/wp\/v2\/product\/1076","targetHints":{"allow":["GET"]}}],"collection":[{"href":"https:\/\/msd.jeremybornerand.fr\/fr\/wp-json\/wp\/v2\/product"}],"about":[{"href":"https:\/\/msd.jeremybornerand.fr\/fr\/wp-json\/wp\/v2\/types\/product"}],"replies":[{"embeddable":true,"href":"https:\/\/msd.jeremybornerand.fr\/fr\/wp-json\/wp\/v2\/comments?post=1076"}],"wp:featuredmedia":[{"embeddable":true,"href":"https:\/\/msd.jeremybornerand.fr\/fr\/wp-json\/wp\/v2\/media\/1079"}],"wp:attachment":[{"href":"https:\/\/msd.jeremybornerand.fr\/fr\/wp-json\/wp\/v2\/media?parent=1076"}],"wp:term":[{"taxonomy":"product_cat","embeddable":true,"href":"https:\/\/msd.jeremybornerand.fr\/fr\/wp-json\/wp\/v2\/product_cat?post=1076"},{"taxonomy":"product_tag","embeddable":true,"href":"https:\/\/msd.jeremybornerand.fr\/fr\/wp-json\/wp\/v2\/product_tag?post=1076"}],"curies":[{"name":"wp","href":"https:\/\/api.w.org\/{rel}","templated":true}]}}