{"id":1083,"date":"2023-09-27T15:44:45","date_gmt":"2023-09-27T13:44:45","guid":{"rendered":"https:\/\/dev.martysurfdelivery.com\/?post_type=product&#038;p=1083"},"modified":"2023-09-28T12:49:07","modified_gmt":"2023-09-28T10:49:07","slug":"soft-top-hurricane-twin-60","status":"publish","type":"product","link":"https:\/\/msd.jeremybornerand.fr\/fr\/shop\/planche-debutant\/soft-top-hurricane-twin-60\/","title":{"rendered":"SOFT TOP HURRICANE TWIN FISH 6&#8217;0"},"content":{"rendered":"<p style=\"font-weight: 400;\">Location de planche de surf en mousse d\u00e9butant, interm\u00e9diaire 6&#8217;0 sur Biarritz, Anglet et Bidart.<\/p>\n<p style=\"font-weight: 400;\"><b><strong>Marty Surf Delivery<\/strong><\/b>\u00a0propose un service de\u00a0location de planches de surf\u00a0pour\u00a0d\u00e9butants ou confirm\u00e9s\u00a0et vous livre \u00e0 domicile tout le mat\u00e9riel de surf (<a href=\"https:\/\/www.martysurfdelivery.com\/fr\/location-surf-biarritz-cote-basque\/planches-longboard\/\">longboard<\/a>,\u00a0<a href=\"https:\/\/www.martysurfdelivery.com\/fr\/location-surf-biarritz-cote-basque\/bodyboard\/\">bodyboard<\/a>,\u00a0<a href=\"https:\/\/www.martysurfdelivery.com\/fr\/location-surf-biarritz-cote-basque\/combinaisons\/\">combinaison<\/a>) dont vous avez besoin de\u00a0<b><strong>Biarritz<\/strong><\/b>\u00a0\u00e0\u00a0<b><strong>Saint Jean de Luz<\/strong><\/b>\u00a0\/\u00a0<b><strong>Gu\u00e9thary<\/strong><\/b>.<\/p>\n<p style=\"font-weight: 400;\">Ne ratez plus une bonne session de surf sur\u00a0<b><strong>Biarritz<\/strong><\/b>\u00a0et\u00a0<b><strong>la C\u00f4te Basque<\/strong><\/b>\u00a0en profitant de notre service personnalis\u00e9 de\u00a0<a href=\"https:\/\/www.martysurfdelivery.com\/fr\/guide-surf-biarritz-cote-basque\/\">guide\u00a0Surf<\/a>.<\/p>\n<p style=\"font-weight: 400;\">Location de planche de surf en mousse d\u00e9butant, interm\u00e9diaire 5&#8217;9 sur Biarritz, Anglet et Bidart \u2013 Description produit<\/p>\n<p style=\"font-weight: 400;\">La\u00a0VAMPIRE SOFT TOP 6&#8217;0 est une planche en mousse\u00a0pour d\u00e9butant et interm\u00e9diaire, elle qui vous fera aller vite et tourner facilement.\u00a0En effet, cette planche est construite en epoxy (construction d&#8217;une planche classique) avec une fine couche de mousse sur le dessus; ce qui donne \u00e0 la planche une bonne glisse et une bonne r\u00e9activit\u00e9.<\/p>\n","protected":false},"excerpt":{"rendered":"<ul>\n<li>marque:<strong>\u00a0Ocean Storm<\/strong><\/li>\n<li>mod\u00e8le:\u00a0<strong>Vampire\u00a0soft top 6&#8217;0<\/strong><\/li>\n<li>dimensions: <strong>6&#8217;0<\/strong><\/li>\n<li>d\u00e9rives: <strong>Futures Twins derives<\/strong><\/li>\n<li>rails <strong>50\/50<\/strong><\/li>\n<li>construction: <strong>mousse<\/strong><\/li>\n<li><strong>leash et d\u00e9rives inclus<\/strong><\/li>\n<\/ul>\n","protected":false},"featured_media":1086,"comment_status":"open","ping_status":"closed","template":"","meta":{"_seopress_robots_primary_cat":"none","jetpack_publicize_message":"","jetpack_publicize_feature_enabled":true,"jetpack_social_post_already_shared":false,"jetpack_social_options":{"image_generator_settings":{"template":"highway","default_image_id":0,"font":"","enabled":false},"version":2}},"product_cat":[72],"product_tag":[],"class_list":["post-1083","product","type-product","status-publish","has-post-thumbnail","hentry","product_cat-planche-debutant"],"acf":[],"jetpack_publicize_connections":[],"jetpack_sharing_enabled":true,"_links":{"self":[{"href":"https:\/\/msd.jeremybornerand.fr\/fr\/wp-json\/wp\/v2\/product\/1083","targetHints":{"allow":["GET"]}}],"collection":[{"href":"https:\/\/msd.jeremybornerand.fr\/fr\/wp-json\/wp\/v2\/product"}],"about":[{"href":"https:\/\/msd.jeremybornerand.fr\/fr\/wp-json\/wp\/v2\/types\/product"}],"replies":[{"embeddable":true,"href":"https:\/\/msd.jeremybornerand.fr\/fr\/wp-json\/wp\/v2\/comments?post=1083"}],"wp:featuredmedia":[{"embeddable":true,"href":"https:\/\/msd.jeremybornerand.fr\/fr\/wp-json\/wp\/v2\/media\/1086"}],"wp:attachment":[{"href":"https:\/\/msd.jeremybornerand.fr\/fr\/wp-json\/wp\/v2\/media?parent=1083"}],"wp:term":[{"taxonomy":"product_cat","embeddable":true,"href":"https:\/\/msd.jeremybornerand.fr\/fr\/wp-json\/wp\/v2\/product_cat?post=1083"},{"taxonomy":"product_tag","embeddable":true,"href":"https:\/\/msd.jeremybornerand.fr\/fr\/wp-json\/wp\/v2\/product_tag?post=1083"}],"curies":[{"name":"wp","href":"https:\/\/api.w.org\/{rel}","templated":true}]}}