{"id":1088,"date":"2023-09-27T15:45:57","date_gmt":"2023-09-27T13:45:57","guid":{"rendered":"https:\/\/dev.martysurfdelivery.com\/?post_type=product&#038;p=1088"},"modified":"2023-09-28T12:50:23","modified_gmt":"2023-09-28T10:50:23","slug":"soft-top-hurricane-quad-fish-60","status":"publish","type":"product","link":"https:\/\/msd.jeremybornerand.fr\/fr\/shop\/planche-debutant\/soft-top-hurricane-quad-fish-60\/","title":{"rendered":"SOFT TOP HURRICANE QUAD FISH 6&#8217;0"},"content":{"rendered":"<p>Location de planche de surf mousse Sanchez 6&#8217;0 sur Biarritz, Anglet et Bidart.<\/p>\n<p>Marty Surf Delivery propose un service de\u00a0location de planches de surf\u00a0pour\u00a0d\u00e9butants ou confirm\u00e9s\u00a0et vous livre \u00e0 domicile tout le mat\u00e9riel de surf (shortboard, longboard, combinaison) dont vous avez besoin de Biarritz \u00e0 Saint Jean de Luz \/ Gu\u00e9thary.<\/p>\n<p>Ne ratez plus une bonne session de surf sur Biarritz et la C\u00f4te Basque en profitant de notre service personnalis\u00e9 de\u00a0guide\u00a0Surf.<\/p>\n<p>Location de planche de surf mousse\u00a0sur Biarritz, Anglet et Bidart \u2013 Description produit<\/p>\n<p>La Sanchez 6&#8217;0 est une planche en mousse parfaite pour les d\u00e9butants ayant pris des cours de surf et d\u00e9sirant se lancer seuls. En effet, cette planche est construite en mousse avec deux couches de slick dur et des d\u00e9rives FCS ce qui donne \u00e0 la planche une bonne glisse et une bonne r\u00e9activit\u00e9.<\/p>\n","protected":false},"excerpt":{"rendered":"<ul>\n<li>marque: <strong>Soft tech<\/strong><\/li>\n<li>mod\u00e8le: <strong>Sanchez\u00a0<\/strong><\/li>\n<li>dimensions: <strong>6&#8217;0<\/strong><\/li>\n<li>d\u00e9rives: <strong>futures<\/strong><\/li>\n<li>rails <strong>50\/50<\/strong><\/li>\n<li>construction:<strong> slick + mousse<\/strong><\/li>\n<\/ul>\n","protected":false},"featured_media":1091,"comment_status":"open","ping_status":"closed","template":"","meta":{"_seopress_robots_primary_cat":"none","jetpack_publicize_message":"","jetpack_publicize_feature_enabled":true,"jetpack_social_post_already_shared":false,"jetpack_social_options":{"image_generator_settings":{"template":"highway","default_image_id":0,"font":"","enabled":false},"version":2}},"product_cat":[72],"product_tag":[],"class_list":["post-1088","product","type-product","status-publish","has-post-thumbnail","hentry","product_cat-planche-debutant"],"acf":[],"jetpack_publicize_connections":[],"jetpack_sharing_enabled":true,"_links":{"self":[{"href":"https:\/\/msd.jeremybornerand.fr\/fr\/wp-json\/wp\/v2\/product\/1088","targetHints":{"allow":["GET"]}}],"collection":[{"href":"https:\/\/msd.jeremybornerand.fr\/fr\/wp-json\/wp\/v2\/product"}],"about":[{"href":"https:\/\/msd.jeremybornerand.fr\/fr\/wp-json\/wp\/v2\/types\/product"}],"replies":[{"embeddable":true,"href":"https:\/\/msd.jeremybornerand.fr\/fr\/wp-json\/wp\/v2\/comments?post=1088"}],"wp:featuredmedia":[{"embeddable":true,"href":"https:\/\/msd.jeremybornerand.fr\/fr\/wp-json\/wp\/v2\/media\/1091"}],"wp:attachment":[{"href":"https:\/\/msd.jeremybornerand.fr\/fr\/wp-json\/wp\/v2\/media?parent=1088"}],"wp:term":[{"taxonomy":"product_cat","embeddable":true,"href":"https:\/\/msd.jeremybornerand.fr\/fr\/wp-json\/wp\/v2\/product_cat?post=1088"},{"taxonomy":"product_tag","embeddable":true,"href":"https:\/\/msd.jeremybornerand.fr\/fr\/wp-json\/wp\/v2\/product_tag?post=1088"}],"curies":[{"name":"wp","href":"https:\/\/api.w.org\/{rel}","templated":true}]}}