{"id":1126,"date":"2023-09-27T16:03:26","date_gmt":"2023-09-27T14:03:26","guid":{"rendered":"https:\/\/dev.martysurfdelivery.com\/?post_type=product&#038;p=1126"},"modified":"2023-09-28T14:12:11","modified_gmt":"2023-09-28T12:12:11","slug":"barre-de-toit-surf-single","status":"publish","type":"product","link":"https:\/\/msd.jeremybornerand.fr\/fr\/shop\/accessoires\/barre-de-toit-surf-single\/","title":{"rendered":"BARRE DE TOIT SURF SINGLE"},"content":{"rendered":"<p>Location de sangle de toit surf simple sur Biarritz, Anglet et Bidart.<\/p>\n<p>Marty Surf Delivery propose un service de\u00a0location de planches de surf\u00a0pour\u00a0d\u00e9butants ou confirm\u00e9s\u00a0et vous livre \u00e0 domicile tout le mat\u00e9riel de surf (shortboard, longboard, combinaison) dont vous avez besoin de Biarritz \u00e0 Saint Jean de Luz \/ Gu\u00e9thary.<\/p>\n<p>Ne ratez plus une bonne session de surf sur Biarritz et la C\u00f4te Basque en profitant de notre service personnalis\u00e9 de\u00a0guide\u00a0Surf.<\/p>\n<p>Location de sangle de toit surf simple sur Biarritz, Anglet et Bidart \u2013 Description produit<\/p>\n<p>Sangles de toit\u00a0simples avec coussins en mousse de protection\u00a0qui permettent de transporter jusqu&#8217;\u00e0 3 planches.<\/p>\n<p>Pas besoin de barres de toit, les sangles passent \u00e0 l&#8217;int\u00e9rieur du v\u00e9hicule.<\/p>\n<p>Adaptables sur tous types de v\u00e9hicules sans les endommager.<\/p>\n","protected":false},"excerpt":{"rendered":"<ul>\n<li>marque: <strong>Pro lite<\/strong><\/li>\n<li>modele: <strong>Pro lite single<\/strong><\/li>\n<li>construction: <strong>sangles + coussins de protection en mousse<\/strong><\/li>\n<li>capacit\u00e9: <strong>3 planches de surf<\/strong><\/li>\n<\/ul>\n","protected":false},"featured_media":1129,"comment_status":"open","ping_status":"closed","template":"","meta":{"_seopress_robots_primary_cat":"none","jetpack_publicize_message":"","jetpack_publicize_feature_enabled":true,"jetpack_social_post_already_shared":false,"jetpack_social_options":{"image_generator_settings":{"template":"highway","default_image_id":0,"font":"","enabled":false},"version":2}},"product_cat":[39],"product_tag":[],"class_list":["post-1126","product","type-product","status-publish","has-post-thumbnail","hentry","product_cat-accessoires"],"acf":[],"jetpack_publicize_connections":[],"jetpack_sharing_enabled":true,"_links":{"self":[{"href":"https:\/\/msd.jeremybornerand.fr\/fr\/wp-json\/wp\/v2\/product\/1126","targetHints":{"allow":["GET"]}}],"collection":[{"href":"https:\/\/msd.jeremybornerand.fr\/fr\/wp-json\/wp\/v2\/product"}],"about":[{"href":"https:\/\/msd.jeremybornerand.fr\/fr\/wp-json\/wp\/v2\/types\/product"}],"replies":[{"embeddable":true,"href":"https:\/\/msd.jeremybornerand.fr\/fr\/wp-json\/wp\/v2\/comments?post=1126"}],"wp:featuredmedia":[{"embeddable":true,"href":"https:\/\/msd.jeremybornerand.fr\/fr\/wp-json\/wp\/v2\/media\/1129"}],"wp:attachment":[{"href":"https:\/\/msd.jeremybornerand.fr\/fr\/wp-json\/wp\/v2\/media?parent=1126"}],"wp:term":[{"taxonomy":"product_cat","embeddable":true,"href":"https:\/\/msd.jeremybornerand.fr\/fr\/wp-json\/wp\/v2\/product_cat?post=1126"},{"taxonomy":"product_tag","embeddable":true,"href":"https:\/\/msd.jeremybornerand.fr\/fr\/wp-json\/wp\/v2\/product_tag?post=1126"}],"curies":[{"name":"wp","href":"https:\/\/api.w.org\/{rel}","templated":true}]}}