{"id":1149,"date":"2023-09-27T16:15:49","date_gmt":"2023-09-27T14:15:49","guid":{"rendered":"https:\/\/dev.martysurfdelivery.com\/?post_type=product&#038;p=1149"},"modified":"2023-09-28T15:52:48","modified_gmt":"2023-09-28T13:52:48","slug":"charriot-de-plage","status":"publish","type":"product","link":"https:\/\/msd.jeremybornerand.fr\/fr\/shop\/accessoires\/charriot-de-plage\/","title":{"rendered":"CHARRIOT DE PLAGE"},"content":{"rendered":"<p>Location de\u00a0charriot de plage sur Biarritz, Anglet et Bidart.<\/p>\n<p><span lang=\"fr\" xml:lang=\"fr\">Marty Surf Delivery propose un service de\u00a0location de planches de surf\u00a0pour\u00a0d\u00e9butants ou confirm\u00e9s\u00a0et vous livre \u00e0 domicile tout le mat\u00e9riel de surf (<\/span><a href=\"https:\/\/www.martysurfdelivery.com\/fr\/location-surf-biarritz-cote-basque\/planches-performance\/\" target=\"_blank\" rel=\"noopener\"><span lang=\"fr\" xml:lang=\"fr\">shortboard<\/span><\/a><span lang=\"fr\" xml:lang=\"fr\">,\u00a0<\/span><a href=\"https:\/\/www.martysurfdelivery.com\/fr\/location-surf-biarritz-cote-basque\/planches-longboard\/\" target=\"_blank\" rel=\"noopener\"><span lang=\"fr\" xml:lang=\"fr\">longboard<\/span><\/a><span lang=\"fr\" xml:lang=\"fr\">,\u00a0<\/span><a href=\"https:\/\/www.martysurfdelivery.com\/fr\/location-surf-biarritz-cote-basque\/combinaisons\/\" target=\"_blank\" rel=\"noopener\"><span lang=\"fr\" xml:lang=\"fr\">combinaison<\/span><\/a><span lang=\"fr\" xml:lang=\"fr\">) dont vous avez besoin de Biarritz \u00e0 Saint Jean de Luz \/ Gu\u00e9thary.<\/span><\/p>\n<p><span lang=\"fr\" xml:lang=\"fr\">Ne ratez plus une bonne session de surf sur Biarritz et la C\u00f4te Basque en profitant de notre service personnalis\u00e9 de\u00a0<\/span><a href=\"https:\/\/www.martysurfdelivery.com\/fr\/guide-surf-biarritz-cote-basque\/\" target=\"_blank\" rel=\"noopener\"><span lang=\"fr\" xml:lang=\"fr\">guide\u00a0Surf<\/span><\/a><span lang=\"fr\" xml:lang=\"fr\">.<\/span><\/p>\n<p>Location de chariot de plage sur Biarritz, Anglet et Bidart<\/p>\n<p>Description produit :<\/p>\n<p class=\"svelte-1ywj8ks\">Chariot de plage qui facilite\u00a0le transport de votre mat\u00e9riel jusqu&#8217;\u00e0 votre la plage.<\/p>\n<p class=\"svelte-1ywj8ks\">Il permet de vous aider \u00e0\u00a0porter votre mat\u00e9riel de plage sans effort de votre h\u00e9bergement vers la plage. Pour le rangement, le chariot se plie de mani\u00e8re compacte.<\/p>\n","protected":false},"excerpt":{"rendered":"<p>Dimensions : <strong>70 cm x 41 cm<\/strong><\/p>\n<p>Poids : <strong>8,5 kg<\/strong><\/p>\n<p>Contenance : <strong>84,6 L\u00a0<\/strong><\/p>\n","protected":false},"featured_media":1152,"comment_status":"open","ping_status":"closed","template":"","meta":{"_seopress_robots_primary_cat":"none","jetpack_publicize_message":"","jetpack_publicize_feature_enabled":true,"jetpack_social_post_already_shared":false,"jetpack_social_options":{"image_generator_settings":{"template":"highway","default_image_id":0,"font":"","enabled":false},"version":2}},"product_cat":[39],"product_tag":[],"class_list":["post-1149","product","type-product","status-publish","has-post-thumbnail","hentry","product_cat-accessoires"],"acf":[],"jetpack_publicize_connections":[],"jetpack_sharing_enabled":true,"_links":{"self":[{"href":"https:\/\/msd.jeremybornerand.fr\/fr\/wp-json\/wp\/v2\/product\/1149","targetHints":{"allow":["GET"]}}],"collection":[{"href":"https:\/\/msd.jeremybornerand.fr\/fr\/wp-json\/wp\/v2\/product"}],"about":[{"href":"https:\/\/msd.jeremybornerand.fr\/fr\/wp-json\/wp\/v2\/types\/product"}],"replies":[{"embeddable":true,"href":"https:\/\/msd.jeremybornerand.fr\/fr\/wp-json\/wp\/v2\/comments?post=1149"}],"wp:featuredmedia":[{"embeddable":true,"href":"https:\/\/msd.jeremybornerand.fr\/fr\/wp-json\/wp\/v2\/media\/1152"}],"wp:attachment":[{"href":"https:\/\/msd.jeremybornerand.fr\/fr\/wp-json\/wp\/v2\/media?parent=1149"}],"wp:term":[{"taxonomy":"product_cat","embeddable":true,"href":"https:\/\/msd.jeremybornerand.fr\/fr\/wp-json\/wp\/v2\/product_cat?post=1149"},{"taxonomy":"product_tag","embeddable":true,"href":"https:\/\/msd.jeremybornerand.fr\/fr\/wp-json\/wp\/v2\/product_tag?post=1149"}],"curies":[{"name":"wp","href":"https:\/\/api.w.org\/{rel}","templated":true}]}}