{"id":1154,"date":"2023-09-27T16:17:06","date_gmt":"2023-09-27T14:17:06","guid":{"rendered":"https:\/\/dev.martysurfdelivery.com\/?post_type=product&#038;p=1154"},"modified":"2023-09-28T15:56:12","modified_gmt":"2023-09-28T13:56:12","slug":"douche-solaire-portable","status":"publish","type":"product","link":"https:\/\/msd.jeremybornerand.fr\/fr\/shop\/accessoires\/douche-solaire-portable\/","title":{"rendered":"DOUCHE SOLAIRE PORTABLE"},"content":{"rendered":"<p>Location de sangle de toit surf simple sur Biarritz, Anglet et Bidart.<\/p>\n<p>Marty Surf Delivery propose un service de\u00a0location de planches de surf\u00a0pour\u00a0d\u00e9butants ou confirm\u00e9s\u00a0et vous livre \u00e0 domicile tout le mat\u00e9riel de surf (shortboard, longboard, combinaison) dont vous avez besoin de Biarritz \u00e0 Saint Jean de Luz \/ Gu\u00e9thary.<\/p>\n<p>Ne ratez plus une bonne session de surf sur Biarritz et la C\u00f4te Basque en profitant de notre service personnalis\u00e9 de\u00a0guide\u00a0Surf.<\/p>\n<p>Location de douche solaire portable sur Biarritz, Anglet et Bidart \u2013 Description produit<\/p>\n<p>Une douche solaire portable pour les sessions d&#8217;\u00e9t\u00e9 et d&#8217;hiver.<\/p>\n<p>Cette douche chaude portable vous redonnera l&#8217;envie d&#8217;aller surfer sur la c\u00f4te l&#8217;hiver.<\/p>\n","protected":false},"excerpt":{"rendered":"<ul>\n<li>marque: <strong>Decathlon<\/strong><\/li>\n<li>modele: <strong>douche solaire \u00e0 pression<\/strong><\/li>\n<li>caract\u00e9ristique: <strong>Douche 8 litres \u00e0 pression<\/strong><\/li>\n<\/ul>\n","protected":false},"featured_media":1157,"comment_status":"open","ping_status":"closed","template":"","meta":{"_seopress_robots_primary_cat":"none","jetpack_publicize_message":"","jetpack_publicize_feature_enabled":true,"jetpack_social_post_already_shared":false,"jetpack_social_options":{"image_generator_settings":{"template":"highway","default_image_id":0,"font":"","enabled":false},"version":2}},"product_cat":[39],"product_tag":[],"class_list":["post-1154","product","type-product","status-publish","has-post-thumbnail","hentry","product_cat-accessoires"],"acf":[],"jetpack_publicize_connections":[],"jetpack_sharing_enabled":true,"_links":{"self":[{"href":"https:\/\/msd.jeremybornerand.fr\/fr\/wp-json\/wp\/v2\/product\/1154","targetHints":{"allow":["GET"]}}],"collection":[{"href":"https:\/\/msd.jeremybornerand.fr\/fr\/wp-json\/wp\/v2\/product"}],"about":[{"href":"https:\/\/msd.jeremybornerand.fr\/fr\/wp-json\/wp\/v2\/types\/product"}],"replies":[{"embeddable":true,"href":"https:\/\/msd.jeremybornerand.fr\/fr\/wp-json\/wp\/v2\/comments?post=1154"}],"wp:featuredmedia":[{"embeddable":true,"href":"https:\/\/msd.jeremybornerand.fr\/fr\/wp-json\/wp\/v2\/media\/1157"}],"wp:attachment":[{"href":"https:\/\/msd.jeremybornerand.fr\/fr\/wp-json\/wp\/v2\/media?parent=1154"}],"wp:term":[{"taxonomy":"product_cat","embeddable":true,"href":"https:\/\/msd.jeremybornerand.fr\/fr\/wp-json\/wp\/v2\/product_cat?post=1154"},{"taxonomy":"product_tag","embeddable":true,"href":"https:\/\/msd.jeremybornerand.fr\/fr\/wp-json\/wp\/v2\/product_tag?post=1154"}],"curies":[{"name":"wp","href":"https:\/\/api.w.org\/{rel}","templated":true}]}}