{"id":1159,"date":"2023-09-27T16:18:50","date_gmt":"2023-09-27T14:18:50","guid":{"rendered":"https:\/\/dev.martysurfdelivery.com\/?post_type=product&#038;p=1159"},"modified":"2023-09-30T15:23:08","modified_gmt":"2023-09-30T13:23:08","slug":"cadenas-boitier-anti-vol","status":"publish","type":"product","link":"https:\/\/msd.jeremybornerand.fr\/fr\/shop\/accessoires\/cadenas-boitier-anti-vol\/","title":{"rendered":"CADENAS BOITIER ANTI-VOL"},"content":{"rendered":"<p>Location de cadenas boitier anti-vol sur Biarritz, Anglet et Bidart.<\/p>\n<p>Marty Surf Delivery propose un service de\u00a0location de planches de surf\u00a0pour\u00a0d\u00e9butants ou confirm\u00e9s\u00a0et vous livre \u00e0 domicile tout le mat\u00e9riel de surf (shortboard, longboard, combinaison) dont vous avez besoin de Biarritz \u00e0 Saint Jean de Luz \/ Gu\u00e9thary.<\/p>\n<p>Ne ratez plus une bonne session de surf sur Biarritz et la C\u00f4te Basque en profitant de notre service personnalis\u00e9 de\u00a0guide\u00a0Surf.<\/p>\n<p>Location de cadenas boitier anti-vol sur Biarritz, Anglet et Bidart \u2013 Description produit<\/p>\n<p>Ce cadenas boitier anti-vol pourrait vous \u00eatre tr\u00e8s utile si vous allez surfer seul et n&#8217;avez personne \u00e0 qui donner vos clefs.<\/p>\n<p>Tr\u00e8s simple d&#8217;utilisation, il pourrait vous \u00e9viter de gros ennuis.<\/p>\n","protected":false},"excerpt":{"rendered":"<ul>\n<li>marque:<strong> Surf System<\/strong><\/li>\n<li>modele: <strong>Cadenas Boitier anti-vol<\/strong><\/li>\n<li>caract\u00e9ristique: <strong>cadenas \u00e0 code tr\u00e8s simple d&#8217;utilisation<\/strong><\/li>\n<\/ul>\n","protected":false},"featured_media":1162,"comment_status":"open","ping_status":"closed","template":"","meta":{"_seopress_robots_primary_cat":"none","jetpack_publicize_message":"","jetpack_publicize_feature_enabled":true,"jetpack_social_post_already_shared":false,"jetpack_social_options":{"image_generator_settings":{"template":"highway","default_image_id":0,"font":"","enabled":false},"version":2}},"product_cat":[39],"product_tag":[],"class_list":["post-1159","product","type-product","status-publish","has-post-thumbnail","hentry","product_cat-accessoires"],"acf":[],"jetpack_publicize_connections":[],"jetpack_sharing_enabled":true,"_links":{"self":[{"href":"https:\/\/msd.jeremybornerand.fr\/fr\/wp-json\/wp\/v2\/product\/1159","targetHints":{"allow":["GET"]}}],"collection":[{"href":"https:\/\/msd.jeremybornerand.fr\/fr\/wp-json\/wp\/v2\/product"}],"about":[{"href":"https:\/\/msd.jeremybornerand.fr\/fr\/wp-json\/wp\/v2\/types\/product"}],"replies":[{"embeddable":true,"href":"https:\/\/msd.jeremybornerand.fr\/fr\/wp-json\/wp\/v2\/comments?post=1159"}],"wp:featuredmedia":[{"embeddable":true,"href":"https:\/\/msd.jeremybornerand.fr\/fr\/wp-json\/wp\/v2\/media\/1162"}],"wp:attachment":[{"href":"https:\/\/msd.jeremybornerand.fr\/fr\/wp-json\/wp\/v2\/media?parent=1159"}],"wp:term":[{"taxonomy":"product_cat","embeddable":true,"href":"https:\/\/msd.jeremybornerand.fr\/fr\/wp-json\/wp\/v2\/product_cat?post=1159"},{"taxonomy":"product_tag","embeddable":true,"href":"https:\/\/msd.jeremybornerand.fr\/fr\/wp-json\/wp\/v2\/product_tag?post=1159"}],"curies":[{"name":"wp","href":"https:\/\/api.w.org\/{rel}","templated":true}]}}