{"id":1791,"date":"2025-07-21T09:28:38","date_gmt":"2025-07-21T07:28:38","guid":{"rendered":"https:\/\/dev.martysurfdelivery.com\/?post_type=product&#038;p=1791"},"modified":"2025-07-21T09:28:38","modified_gmt":"2025-07-21T07:28:38","slug":"in-the-pink-91","status":"publish","type":"product","link":"https:\/\/msd.jeremybornerand.fr\/fr\/shop\/planches-longboard\/in-the-pink-91\/","title":{"rendered":"In The Pink 9&#8217;1"},"content":{"rendered":"<p><strong>Location de longboards\u00a0sur Biarritz, Anglet et Bidart.\u00a0<\/strong><\/p>\n<p>Marty Surf Delivery propose un service de\u00a0<strong>location de planches de surf<\/strong>\u00a0pour\u00a0d\u00e9butants ou confirm\u00e9s\u00a0et vous\u00a0<strong>livre \u00e0 domicile<\/strong>\u00a0tout le mat\u00e9riel de surf (shortboard, longboard, combinaison) dont vous avez besoin de\u00a0<strong>Biarritz<\/strong>\u00a0\u00e0\u00a0<strong>Saint Jean de Luz \/ Gu\u00e9thary<\/strong>.<\/p>\n<p>Ne ratez plus une bonne session de surf sur\u00a0<strong>Biarritz<\/strong>\u00a0et la\u00a0<strong>C\u00f4te Basque\u00a0<\/strong>en profitant de notre service personnalis\u00e9 de<strong>\u00a0<a href=\"https:\/\/www.martysurfdelivery.com\/fr\/guide-surf-biarritz-cote-basque\/\" target=\"_blank\" rel=\"noopener\">guide\u00a0Surf<\/a><\/strong>.<\/p>\n<p><strong>Location de longboards sur Biarritz, Anglet et Bidart \u2013 Description produit<\/strong><\/p>\n<p>Le <strong>Longboard Donald Takayama In The Pink<\/strong> est un mod\u00e8le reconnu pour sa stabilit\u00e9, tout en offrant une bonne agilit\u00e9 dans les vegues creuses. Il est appr\u00e9ci\u00e9 pour sa forme polyvalente qui convient aussi bien aux amateurs de Longboard Old School qu&#8217;aux puristes du style progressif.<\/p>\n<p>Ce longboard est id\u00e9al pour surfer les petites vagues de la\u00a0<strong>c\u00f4te des basques de Biarritz<\/strong>.<\/p>\n","protected":false},"excerpt":{"rendered":"<ul>\n<li>Marque: <strong>Marty surf shop<\/strong><\/li>\n<li>Modele: <strong>In The Pink 9&#8217;1<\/strong><\/li>\n<li>Dimensions: <strong>9&#8217;1 x 22 15\/16 x 2 15\/16<\/strong><\/li>\n<li>Fins set up: <strong>centrales + sides<\/strong><\/li>\n<li>Rails <strong>50\/50 <\/strong><\/li>\n<li>Resin: <strong>Epoxy<\/strong><\/li>\n<li><strong>Leash, d\u00e9rives, boardbag inclus<\/strong><\/li>\n<\/ul>\n","protected":false},"featured_media":1795,"comment_status":"open","ping_status":"closed","template":"","meta":{"_seopress_robots_primary_cat":"","jetpack_publicize_message":"","jetpack_publicize_feature_enabled":true,"jetpack_social_post_already_shared":true,"jetpack_social_options":{"image_generator_settings":{"template":"highway","default_image_id":0,"font":"","enabled":false},"version":2}},"product_cat":[30],"product_tag":[],"class_list":["post-1791","product","type-product","status-publish","has-post-thumbnail","hentry","product_cat-planches-longboard"],"acf":[],"jetpack_publicize_connections":[],"jetpack_sharing_enabled":true,"_links":{"self":[{"href":"https:\/\/msd.jeremybornerand.fr\/fr\/wp-json\/wp\/v2\/product\/1791","targetHints":{"allow":["GET"]}}],"collection":[{"href":"https:\/\/msd.jeremybornerand.fr\/fr\/wp-json\/wp\/v2\/product"}],"about":[{"href":"https:\/\/msd.jeremybornerand.fr\/fr\/wp-json\/wp\/v2\/types\/product"}],"replies":[{"embeddable":true,"href":"https:\/\/msd.jeremybornerand.fr\/fr\/wp-json\/wp\/v2\/comments?post=1791"}],"wp:featuredmedia":[{"embeddable":true,"href":"https:\/\/msd.jeremybornerand.fr\/fr\/wp-json\/wp\/v2\/media\/1795"}],"wp:attachment":[{"href":"https:\/\/msd.jeremybornerand.fr\/fr\/wp-json\/wp\/v2\/media?parent=1791"}],"wp:term":[{"taxonomy":"product_cat","embeddable":true,"href":"https:\/\/msd.jeremybornerand.fr\/fr\/wp-json\/wp\/v2\/product_cat?post=1791"},{"taxonomy":"product_tag","embeddable":true,"href":"https:\/\/msd.jeremybornerand.fr\/fr\/wp-json\/wp\/v2\/product_tag?post=1791"}],"curies":[{"name":"wp","href":"https:\/\/api.w.org\/{rel}","templated":true}]}}