{"id":1808,"date":"2025-07-21T11:25:36","date_gmt":"2025-07-21T09:25:36","guid":{"rendered":"https:\/\/dev.martysurfdelivery.com\/?post_type=product&#038;p=1808"},"modified":"2025-07-21T11:25:37","modified_gmt":"2025-07-21T09:25:37","slug":"firewire-sci-fi-2-0-510","status":"publish","type":"product","link":"https:\/\/msd.jeremybornerand.fr\/fr\/shop\/planches-performance\/firewire-sci-fi-2-0-510\/","title":{"rendered":"FIREWIRE-SCI-FI-2.0-5&#8217;10"},"content":{"rendered":"<p><strong>Location de FIREWIRE Sci-Fi\u00a0sur Biarritz, Anglet et Bidart.\u00a0<\/strong><\/p>\n<p>Marty Surf Delivery propose un service de\u00a0<strong>location de planches de surf<\/strong>\u00a0pour\u00a0d\u00e9butants ou confirm\u00e9s\u00a0et vous\u00a0<strong>livre \u00e0 domicile<\/strong>\u00a0tout le mat\u00e9riel de surf (shortboard, longboard, combinaison) dont vous avez besoin de\u00a0<strong>Biarritz<\/strong>\u00a0\u00e0\u00a0<strong>Saint Jean de Luz \/ Gu\u00e9thary<\/strong>.<\/p>\n<p>Ne ratez plus une bonne session de surf sur\u00a0<strong>Biarritz<\/strong>\u00a0et la\u00a0<strong>C\u00f4te Basque\u00a0<\/strong>en profitant de notre service personnalis\u00e9 de<strong>\u00a0<a href=\"https:\/\/www.martysurfdelivery.com\/fr\/guide-surf-biarritz-cote-basque\/\" target=\"_blank\" rel=\"noopener\">guide\u00a0Surf<\/a><\/strong>.<\/p>\n<p><strong>Location de shortboard Marty Surf Shop Sci-Fi 2.0 5&#8217;10 sur Biarritz, Anglet et Bidart \u2013 Description produit<\/strong><\/p>\n<p>Le <strong>Sci-Fi 2.0<\/strong> dispose d\u2019un point large vers l\u2019avant centre, ce qui permet \u00e0 la planche d\u2019\u00eatre rid\u00e9 1&#8243; plus court que son pr\u00e9d\u00e9cesseur avec plus de volume emball\u00e9 dans une longueur plus courte. Elle a \u00e9galement un tail et un rocker plus tir\u00e9s (similaire au Cymatic) donnant au design une plus grande port\u00e9e que l\u2019original, tout en conservant de bonnes prouesses dans des petites vagues.<\/p>\n","protected":false},"excerpt":{"rendered":"<ul>\n<li>Marque: <strong>Marty surf shop<\/strong><\/li>\n<li>Modele: <strong>Sci-Fi 2.0 5&#8217;10<\/strong><\/li>\n<li>Dimensions: <strong>5&#8217;10 x 19&#8243;5\/8 x 2&#8243;9\/16 &#8211; 32,2 Litres<\/strong><\/li>\n<li>Fins set up: <strong>future thruster or quad<\/strong><\/li>\n<li>Rails <strong>50\/50<\/strong><\/li>\n<li>Resin: <strong>Epoxy<\/strong><\/li>\n<li><strong>Leash, d\u00e9rives, boardbag inclus<\/strong><\/li>\n<\/ul>\n","protected":false},"featured_media":1812,"comment_status":"open","ping_status":"closed","template":"","meta":{"_seopress_robots_primary_cat":"","jetpack_publicize_message":"","jetpack_publicize_feature_enabled":true,"jetpack_social_post_already_shared":true,"jetpack_social_options":{"image_generator_settings":{"template":"highway","default_image_id":0,"font":"","enabled":false},"version":2}},"product_cat":[51],"product_tag":[],"class_list":["post-1808","product","type-product","status-publish","has-post-thumbnail","hentry","product_cat-planches-performance"],"acf":[],"jetpack_publicize_connections":[],"jetpack_sharing_enabled":true,"_links":{"self":[{"href":"https:\/\/msd.jeremybornerand.fr\/fr\/wp-json\/wp\/v2\/product\/1808","targetHints":{"allow":["GET"]}}],"collection":[{"href":"https:\/\/msd.jeremybornerand.fr\/fr\/wp-json\/wp\/v2\/product"}],"about":[{"href":"https:\/\/msd.jeremybornerand.fr\/fr\/wp-json\/wp\/v2\/types\/product"}],"replies":[{"embeddable":true,"href":"https:\/\/msd.jeremybornerand.fr\/fr\/wp-json\/wp\/v2\/comments?post=1808"}],"wp:featuredmedia":[{"embeddable":true,"href":"https:\/\/msd.jeremybornerand.fr\/fr\/wp-json\/wp\/v2\/media\/1812"}],"wp:attachment":[{"href":"https:\/\/msd.jeremybornerand.fr\/fr\/wp-json\/wp\/v2\/media?parent=1808"}],"wp:term":[{"taxonomy":"product_cat","embeddable":true,"href":"https:\/\/msd.jeremybornerand.fr\/fr\/wp-json\/wp\/v2\/product_cat?post=1808"},{"taxonomy":"product_tag","embeddable":true,"href":"https:\/\/msd.jeremybornerand.fr\/fr\/wp-json\/wp\/v2\/product_tag?post=1808"}],"curies":[{"name":"wp","href":"https:\/\/api.w.org\/{rel}","templated":true}]}}