{"id":1825,"date":"2025-07-23T14:40:59","date_gmt":"2025-07-23T12:40:59","guid":{"rendered":"https:\/\/dev.martysurfdelivery.com\/?post_type=product&#038;p=1825"},"modified":"2025-07-23T14:41:26","modified_gmt":"2025-07-23T12:41:26","slug":"firewire-mashup-57-swallow","status":"publish","type":"product","link":"https:\/\/msd.jeremybornerand.fr\/fr\/shop\/planches-performance\/firewire-mashup-57-swallow\/","title":{"rendered":"FIREWIRE-MASHUP-5&#8217;7-SWALLOW"},"content":{"rendered":"<p><strong>Location de planches performance\u00a0sur Biarritz, Anglet et Bidart.\u00a0<\/strong><\/p>\n<p>Marty Surf Delivery propose un service de\u00a0<strong>location de planches de surf<\/strong>\u00a0pour\u00a0d\u00e9butants ou confirm\u00e9s\u00a0et vous\u00a0<strong>livre \u00e0 domicile<\/strong>\u00a0tout le mat\u00e9riel de surf (shortboard, longboard, combinaison) dont vous avez besoin de\u00a0<strong>Biarritz<\/strong>\u00a0\u00e0\u00a0<strong>Saint Jean de Luz \/ Gu\u00e9thary<\/strong>.<\/p>\n<p>Ne ratez plus une bonne session de surf sur\u00a0<strong>Biarritz<\/strong>\u00a0et la\u00a0<strong>C\u00f4te Basque\u00a0<\/strong>en profitant de notre service personnalis\u00e9 de<strong>\u00a0<a href=\"https:\/\/www.martysurfdelivery.com\/fr\/guide-surf-biarritz-cote-basque\/\" target=\"_blank\" rel=\"noopener\">guide\u00a0Surf<\/a><\/strong>.<\/p>\n<p><strong>Location de firewire mashup sur Biarritz, Anglet et Bidart \u2013 Description produit<\/strong><\/p>\n<p>Rob Machado et Dan Mann ont uni leurs talents pour cr\u00e9er la <strong>Mashup<\/strong> : une fusion de leurs mod\u00e8les les plus embl\u00e9matiques, la Seaside et la Spitfire.<\/p>\n<p>Apr\u00e8s avoir longuement mix\u00e9 les meilleurs \u00e9l\u00e9ments de chaque shape, ils ont abouti \u00e0 une planche capable d\u2019aller aussi vite dans les petites vagues que la Seaside, tout en offrant autant de verticalit\u00e9 et de relance dans les bonnes conditions que la Spitfire.<\/p>\n","protected":false},"excerpt":{"rendered":"<ul>\n<li>Marque: <strong>Marty surf shop<\/strong><\/li>\n<li>Modele: <strong>Mashup 5&#8217;7 Swallow<\/strong><\/li>\n<li>Dimensions: <strong>5&#8217;7 x 19 11\/16&#8243; x 2 5\/8&#8243; &#8211; 31.4 Litres<\/strong><\/li>\n<li>Fins set up: <strong>future thruster or quad<\/strong><\/li>\n<li>Rails <strong>50\/50<\/strong><\/li>\n<li>Resin: <strong>Epoxy<\/strong><\/li>\n<li><strong>Leash, d\u00e9rives, boardbag inclus<\/strong><\/li>\n<\/ul>\n","protected":false},"featured_media":1829,"comment_status":"open","ping_status":"closed","template":"","meta":{"_seopress_robots_primary_cat":"none","jetpack_publicize_message":"","jetpack_publicize_feature_enabled":true,"jetpack_social_post_already_shared":true,"jetpack_social_options":{"image_generator_settings":{"template":"highway","default_image_id":0,"font":"","enabled":false},"version":2}},"product_cat":[51],"product_tag":[],"class_list":["post-1825","product","type-product","status-publish","has-post-thumbnail","hentry","product_cat-planches-performance"],"acf":[],"jetpack_publicize_connections":[],"jetpack_sharing_enabled":true,"_links":{"self":[{"href":"https:\/\/msd.jeremybornerand.fr\/fr\/wp-json\/wp\/v2\/product\/1825","targetHints":{"allow":["GET"]}}],"collection":[{"href":"https:\/\/msd.jeremybornerand.fr\/fr\/wp-json\/wp\/v2\/product"}],"about":[{"href":"https:\/\/msd.jeremybornerand.fr\/fr\/wp-json\/wp\/v2\/types\/product"}],"replies":[{"embeddable":true,"href":"https:\/\/msd.jeremybornerand.fr\/fr\/wp-json\/wp\/v2\/comments?post=1825"}],"wp:featuredmedia":[{"embeddable":true,"href":"https:\/\/msd.jeremybornerand.fr\/fr\/wp-json\/wp\/v2\/media\/1829"}],"wp:attachment":[{"href":"https:\/\/msd.jeremybornerand.fr\/fr\/wp-json\/wp\/v2\/media?parent=1825"}],"wp:term":[{"taxonomy":"product_cat","embeddable":true,"href":"https:\/\/msd.jeremybornerand.fr\/fr\/wp-json\/wp\/v2\/product_cat?post=1825"},{"taxonomy":"product_tag","embeddable":true,"href":"https:\/\/msd.jeremybornerand.fr\/fr\/wp-json\/wp\/v2\/product_tag?post=1825"}],"curies":[{"name":"wp","href":"https:\/\/api.w.org\/{rel}","templated":true}]}}