{"id":1833,"date":"2025-07-23T14:49:33","date_gmt":"2025-07-23T12:49:33","guid":{"rendered":"https:\/\/dev.martysurfdelivery.com\/?post_type=product&#038;p=1833"},"modified":"2025-07-23T14:49:33","modified_gmt":"2025-07-23T12:49:33","slug":"firewire-seaside-59-swallow","status":"publish","type":"product","link":"https:\/\/msd.jeremybornerand.fr\/fr\/shop\/planches-performance\/firewire-seaside-59-swallow\/","title":{"rendered":"FIREWIRE-SEASIDE-5&#8217;9-SWALLOW"},"content":{"rendered":"<p><strong>Location de planches de surf\u00a0sur Biarritz, Anglet et Bidart.\u00a0<\/strong><\/p>\n<p>Marty Surf Delivery propose un service de\u00a0<strong>location de planches de surf<\/strong>\u00a0pour\u00a0d\u00e9butants ou confirm\u00e9s\u00a0et vous\u00a0<strong>livre \u00e0 domicile<\/strong>\u00a0tout le mat\u00e9riel de surf (shortboard, longboard, combinaison) dont vous avez besoin de\u00a0<strong>Biarritz<\/strong>\u00a0\u00e0\u00a0<strong>Saint Jean de Luz \/ Gu\u00e9thary<\/strong>.<\/p>\n<p>Ne ratez plus une bonne session de surf sur\u00a0<strong>Biarritz<\/strong>\u00a0et la\u00a0<strong>C\u00f4te Basque\u00a0<\/strong>en profitant de notre service personnalis\u00e9 de<strong>\u00a0<a href=\"https:\/\/www.martysurfdelivery.com\/fr\/guide-surf-biarritz-cote-basque\/\" target=\"_blank\" rel=\"noopener\">guide\u00a0Surf<\/a><\/strong>.<\/p>\n<p><strong>Location de firewire seaside sur Biarritz, Anglet et Bidart \u2013 Description produit<\/strong><\/p>\n<p>La planche de surf <strong>Firewire Seaside<\/strong> est une \u00e9volution de la Firewire Go Fish. Rob Machado voulait quelque chose de plus performant, une planche capable de faire des courbes plus ferm\u00e9s.<\/p>\n<p>C\u2019est ce qu\u2019il a r\u00e9alis\u00e9 avec la Seaside, avec de petits changements de shape: un tail plus \u00e9troite, un nose plus rond et plus \u00e9troit.<\/p>\n","protected":false},"excerpt":{"rendered":"<ul>\n<li>Marque: <strong>Marty surf shop<\/strong><\/li>\n<li>Modele: <strong>Seaside 5&#8217;9 swallow<\/strong><\/li>\n<li>Dimensions: <strong>5&#8217;9&#8221; X 22 1\/4&#8221; X 2 5\/8&#8221; &#8211; 37.3Litres<\/strong><\/li>\n<li>Fins set up: <strong>future quad<\/strong><\/li>\n<li>Rails <strong>50\/50<\/strong><\/li>\n<li>Resin: <strong>Epoxy<\/strong><\/li>\n<li><strong>Leash, d\u00e9rives, boardbag inclus<\/strong><\/li>\n<\/ul>\n","protected":false},"featured_media":1837,"comment_status":"open","ping_status":"closed","template":"","meta":{"_seopress_robots_primary_cat":"","jetpack_publicize_message":"","jetpack_publicize_feature_enabled":true,"jetpack_social_post_already_shared":true,"jetpack_social_options":{"image_generator_settings":{"template":"highway","default_image_id":0,"font":"","enabled":false},"version":2}},"product_cat":[51],"product_tag":[],"class_list":["post-1833","product","type-product","status-publish","has-post-thumbnail","hentry","product_cat-planches-performance"],"acf":[],"jetpack_publicize_connections":[],"jetpack_sharing_enabled":true,"_links":{"self":[{"href":"https:\/\/msd.jeremybornerand.fr\/fr\/wp-json\/wp\/v2\/product\/1833","targetHints":{"allow":["GET"]}}],"collection":[{"href":"https:\/\/msd.jeremybornerand.fr\/fr\/wp-json\/wp\/v2\/product"}],"about":[{"href":"https:\/\/msd.jeremybornerand.fr\/fr\/wp-json\/wp\/v2\/types\/product"}],"replies":[{"embeddable":true,"href":"https:\/\/msd.jeremybornerand.fr\/fr\/wp-json\/wp\/v2\/comments?post=1833"}],"wp:featuredmedia":[{"embeddable":true,"href":"https:\/\/msd.jeremybornerand.fr\/fr\/wp-json\/wp\/v2\/media\/1837"}],"wp:attachment":[{"href":"https:\/\/msd.jeremybornerand.fr\/fr\/wp-json\/wp\/v2\/media?parent=1833"}],"wp:term":[{"taxonomy":"product_cat","embeddable":true,"href":"https:\/\/msd.jeremybornerand.fr\/fr\/wp-json\/wp\/v2\/product_cat?post=1833"},{"taxonomy":"product_tag","embeddable":true,"href":"https:\/\/msd.jeremybornerand.fr\/fr\/wp-json\/wp\/v2\/product_tag?post=1833"}],"curies":[{"name":"wp","href":"https:\/\/api.w.org\/{rel}","templated":true}]}}