{"id":544,"date":"2023-09-21T12:14:51","date_gmt":"2023-09-21T10:14:51","guid":{"rendered":"https:\/\/dev.martysurfdelivery.com\/?post_type=product&#038;p=544"},"modified":"2023-09-21T12:26:28","modified_gmt":"2023-09-21T10:26:28","slug":"mss-90-perf","status":"publish","type":"product","link":"https:\/\/msd.jeremybornerand.fr\/fr\/shop\/planches-longboard\/mss-90-perf\/","title":{"rendered":"MSS 9&#8217;0 PERF"},"content":{"rendered":"<h3>Location de longboard polyester sur Biarritz, Anglet et Bidart.<\/h3>\n<p>&nbsp;<\/p>\n<p><span lang=\"fr\" xml:lang=\"fr\">Marty Surf Delivery propose un service de\u00a0location de planches de surf\u00a0pour\u00a0d\u00e9butants ou confirm\u00e9s\u00a0et vous livre \u00e0 domicile tout le mat\u00e9riel de surf (<\/span><a href=\"https:\/\/www.martysurfdelivery.com\/fr\/location-surf-biarritz-cote-basque\/planches-performance\/\" target=\"_blank\" rel=\"noopener\"><span lang=\"fr\" xml:lang=\"fr\">shortboard<\/span><\/a><span lang=\"fr\" xml:lang=\"fr\">,\u00a0<a href=\"https:\/\/www.martysurfdelivery.com\/fr\/location-surf-biarritz-cote-basque\/planches-debutant\/\" target=\"_blank\" rel=\"noopener\">planche d\u00e9butant<\/a><\/span><span lang=\"fr\" xml:lang=\"fr\">,\u00a0<\/span><a href=\"https:\/\/www.martysurfdelivery.com\/fr\/location-surf-biarritz-cote-basque\/combinaisons\/\" target=\"_blank\" rel=\"noopener\"><span lang=\"fr\" xml:lang=\"fr\">combinaison<\/span><\/a><span lang=\"fr\" xml:lang=\"fr\">) dont vous avez besoin de Biarritz \u00e0 Saint Jean de Luz \/ Gu\u00e9thary.<\/span><\/p>\n<p><span lang=\"fr\" xml:lang=\"fr\">Ne ratez plus une bonne session de surf sur Biarritz et la C\u00f4te Basque en profitant de notre service personnalis\u00e9 de\u00a0<\/span><a href=\"https:\/\/www.martysurfdelivery.com\/fr\/guide-surf-biarritz-cote-basque\/\" target=\"_blank\" rel=\"noopener\"><span lang=\"fr\" xml:lang=\"fr\">guide\u00a0Surf<\/span><\/a><span lang=\"fr\" xml:lang=\"fr\">.<\/span><\/p>\n<p>&nbsp;<\/p>\n<h3>Description produit<\/h3>\n<p>&nbsp;<\/p>\n<p>Le MSS 9&#8217;0 PERF est un longboard performance id\u00e9al pour les petites conditions d&#8217;\u00e9t\u00e9. Son outline et ses d\u00e9rives mont\u00e9es en 2+1 vous offriront une tr\u00e8s bonne manoeuvrabilit\u00e9. Sa cuill\u00e8re vous permettra \u00e9galement de vous avancer sur le nose et de m\u00ealer un surf moderne et r\u00e9tro.<\/p>\n<p>Ce longboard est id\u00e9al pour surfer des vagues petites \u00e0 moyennes sur les beach breaks et les reef breaks de la c\u00f4te Basque.<\/p>\n","protected":false},"excerpt":{"rendered":"<ul>\n<li>marque: Marty Surf Shop Surfboard<\/li>\n<li>mod\u00e8le: performance 9&#8217;0<\/li>\n<li>dimensions:\u00a09&#8217;0x22&#8217;1\/2&#215;3&#8242;<\/li>\n<li>d\u00e9rives: centrale + sides<\/li>\n<li>rails 50\/50<\/li>\n<li>construction: polyester<\/li>\n<li>leash, d\u00e9rives, boardbag inclus<\/li>\n<\/ul>\n","protected":false},"featured_media":529,"comment_status":"open","ping_status":"closed","template":"","meta":{"_seopress_robots_primary_cat":"none","jetpack_publicize_message":"","jetpack_publicize_feature_enabled":true,"jetpack_social_post_already_shared":false,"jetpack_social_options":{"image_generator_settings":{"template":"highway","default_image_id":0,"font":"","enabled":false},"version":2}},"product_cat":[30],"product_tag":[],"class_list":["post-544","product","type-product","status-publish","has-post-thumbnail","hentry","product_cat-planches-longboard"],"acf":[],"jetpack_publicize_connections":[],"jetpack_sharing_enabled":true,"_links":{"self":[{"href":"https:\/\/msd.jeremybornerand.fr\/fr\/wp-json\/wp\/v2\/product\/544","targetHints":{"allow":["GET"]}}],"collection":[{"href":"https:\/\/msd.jeremybornerand.fr\/fr\/wp-json\/wp\/v2\/product"}],"about":[{"href":"https:\/\/msd.jeremybornerand.fr\/fr\/wp-json\/wp\/v2\/types\/product"}],"replies":[{"embeddable":true,"href":"https:\/\/msd.jeremybornerand.fr\/fr\/wp-json\/wp\/v2\/comments?post=544"}],"wp:featuredmedia":[{"embeddable":true,"href":"https:\/\/msd.jeremybornerand.fr\/fr\/wp-json\/wp\/v2\/media\/529"}],"wp:attachment":[{"href":"https:\/\/msd.jeremybornerand.fr\/fr\/wp-json\/wp\/v2\/media?parent=544"}],"wp:term":[{"taxonomy":"product_cat","embeddable":true,"href":"https:\/\/msd.jeremybornerand.fr\/fr\/wp-json\/wp\/v2\/product_cat?post=544"},{"taxonomy":"product_tag","embeddable":true,"href":"https:\/\/msd.jeremybornerand.fr\/fr\/wp-json\/wp\/v2\/product_tag?post=544"}],"curies":[{"name":"wp","href":"https:\/\/api.w.org\/{rel}","templated":true}]}}