{"id":726,"date":"2023-09-21T20:28:47","date_gmt":"2023-09-21T18:28:47","guid":{"rendered":"https:\/\/dev.martysurfdelivery.com\/?post_type=product&#038;p=726"},"modified":"2025-07-19T11:22:41","modified_gmt":"2025-07-19T09:22:41","slug":"retro-fish-60","status":"publish","type":"product","link":"https:\/\/msd.jeremybornerand.fr\/fr\/shop\/planches-retro\/retro-fish-60\/","title":{"rendered":"Retro Fish 6&#8217;0"},"content":{"rendered":"<p><strong>Location de r\u00e9tro fish twin fins\u00a0sur Biarritz, Anglet et Bidart.\u00a0<\/strong><\/p>\n<p>Marty Surf Delivery propose un service de\u00a0<strong>location de planches de surf<\/strong>\u00a0pour\u00a0d\u00e9butants ou confirm\u00e9s\u00a0et vous\u00a0<strong>livre \u00e0 domicile<\/strong>\u00a0tout le mat\u00e9riel de surf (shortboard, longboard, combinaison) dont vous avez besoin de\u00a0<strong>Biarritz<\/strong>\u00a0\u00e0\u00a0<strong>Saint Jean de Luz \/ Gu\u00e9thary<\/strong>.<\/p>\n<p>Ne ratez plus une bonne session de surf sur\u00a0<strong>Biarritz<\/strong>\u00a0et la\u00a0<strong>C\u00f4te Basque\u00a0<\/strong>en profitant de notre service personnalis\u00e9 de<strong>\u00a0<a href=\"https:\/\/www.martysurfdelivery.com\/fr\/guide-surf-biarritz-cote-basque\/\" target=\"_blank\" rel=\"noopener\">guide\u00a0Surf<\/a><\/strong>.<\/p>\n<p><strong>Location de r\u00e9tro fish twin fins sur Biarritz, Anglet et Bidart \u2013 Description produit<\/strong><\/p>\n<p>Le RETRO FISH 6\u20190 est un <strong>retro fish classic<\/strong>\u00a0mont\u00e9 en twin fin. Cette planche est id\u00e9ale pour les petites vagues inconsistantes d\u2019\u00e9t\u00e9. Son volume au nose donne de l\u2019aisance \u00e0 la rame et permet un take off plus t\u00f4t dans la vague. Le double concave et le tail large vous donneront la vitesse n\u00e9cessaire pour passer les sections molles ou plates.<\/p>\n<p>Ce twin fish est id\u00e9al pour surfer les petites vagues de la\u00a0<strong>c\u00f4te des basques de Biarritz<\/strong>.<\/p>\n<p><strong><span class=\"text-ghost__popup_whole-words ng-star-inserted\">Vous<\/span><span class=\"text-ghost__popup_whole-words ng-star-inserted\">\u00a0<\/span><span class=\"text-ghost__popup_whole-words ng-star-inserted\">avez<\/span><span class=\"text-ghost__popup_whole-words ng-star-inserted\">\u00a0<\/span><span class=\"text-ghost__popup_whole-words ng-star-inserted\">pris<\/span><span class=\"text-ghost__popup_whole-words ng-star-inserted\">\u00a0<\/span><span class=\"text-ghost__popup_whole-words ng-star-inserted\">beaucoup<\/span><span class=\"text-ghost__popup_whole-words ng-star-inserted\">\u00a0<\/span><span class=\"text-ghost__popup_whole-words ng-star-inserted\">de<\/span><span class=\"text-ghost__popup_whole-words ng-star-inserted\">\u00a0<\/span><span class=\"text-ghost__popup_whole-words ng-star-inserted\">plaisir<\/span><span class=\"text-ghost__popup_whole-words ng-star-inserted\">\u00a0<\/span><span class=\"text-ghost__popup_whole-words ng-star-inserted\">\u00e0<\/span><span class=\"text-ghost__popup_whole-words ng-star-inserted\">\u00a0<\/span><span class=\"text-ghost__popup_whole-words ng-star-inserted\">rider<\/span><span class=\"text-ghost__popup_whole-words ng-star-inserted\">\u00a0<\/span><span class=\"text-ghost__popup_whole-words ng-star-inserted\">cette<\/span><span class=\"text-ghost__popup_whole-words ng-star-inserted\">\u00a0<\/span><span class=\"text-ghost__popup_whole-words ng-star-inserted\">planche<\/span><span class=\"text-ghost__popup_whole-words ng-star-inserted\">\u00a0<\/span><span class=\"text-ghost__popup_whole-words ng-star-inserted\">?<\/span><span class=\"text-ghost__popup_whole-words ng-star-inserted\">\u00a0<\/span><span class=\"text-ghost__popup_whole-words ng-star-inserted\">possibilit\u00e9<\/span><span class=\"text-ghost__popup_whole-words ng-star-inserted\">\u00a0<\/span><span class=\"text-ghost__popup_whole-words ng-star-inserted\">d<\/span><span class=\"text-ghost__popup_whole-words ng-star-inserted\">&#8216;<\/span><span class=\"text-ghost__popup_whole-words ng-star-inserted\">achat<\/span><span class=\"text-ghost__popup_whole-words ng-star-inserted\">\u00a0<\/span><span class=\"text-ghost__popup_whole-words ng-star-inserted\">sur\u00a0<a href=\"https:\/\/www.martysurfshop.com\/fr\/accueil\/57--retro-fish-marty-surfshop-6-0.html\">Marty Surfshop<\/a><\/span><\/strong><\/p>\n","protected":false},"excerpt":{"rendered":"<ul>\n<li>Marque: <strong>Marty surf shop<\/strong><\/li>\n<li>Modele: <strong>retro fish 6&#8217;0<\/strong><\/li>\n<li>Dimensions: <strong>6&#8217;0x20 3\/4&#215;2&#8217;3\/4\u00a0 40 Litres<\/strong><\/li>\n<li>Fins set up: <strong>Future twin<\/strong><\/li>\n<li>Bottom: <strong>Double concave<\/strong><\/li>\n<li>Rails <strong>50\/50 (boxy)<\/strong><\/li>\n<li>Resin: <strong>Epoxy<\/strong><\/li>\n<li><strong>Leash, d\u00e9rives, boardbag inclus<\/strong><\/li>\n<\/ul>\n","protected":false},"featured_media":1769,"comment_status":"open","ping_status":"closed","template":"","meta":{"_seopress_robots_primary_cat":"none","jetpack_publicize_message":"","jetpack_publicize_feature_enabled":true,"jetpack_social_post_already_shared":false,"jetpack_social_options":{"image_generator_settings":{"template":"highway","default_image_id":0,"font":"","enabled":false},"version":2}},"product_cat":[61],"product_tag":[],"class_list":["post-726","product","type-product","status-publish","has-post-thumbnail","hentry","product_cat-planches-retro"],"acf":[],"jetpack_publicize_connections":[],"jetpack_sharing_enabled":true,"_links":{"self":[{"href":"https:\/\/msd.jeremybornerand.fr\/fr\/wp-json\/wp\/v2\/product\/726","targetHints":{"allow":["GET"]}}],"collection":[{"href":"https:\/\/msd.jeremybornerand.fr\/fr\/wp-json\/wp\/v2\/product"}],"about":[{"href":"https:\/\/msd.jeremybornerand.fr\/fr\/wp-json\/wp\/v2\/types\/product"}],"replies":[{"embeddable":true,"href":"https:\/\/msd.jeremybornerand.fr\/fr\/wp-json\/wp\/v2\/comments?post=726"}],"wp:featuredmedia":[{"embeddable":true,"href":"https:\/\/msd.jeremybornerand.fr\/fr\/wp-json\/wp\/v2\/media\/1769"}],"wp:attachment":[{"href":"https:\/\/msd.jeremybornerand.fr\/fr\/wp-json\/wp\/v2\/media?parent=726"}],"wp:term":[{"taxonomy":"product_cat","embeddable":true,"href":"https:\/\/msd.jeremybornerand.fr\/fr\/wp-json\/wp\/v2\/product_cat?post=726"},{"taxonomy":"product_tag","embeddable":true,"href":"https:\/\/msd.jeremybornerand.fr\/fr\/wp-json\/wp\/v2\/product_tag?post=726"}],"curies":[{"name":"wp","href":"https:\/\/api.w.org\/{rel}","templated":true}]}}