{"id":840,"date":"2023-09-25T15:35:30","date_gmt":"2023-09-25T13:35:30","guid":{"rendered":"https:\/\/dev.martysurfdelivery.com\/?post_type=product&#038;p=840"},"modified":"2023-10-20T11:33:34","modified_gmt":"2023-10-20T09:33:34","slug":"mss-smally-70","status":"publish","type":"product","link":"https:\/\/msd.jeremybornerand.fr\/fr\/shop\/planches-longboard\/mss-smally-70\/","title":{"rendered":"MSS SMALLY 7&#8217;0"},"content":{"rendered":"<p>Location de planche de surf mini malibu 7&#8217;0 sur Biarritz, Anglet et Bidart.<\/p>\n<p>Marty Surf Delivery propose un service de\u00a0location de planches de surf\u00a0pour\u00a0d\u00e9butants ou confirm\u00e9s\u00a0et vous livre \u00e0 domicile tout le mat\u00e9riel de surf (<a href=\"https:\/\/www.martysurfdelivery.com\/fr\/location-surf-biarritz-cote-basque\/planches-performance\/\" target=\"_blank\" rel=\"noopener\">shortboard<\/a>,<a href=\"https:\/\/www.martysurfdelivery.com\/fr\/location-surf-biarritz-cote-basque\/planches-longboard\/\" target=\"_blank\" rel=\"noopener\">\u00a0longboard<\/a>,\u00a0<a href=\"https:\/\/www.martysurfdelivery.com\/fr\/location-surf-biarritz-cote-basque\/combinaisons\/\" target=\"_blank\" rel=\"noopener\">combinaison<\/a>) dont vous avez besoin de Biarritz \u00e0 Saint Jean de Luz \/ Gu\u00e9thary.<\/p>\n<p>Ne ratez plus une bonne session de surf sur Biarritz et la C\u00f4te Basque en profitant de notre service personnalis\u00e9 de\u00a0<a href=\"https:\/\/www.martysurfdelivery.com\/fr\/guide-surf-biarritz-cote-basque\/\" target=\"_blank\" rel=\"noopener\">guide\u00a0Surf<\/a>.<\/p>\n<p>Location de planche de surf mini malibu 7&#8217;0 sur Biarritz, Anglet et Bidart \u2013 Description produit<\/p>\n<p>La SMALLY 7&#8217;0 est un egg en epoxy id\u00e9ale pour les surfeurs d\u00e9butants souhaitant l\u00e2cher leur\u00a0minimalibu comme pour les surfeurs exp\u00e9riment\u00e9s d\u00e9sirant s&#8217;amuser dans les petites vagues d&#8217;\u00e9t\u00e9. Cette planche, avec beaucoup de flottaison (epoxy) vous permettra de jouer sur les vagues en vous d\u00e9pla\u00e7ant dessus comme sur un longboard tout en gardant\u00a0de la maniabilit\u00e9.<\/p>\n","protected":false},"excerpt":{"rendered":"<ul>\n<li>marque: <strong>Marty Surf Shop<\/strong><\/li>\n<li>mod\u00e8le: <strong>smally 7&#8217;0<\/strong><\/li>\n<li>dimensions: <strong>7&#8217;0x21&#8217;9\/16&#215;2&#8217;11\/16\u00a0 \u00a048 Litres<\/strong><\/li>\n<li>d\u00e9rives: <strong>future thruster<\/strong><\/li>\n<li>rails <strong>50\/50<\/strong><\/li>\n<li>construction: <strong>epoxy<\/strong><\/li>\n<li><strong>leash, d\u00e9rives, boardbag inclus<\/strong><\/li>\n<\/ul>\n","protected":false},"featured_media":843,"comment_status":"open","ping_status":"closed","template":"","meta":{"_seopress_robots_primary_cat":"none","jetpack_publicize_message":"","jetpack_publicize_feature_enabled":true,"jetpack_social_post_already_shared":false,"jetpack_social_options":{"image_generator_settings":{"template":"highway","default_image_id":0,"font":"","enabled":false},"version":2}},"product_cat":[30],"product_tag":[],"class_list":["post-840","product","type-product","status-publish","has-post-thumbnail","hentry","product_cat-planches-longboard"],"acf":[],"jetpack_publicize_connections":[],"jetpack_sharing_enabled":true,"_links":{"self":[{"href":"https:\/\/msd.jeremybornerand.fr\/fr\/wp-json\/wp\/v2\/product\/840","targetHints":{"allow":["GET"]}}],"collection":[{"href":"https:\/\/msd.jeremybornerand.fr\/fr\/wp-json\/wp\/v2\/product"}],"about":[{"href":"https:\/\/msd.jeremybornerand.fr\/fr\/wp-json\/wp\/v2\/types\/product"}],"replies":[{"embeddable":true,"href":"https:\/\/msd.jeremybornerand.fr\/fr\/wp-json\/wp\/v2\/comments?post=840"}],"wp:featuredmedia":[{"embeddable":true,"href":"https:\/\/msd.jeremybornerand.fr\/fr\/wp-json\/wp\/v2\/media\/843"}],"wp:attachment":[{"href":"https:\/\/msd.jeremybornerand.fr\/fr\/wp-json\/wp\/v2\/media?parent=840"}],"wp:term":[{"taxonomy":"product_cat","embeddable":true,"href":"https:\/\/msd.jeremybornerand.fr\/fr\/wp-json\/wp\/v2\/product_cat?post=840"},{"taxonomy":"product_tag","embeddable":true,"href":"https:\/\/msd.jeremybornerand.fr\/fr\/wp-json\/wp\/v2\/product_tag?post=840"}],"curies":[{"name":"wp","href":"https:\/\/api.w.org\/{rel}","templated":true}]}}