{"id":866,"date":"2023-09-25T16:20:16","date_gmt":"2023-09-25T14:20:16","guid":{"rendered":"https:\/\/dev.martysurfdelivery.com\/?post_type=product&#038;p=866"},"modified":"2023-09-26T11:11:37","modified_gmt":"2023-09-26T09:11:37","slug":"mss-bold-610","status":"publish","type":"product","link":"https:\/\/msd.jeremybornerand.fr\/fr\/shop\/planches-longboard\/mss-bold-610\/","title":{"rendered":"MSS BOLD 6&#8217;10"},"content":{"rendered":"<p style=\"text-align: left;\">Location de planche de surf mini-longboard 6&#8217;10 sur Biarritz, Anglet et Bidart.<\/p>\n<p>Marty Surf Delivery propose un service de\u00a0location de planches de surf\u00a0pour\u00a0d\u00e9butants ou confirm\u00e9s\u00a0et vous livre \u00e0 domicile tout le mat\u00e9riel de surf (<a href=\"https:\/\/www.martysurfdelivery.com\/fr\/location-surf-biarritz-cote-basque\/planches-performance\/\" target=\"_blank\" rel=\"noopener\">shortboard<\/a>,<a href=\"https:\/\/www.martysurfdelivery.com\/fr\/location-surf-biarritz-cote-basque\/planches-longboard\/\" target=\"_blank\" rel=\"noopener\">\u00a0longboard<\/a>,\u00a0<a href=\"https:\/\/www.martysurfdelivery.com\/fr\/location-surf-biarritz-cote-basque\/combinaisons\/\" target=\"_blank\" rel=\"noopener\">combinaison<\/a>) dont vous avez besoin de Biarritz \u00e0 Saint Jean de Luz \/ Gu\u00e9thary.<\/p>\n<p>Ne ratez plus une bonne session de surf sur Biarritz et la C\u00f4te Basque en profitant de notre service personnalis\u00e9 de\u00a0<a href=\"https:\/\/www.martysurfdelivery.com\/fr\/guide-surf-biarritz-cote-basque\/\" target=\"_blank\" rel=\"noopener\">guide\u00a0Surf<\/a>.<\/p>\n<p>Location de planche de surf mini longboard 6&#8217;10 sur Biarritz, Anglet et Bidart \u2013 Description produit<\/p>\n<p>Explorez la planche Body Bold 6&#8217;10 de Marty Surfshop, un mod\u00e8le unique con\u00e7u pour les amateurs de longboard qui souhaitent une option plus compacte offrant \u00e0 la fois vitesse et maniabilit\u00e9. Cette planche polyvalente convient \u00e0 toutes les conditions de surf, des petites vagues aux plus grandes. Vous pouvez choisir entre une configuration en thruster ou en quad en fonction des conditions et de votre spot de surf.<\/p>\n<p>La Body Bold 6&#8217;10 est un choix id\u00e9al, que vous soyez un adepte chevronn\u00e9 du longboard ou un surfeur interm\u00e9diaire \u00e0 la recherche de stabilit\u00e9 au d\u00e9collage et de maniabilit\u00e9 dans les vagues. Elle parvient \u00e0 atteindre un \u00e9quilibre parfait entre stabilit\u00e9 et performances.<\/p>\n<div>\n<div>\n<div>\n<div><\/div>\n<\/div>\n<\/div>\n<\/div>\n<div class=\"text-ghost\"><strong><span class=\"text-ghost__popup_whole-words ng-star-inserted\">Vous<\/span><span class=\"text-ghost__popup_whole-words ng-star-inserted\">\u00a0<\/span><span class=\"text-ghost__popup_whole-words ng-star-inserted\">avez<\/span><span class=\"text-ghost__popup_whole-words ng-star-inserted\">\u00a0<\/span><span class=\"text-ghost__popup_whole-words ng-star-inserted\">pris<\/span><span class=\"text-ghost__popup_whole-words ng-star-inserted\">\u00a0<\/span><span class=\"text-ghost__popup_whole-words ng-star-inserted\">beaucoup<\/span><span class=\"text-ghost__popup_whole-words ng-star-inserted\">\u00a0<\/span><span class=\"text-ghost__popup_whole-words ng-star-inserted\">de<\/span><span class=\"text-ghost__popup_whole-words ng-star-inserted\">\u00a0<\/span><span class=\"text-ghost__popup_whole-words ng-star-inserted\">plaisir<\/span><span class=\"text-ghost__popup_whole-words ng-star-inserted\">\u00a0<\/span><span class=\"text-ghost__popup_whole-words ng-star-inserted\">\u00e0<\/span><span class=\"text-ghost__popup_whole-words ng-star-inserted\">\u00a0<\/span><span class=\"text-ghost__popup_whole-words ng-star-inserted\">rider<\/span><span class=\"text-ghost__popup_whole-words ng-star-inserted\">\u00a0<\/span><span class=\"text-ghost__popup_whole-words ng-star-inserted\">cette<\/span><span class=\"text-ghost__popup_whole-words ng-star-inserted\">\u00a0<\/span><span class=\"text-ghost__popup_whole-words ng-star-inserted\">planche<\/span><span class=\"text-ghost__popup_whole-words ng-star-inserted\">\u00a0<\/span><span class=\"text-ghost__popup_whole-words ng-star-inserted\">?<\/span><span class=\"text-ghost__popup_whole-words ng-star-inserted\">\u00a0<\/span><span class=\"text-ghost__popup_whole-words ng-star-inserted\">possibilit\u00e9<\/span><span class=\"text-ghost__popup_whole-words ng-star-inserted\">\u00a0<\/span><span class=\"text-ghost__popup_whole-words ng-star-inserted\">d<\/span><span class=\"text-ghost__popup_whole-words ng-star-inserted\">&#8216;<\/span><span class=\"text-ghost__popup_whole-words ng-star-inserted\">achat<\/span><span class=\"text-ghost__popup_whole-words ng-star-inserted\">\u00a0<\/span><span class=\"text-ghost__popup_whole-words ng-star-inserted\">sur\u00a0<a href=\"https:\/\/www.martysurfshop.com\/fr\/accueil\/67-body-bold-marty-surfshop-6-10.html\">Marty Surfshop<\/a><\/span><\/strong><\/div>\n<div class=\"clear ng-star-inserted\"><\/div>\n","protected":false},"excerpt":{"rendered":"<ul>\n<li style=\"text-align: left;\">Marque: <strong>Marty surf shop<\/strong><\/li>\n<li>modele: <strong>Boby Bold\u00a0<\/strong><\/li>\n<li>dimensions:\u00a0<strong>6&#8221;10&#215;22 5\/8&#8243; x 2 7\/8&#8243; (50.04 Litres)<\/strong><\/li>\n<li>fins set up: <strong>Thruster ou quad<\/strong><\/li>\n<li><strong>simple concave \u00e0 double\u00a0concave dans le tail<\/strong><\/li>\n<li>rails <strong>50\/50 (boxy)<\/strong><\/li>\n<li>r\u00e9sine: <strong>Epoxy<\/strong><\/li>\n<li>d\u00e9rives: <strong>Futures<\/strong><\/li>\n<\/ul>\n","protected":false},"featured_media":869,"comment_status":"open","ping_status":"closed","template":"","meta":{"_seopress_robots_primary_cat":"none","jetpack_publicize_message":"","jetpack_publicize_feature_enabled":true,"jetpack_social_post_already_shared":false,"jetpack_social_options":{"image_generator_settings":{"template":"highway","default_image_id":0,"font":"","enabled":false},"version":2}},"product_cat":[30],"product_tag":[],"class_list":["post-866","product","type-product","status-publish","has-post-thumbnail","hentry","product_cat-planches-longboard"],"acf":[],"jetpack_publicize_connections":[],"jetpack_sharing_enabled":true,"_links":{"self":[{"href":"https:\/\/msd.jeremybornerand.fr\/fr\/wp-json\/wp\/v2\/product\/866","targetHints":{"allow":["GET"]}}],"collection":[{"href":"https:\/\/msd.jeremybornerand.fr\/fr\/wp-json\/wp\/v2\/product"}],"about":[{"href":"https:\/\/msd.jeremybornerand.fr\/fr\/wp-json\/wp\/v2\/types\/product"}],"replies":[{"embeddable":true,"href":"https:\/\/msd.jeremybornerand.fr\/fr\/wp-json\/wp\/v2\/comments?post=866"}],"wp:featuredmedia":[{"embeddable":true,"href":"https:\/\/msd.jeremybornerand.fr\/fr\/wp-json\/wp\/v2\/media\/869"}],"wp:attachment":[{"href":"https:\/\/msd.jeremybornerand.fr\/fr\/wp-json\/wp\/v2\/media?parent=866"}],"wp:term":[{"taxonomy":"product_cat","embeddable":true,"href":"https:\/\/msd.jeremybornerand.fr\/fr\/wp-json\/wp\/v2\/product_cat?post=866"},{"taxonomy":"product_tag","embeddable":true,"href":"https:\/\/msd.jeremybornerand.fr\/fr\/wp-json\/wp\/v2\/product_tag?post=866"}],"curies":[{"name":"wp","href":"https:\/\/api.w.org\/{rel}","templated":true}]}}