{"id":880,"date":"2023-09-25T16:23:40","date_gmt":"2023-09-25T14:23:40","guid":{"rendered":"https:\/\/dev.martysurfdelivery.com\/?post_type=product&#038;p=880"},"modified":"2023-09-26T11:13:06","modified_gmt":"2023-09-26T09:13:06","slug":"mss-bold-72","status":"publish","type":"product","link":"https:\/\/msd.jeremybornerand.fr\/fr\/shop\/planche-intermediaire\/mss-bold-72\/","title":{"rendered":"MSS BOLD 7&#8217;2"},"content":{"rendered":"<p>Location de planche de surf mini-longboard 7&#8217;2 sur Biarritz, Anglet et Bidart.<\/p>\n<p>Marty Surf Delivery propose un service de\u00a0location de planches de surf\u00a0pour\u00a0d\u00e9butants ou confirm\u00e9s\u00a0et vous livre \u00e0 domicile tout le mat\u00e9riel de surf (<a href=\"https:\/\/www.martysurfdelivery.com\/fr\/location-surf-biarritz-cote-basque\/planches-performance\/\" target=\"_blank\" rel=\"noopener\">shortboard<\/a>,<a href=\"https:\/\/www.martysurfdelivery.com\/fr\/location-surf-biarritz-cote-basque\/planches-longboard\/\" target=\"_blank\" rel=\"noopener\">\u00a0longboard<\/a>,\u00a0<a href=\"https:\/\/www.martysurfdelivery.com\/fr\/location-surf-biarritz-cote-basque\/combinaisons\/\" target=\"_blank\" rel=\"noopener\">combinaison<\/a>) dont vous avez besoin de Biarritz \u00e0 Saint Jean de Luz \/ Gu\u00e9thary.<\/p>\n<p>Ne ratez plus une bonne session de surf sur Biarritz et la C\u00f4te Basque en profitant de notre service personnalis\u00e9 de\u00a0<a href=\"https:\/\/www.martysurfdelivery.com\/fr\/guide-surf-biarritz-cote-basque\/\" target=\"_blank\" rel=\"noopener\">guide\u00a0Surf<\/a>.<\/p>\n<p>Location de planche de surf mini longboard 7&#8217;2 sur Biarritz, Anglet et Bidart \u2013 Description produit<\/p>\n<p>La planche Body Bold 7&#8217;2, propos\u00e9e par Marty Surfshop, s\u00e9duira les passionn\u00e9s de longboard en qu\u00eate d&#8217;une alternative compacte offrant une alliance parfaite entre vitesse et man\u0153uvrabilit\u00e9. Cette planche polyvalente s&#8217;adapte avec aisance \u00e0 toutes les conditions de surf, qu&#8217;il s&#8217;agisse de petites vagues ou de plus grosses. Selon l&#8217;environnement et le spot, vous pourrez opter pour une configuration en thruster ou en quad, afin de maximiser vos performances.<\/p>\n<p>La Body Bold 7&#8217;2 constitue un choix id\u00e9al, aussi bien pour les adeptes experiment\u00e9s du longboard que pour les surfeurs interm\u00e9diaires en qu\u00eate d&#8217;une stabilit\u00e9 accrue au moment de leur take off et d&#8217;une man\u0153uvrabilit\u00e9 dans les vagues.<\/p>\n<div class=\"text-ghost\"><strong><span class=\"text-ghost__popup_whole-words ng-star-inserted\">Vous<\/span><span class=\"text-ghost__popup_whole-words ng-star-inserted\">\u00a0<\/span><span class=\"text-ghost__popup_whole-words ng-star-inserted\">avez<\/span><span class=\"text-ghost__popup_whole-words ng-star-inserted\">\u00a0<\/span><span class=\"text-ghost__popup_whole-words ng-star-inserted\">pris<\/span><span class=\"text-ghost__popup_whole-words ng-star-inserted\">\u00a0<\/span><span class=\"text-ghost__popup_whole-words ng-star-inserted\">beaucoup<\/span><span class=\"text-ghost__popup_whole-words ng-star-inserted\">\u00a0<\/span><span class=\"text-ghost__popup_whole-words ng-star-inserted\">de<\/span><span class=\"text-ghost__popup_whole-words ng-star-inserted\">\u00a0<\/span><span class=\"text-ghost__popup_whole-words ng-star-inserted\">plaisir<\/span><span class=\"text-ghost__popup_whole-words ng-star-inserted\">\u00a0<\/span><span class=\"text-ghost__popup_whole-words ng-star-inserted\">\u00e0<\/span><span class=\"text-ghost__popup_whole-words ng-star-inserted\">\u00a0<\/span><span class=\"text-ghost__popup_whole-words ng-star-inserted\">rider<\/span><span class=\"text-ghost__popup_whole-words ng-star-inserted\">\u00a0<\/span><span class=\"text-ghost__popup_whole-words ng-star-inserted\">cette<\/span><span class=\"text-ghost__popup_whole-words ng-star-inserted\">\u00a0<\/span><span class=\"text-ghost__popup_whole-words ng-star-inserted\">planche<\/span><span class=\"text-ghost__popup_whole-words ng-star-inserted\">\u00a0<\/span><span class=\"text-ghost__popup_whole-words ng-star-inserted\">?<\/span><span class=\"text-ghost__popup_whole-words ng-star-inserted\">\u00a0<\/span><span class=\"text-ghost__popup_whole-words ng-star-inserted\">possibilit\u00e9<\/span><span class=\"text-ghost__popup_whole-words ng-star-inserted\">\u00a0<\/span><span class=\"text-ghost__popup_whole-words ng-star-inserted\">d<\/span><span class=\"text-ghost__popup_whole-words ng-star-inserted\">&#8216;<\/span><span class=\"text-ghost__popup_whole-words ng-star-inserted\">achat<\/span><span class=\"text-ghost__popup_whole-words ng-star-inserted\">\u00a0<\/span><span class=\"text-ghost__popup_whole-words ng-star-inserted\">sur<a href=\"https:\/\/www.martysurfshop.com\/fr\/accueil\/69-body-bold-marty-surfshop-7-2.html\">\u00a0Marty Surfshop<\/a><\/span><\/strong><\/div>\n","protected":false},"excerpt":{"rendered":"<ul>\n<li>Marque: <strong>Marty surf shop<\/strong><\/li>\n<li>modele: <strong>Boby Bold\u00a0<\/strong><\/li>\n<li>dimensions:<strong> 7&#8217;2 x22 5\/8 x3&#8243; (54.56 Litres)<\/strong><\/li>\n<li>fins set up: <strong>Thruster ou quad\u00a0<\/strong><\/li>\n<li><strong>simple concave \u00e0 double\u00a0concave dans le tail<\/strong><\/li>\n<li>rails <strong>50\/50 (boxy)<\/strong><\/li>\n<li>r\u00e9sine: <strong>Epoxy<\/strong><\/li>\n<li>d\u00e9rives: <strong>Futures<\/strong><\/li>\n<\/ul>\n","protected":false},"featured_media":883,"comment_status":"open","ping_status":"closed","template":"","meta":{"_seopress_robots_primary_cat":"none","jetpack_publicize_message":"","jetpack_publicize_feature_enabled":true,"jetpack_social_post_already_shared":false,"jetpack_social_options":{"image_generator_settings":{"template":"highway","default_image_id":0,"font":"","enabled":false},"version":2}},"product_cat":[76],"product_tag":[],"class_list":["post-880","product","type-product","status-publish","has-post-thumbnail","hentry","product_cat-planche-intermediaire"],"acf":[],"jetpack_publicize_connections":[],"jetpack_sharing_enabled":true,"_links":{"self":[{"href":"https:\/\/msd.jeremybornerand.fr\/fr\/wp-json\/wp\/v2\/product\/880","targetHints":{"allow":["GET"]}}],"collection":[{"href":"https:\/\/msd.jeremybornerand.fr\/fr\/wp-json\/wp\/v2\/product"}],"about":[{"href":"https:\/\/msd.jeremybornerand.fr\/fr\/wp-json\/wp\/v2\/types\/product"}],"replies":[{"embeddable":true,"href":"https:\/\/msd.jeremybornerand.fr\/fr\/wp-json\/wp\/v2\/comments?post=880"}],"wp:featuredmedia":[{"embeddable":true,"href":"https:\/\/msd.jeremybornerand.fr\/fr\/wp-json\/wp\/v2\/media\/883"}],"wp:attachment":[{"href":"https:\/\/msd.jeremybornerand.fr\/fr\/wp-json\/wp\/v2\/media?parent=880"}],"wp:term":[{"taxonomy":"product_cat","embeddable":true,"href":"https:\/\/msd.jeremybornerand.fr\/fr\/wp-json\/wp\/v2\/product_cat?post=880"},{"taxonomy":"product_tag","embeddable":true,"href":"https:\/\/msd.jeremybornerand.fr\/fr\/wp-json\/wp\/v2\/product_tag?post=880"}],"curies":[{"name":"wp","href":"https:\/\/api.w.org\/{rel}","templated":true}]}}