{"id":894,"date":"2023-09-25T16:28:02","date_gmt":"2023-09-25T14:28:02","guid":{"rendered":"https:\/\/dev.martysurfdelivery.com\/?post_type=product&#038;p=894"},"modified":"2023-09-26T11:02:29","modified_gmt":"2023-09-26T09:02:29","slug":"mss-dark-crab-70","status":"publish","type":"product","link":"https:\/\/msd.jeremybornerand.fr\/fr\/shop\/planche-intermediaire\/mss-dark-crab-70\/","title":{"rendered":"MSS DARK CRAB 7&#8217;0"},"content":{"rendered":"<p>Location de planche de surf mini longboard 7&#8217;0 sur Biarritz, Anglet et Bidart.<\/p>\n<p>Marty Surf Delivery propose un service de\u00a0location de planches de surf\u00a0pour\u00a0d\u00e9butants ou confirm\u00e9s\u00a0et vous livre \u00e0 domicile tout le mat\u00e9riel de surf (shortboard, longboard, combinaison) dont vous avez besoin de Biarritz \u00e0 Saint Jean de Luz \/ Gu\u00e9thary.<\/p>\n<p>Ne ratez plus une bonne session de surf sur Biarritz et la C\u00f4te Basque en profitant de notre service personnalis\u00e9 de\u00a0guide\u00a0Surf.<\/p>\n<p>Location de planche de surf mini longboard 7&#8217;0\u00a0 sur Biarritz, Anglet et Bidart \u2013 Description produit<\/p>\n<p>La DARK CRAB est un mini longboard en epoxy id\u00e9ale pour les surfeurs interm\u00e9diaires souhaitant l\u00e2cher leur\u00a0minimalibu comme pour les longboardeurs exp\u00e9riment\u00e9s d\u00e9sirant plus de maniabilit\u00e9. Cette planche, avec beaucoup de flottaison (epoxy) vous permettra de jouer sur les vagues en vous d\u00e9pla\u00e7ant dessus comme sur un longboard tout en gardant\u00a0de la maniabilit\u00e9. Possibilit\u00e9 de la surfer en quad ou en 2+1 en fonction des conditions ou des spots.<\/p>\n<p><strong><span class=\"text-ghost__popup_whole-words ng-star-inserted\">Vous<\/span><span class=\"text-ghost__popup_whole-words ng-star-inserted\">\u00a0<\/span><span class=\"text-ghost__popup_whole-words ng-star-inserted\">avez<\/span><span class=\"text-ghost__popup_whole-words ng-star-inserted\">\u00a0<\/span><span class=\"text-ghost__popup_whole-words ng-star-inserted\">pris<\/span><span class=\"text-ghost__popup_whole-words ng-star-inserted\">\u00a0<\/span><span class=\"text-ghost__popup_whole-words ng-star-inserted\">beaucoup<\/span><span class=\"text-ghost__popup_whole-words ng-star-inserted\">\u00a0<\/span><span class=\"text-ghost__popup_whole-words ng-star-inserted\">de<\/span><span class=\"text-ghost__popup_whole-words ng-star-inserted\">\u00a0<\/span><span class=\"text-ghost__popup_whole-words ng-star-inserted\">plaisir<\/span><span class=\"text-ghost__popup_whole-words ng-star-inserted\">\u00a0<\/span><span class=\"text-ghost__popup_whole-words ng-star-inserted\">\u00e0<\/span><span class=\"text-ghost__popup_whole-words ng-star-inserted\">\u00a0<\/span><span class=\"text-ghost__popup_whole-words ng-star-inserted\">rider<\/span><span class=\"text-ghost__popup_whole-words ng-star-inserted\">\u00a0<\/span><span class=\"text-ghost__popup_whole-words ng-star-inserted\">cette<\/span><span class=\"text-ghost__popup_whole-words ng-star-inserted\">\u00a0<\/span><span class=\"text-ghost__popup_whole-words ng-star-inserted\">planche<\/span><span class=\"text-ghost__popup_whole-words ng-star-inserted\">\u00a0<\/span><span class=\"text-ghost__popup_whole-words ng-star-inserted\">?<\/span><span class=\"text-ghost__popup_whole-words ng-star-inserted\">\u00a0<\/span><span class=\"text-ghost__popup_whole-words ng-star-inserted\">possibilit\u00e9<\/span><span class=\"text-ghost__popup_whole-words ng-star-inserted\">\u00a0<\/span><span class=\"text-ghost__popup_whole-words ng-star-inserted\">d<\/span><span class=\"text-ghost__popup_whole-words ng-star-inserted\">&#8216;<\/span><span class=\"text-ghost__popup_whole-words ng-star-inserted\">achat<\/span><span class=\"text-ghost__popup_whole-words ng-star-inserted\">\u00a0<\/span><span class=\"text-ghost__popup_whole-words ng-star-inserted\">sur\u00a0<a href=\"https:\/\/www.martysurfshop.com\/fr\/accueil\/64-mb-dark-crab-7-0.html\">Marty Surfshop<\/a><\/span><\/strong><\/p>\n","protected":false},"excerpt":{"rendered":"<ul>\n<li>marque:<strong> Marty surf shop<\/strong><\/li>\n<li>mod\u00e8le: <strong>Dark Crab 7&#8217;0<\/strong><\/li>\n<li>dimensions: <strong>7&#8217;0 x 22&#8242; 5\/8 x 2&#8242; 7\/8. 52 Litres<\/strong><\/li>\n<li>d\u00e9rives: <strong>4 sides + 1 single<\/strong><\/li>\n<li>rails <strong>50\/50<\/strong><\/li>\n<li>construction: <strong>Epoxy<\/strong><\/li>\n<li><strong>leash, derives et boardbag inclus<\/strong><\/li>\n<\/ul>\n","protected":false},"featured_media":897,"comment_status":"open","ping_status":"closed","template":"","meta":{"_seopress_robots_primary_cat":"none","jetpack_publicize_message":"","jetpack_publicize_feature_enabled":true,"jetpack_social_post_already_shared":false,"jetpack_social_options":{"image_generator_settings":{"template":"highway","default_image_id":0,"font":"","enabled":false},"version":2}},"product_cat":[76],"product_tag":[],"class_list":["post-894","product","type-product","status-publish","has-post-thumbnail","hentry","product_cat-planche-intermediaire"],"acf":[],"jetpack_publicize_connections":[],"jetpack_sharing_enabled":true,"_links":{"self":[{"href":"https:\/\/msd.jeremybornerand.fr\/fr\/wp-json\/wp\/v2\/product\/894","targetHints":{"allow":["GET"]}}],"collection":[{"href":"https:\/\/msd.jeremybornerand.fr\/fr\/wp-json\/wp\/v2\/product"}],"about":[{"href":"https:\/\/msd.jeremybornerand.fr\/fr\/wp-json\/wp\/v2\/types\/product"}],"replies":[{"embeddable":true,"href":"https:\/\/msd.jeremybornerand.fr\/fr\/wp-json\/wp\/v2\/comments?post=894"}],"wp:featuredmedia":[{"embeddable":true,"href":"https:\/\/msd.jeremybornerand.fr\/fr\/wp-json\/wp\/v2\/media\/897"}],"wp:attachment":[{"href":"https:\/\/msd.jeremybornerand.fr\/fr\/wp-json\/wp\/v2\/media?parent=894"}],"wp:term":[{"taxonomy":"product_cat","embeddable":true,"href":"https:\/\/msd.jeremybornerand.fr\/fr\/wp-json\/wp\/v2\/product_cat?post=894"},{"taxonomy":"product_tag","embeddable":true,"href":"https:\/\/msd.jeremybornerand.fr\/fr\/wp-json\/wp\/v2\/product_tag?post=894"}],"curies":[{"name":"wp","href":"https:\/\/api.w.org\/{rel}","templated":true}]}}