{"id":901,"date":"2023-09-25T16:29:39","date_gmt":"2023-09-25T14:29:39","guid":{"rendered":"https:\/\/dev.martysurfdelivery.com\/?post_type=product&#038;p=901"},"modified":"2023-09-26T11:00:46","modified_gmt":"2023-09-26T09:00:46","slug":"mss-dark-crab-72","status":"publish","type":"product","link":"https:\/\/msd.jeremybornerand.fr\/fr\/shop\/planche-intermediaire\/mss-dark-crab-72\/","title":{"rendered":"MSS DARK CRAB 7&#8217;2"},"content":{"rendered":"<p>Location de planche de surf mini malibu 7&#8217;2 sur Biarritz, Anglet et Bidart.<\/p>\n<p>Marty Surf Delivery propose un service de\u00a0location de planches de surf\u00a0pour\u00a0d\u00e9butants ou confirm\u00e9s\u00a0et vous livre \u00e0 domicile tout le mat\u00e9riel de surf (shortboard, longboard, combinaison) dont vous avez besoin de Biarritz \u00e0 Saint Jean de Luz \/ Gu\u00e9thary.<\/p>\n<p>Ne ratez plus une bonne session de surf sur Biarritz et la C\u00f4te Basque en profitant de notre service personnalis\u00e9 de\u00a0guide\u00a0Surf.<\/p>\n<p>Location de planche de surf mini malibu 7&#8217;2 sur Biarritz, Anglet et Bidart \u2013 Description produit<\/p>\n<p>La mini malibu\u00a0 7\u20192 est la planche id\u00e9ale pour les surfeurs d\u00e9butant d\u00e9sirant passer sur une vraie planche.<\/p>\n<p>Son nose arrondi vous offrira une aisance \u00e0 la rame et un take off bien stable tant dis que son tail affin\u00e9 vous permettra de tourner la planche plus facilement.<\/p>\n<p>La construction en polycarbonate est un proc\u00e9d\u00e9 tr\u00e8s r\u00e9cent qui rend la planche l\u00e9g\u00e8re et tr\u00e8s r\u00e9sistante aux chocs.<\/p>\n<p><strong><span class=\"text-ghost__popup_whole-words ng-star-inserted\">Vous<\/span><span class=\"text-ghost__popup_whole-words ng-star-inserted\">\u00a0<\/span><span class=\"text-ghost__popup_whole-words ng-star-inserted\">avez<\/span><span class=\"text-ghost__popup_whole-words ng-star-inserted\">\u00a0<\/span><span class=\"text-ghost__popup_whole-words ng-star-inserted\">pris<\/span><span class=\"text-ghost__popup_whole-words ng-star-inserted\">\u00a0<\/span><span class=\"text-ghost__popup_whole-words ng-star-inserted\">beaucoup<\/span><span class=\"text-ghost__popup_whole-words ng-star-inserted\">\u00a0<\/span><span class=\"text-ghost__popup_whole-words ng-star-inserted\">de<\/span><span class=\"text-ghost__popup_whole-words ng-star-inserted\">\u00a0<\/span><span class=\"text-ghost__popup_whole-words ng-star-inserted\">plaisir<\/span><span class=\"text-ghost__popup_whole-words ng-star-inserted\">\u00a0<\/span><span class=\"text-ghost__popup_whole-words ng-star-inserted\">\u00e0<\/span><span class=\"text-ghost__popup_whole-words ng-star-inserted\">\u00a0<\/span><span class=\"text-ghost__popup_whole-words ng-star-inserted\">rider<\/span><span class=\"text-ghost__popup_whole-words ng-star-inserted\">\u00a0<\/span><span class=\"text-ghost__popup_whole-words ng-star-inserted\">cette<\/span><span class=\"text-ghost__popup_whole-words ng-star-inserted\">\u00a0<\/span><span class=\"text-ghost__popup_whole-words ng-star-inserted\">planche<\/span><span class=\"text-ghost__popup_whole-words ng-star-inserted\">\u00a0<\/span><span class=\"text-ghost__popup_whole-words ng-star-inserted\">?<\/span><span class=\"text-ghost__popup_whole-words ng-star-inserted\">\u00a0<\/span><span class=\"text-ghost__popup_whole-words ng-star-inserted\">possibilit\u00e9<\/span><span class=\"text-ghost__popup_whole-words ng-star-inserted\">\u00a0<\/span><span class=\"text-ghost__popup_whole-words ng-star-inserted\">d<\/span><span class=\"text-ghost__popup_whole-words ng-star-inserted\">&#8216;<\/span><span class=\"text-ghost__popup_whole-words ng-star-inserted\">achat<\/span><span class=\"text-ghost__popup_whole-words ng-star-inserted\">\u00a0<\/span><span class=\"text-ghost__popup_whole-words ng-star-inserted\">sur\u00a0<a href=\"https:\/\/www.martysurfshop.com\/fr\/accueil\/65-mb-dark-crab-7-2.html\">Marty Surfshop<\/a><\/span><\/strong><\/p>\n","protected":false},"excerpt":{"rendered":"<ul>\n<li>marque: <strong>Marty surfdelivery<\/strong><\/li>\n<li>mod\u00e8le: <strong>DARK CRAB 7&#8217;2<\/strong><\/li>\n<li>dimensions: <strong>7\u20192 x 22&#8243; x 3<\/strong><\/li>\n<li>d\u00e9rives:<strong> future thruster<\/strong><\/li>\n<li>rails <strong>50\/50<\/strong><\/li>\n<li>construction:<strong>\u00a0epoxy carbon rail<\/strong><\/li>\n<li><strong>leash, d\u00e9rives, boardbag inclus<\/strong><\/li>\n<\/ul>\n","protected":false},"featured_media":904,"comment_status":"open","ping_status":"closed","template":"","meta":{"_seopress_robots_primary_cat":"none","jetpack_publicize_message":"","jetpack_publicize_feature_enabled":true,"jetpack_social_post_already_shared":false,"jetpack_social_options":{"image_generator_settings":{"template":"highway","default_image_id":0,"font":"","enabled":false},"version":2}},"product_cat":[76],"product_tag":[],"class_list":["post-901","product","type-product","status-publish","has-post-thumbnail","hentry","product_cat-planche-intermediaire"],"acf":[],"jetpack_publicize_connections":[],"jetpack_sharing_enabled":true,"_links":{"self":[{"href":"https:\/\/msd.jeremybornerand.fr\/fr\/wp-json\/wp\/v2\/product\/901","targetHints":{"allow":["GET"]}}],"collection":[{"href":"https:\/\/msd.jeremybornerand.fr\/fr\/wp-json\/wp\/v2\/product"}],"about":[{"href":"https:\/\/msd.jeremybornerand.fr\/fr\/wp-json\/wp\/v2\/types\/product"}],"replies":[{"embeddable":true,"href":"https:\/\/msd.jeremybornerand.fr\/fr\/wp-json\/wp\/v2\/comments?post=901"}],"wp:featuredmedia":[{"embeddable":true,"href":"https:\/\/msd.jeremybornerand.fr\/fr\/wp-json\/wp\/v2\/media\/904"}],"wp:attachment":[{"href":"https:\/\/msd.jeremybornerand.fr\/fr\/wp-json\/wp\/v2\/media?parent=901"}],"wp:term":[{"taxonomy":"product_cat","embeddable":true,"href":"https:\/\/msd.jeremybornerand.fr\/fr\/wp-json\/wp\/v2\/product_cat?post=901"},{"taxonomy":"product_tag","embeddable":true,"href":"https:\/\/msd.jeremybornerand.fr\/fr\/wp-json\/wp\/v2\/product_tag?post=901"}],"curies":[{"name":"wp","href":"https:\/\/api.w.org\/{rel}","templated":true}]}}