{"id":922,"date":"2023-09-25T16:36:31","date_gmt":"2023-09-25T14:36:31","guid":{"rendered":"https:\/\/dev.martysurfdelivery.com\/?post_type=product&#038;p=922"},"modified":"2023-09-26T10:53:53","modified_gmt":"2023-09-26T08:53:53","slug":"mss-magic-carpet-76","status":"publish","type":"product","link":"https:\/\/msd.jeremybornerand.fr\/fr\/shop\/planche-intermediaire\/mss-magic-carpet-76\/","title":{"rendered":"MSS MAGIC CARPET 7&#8217;6"},"content":{"rendered":"<p><strong>Location de mini malibu 7&#8217;6 sur Biarritz, Anglet et Bidart.\u00a0<\/strong><\/p>\n<p><span lang=\"fr\" xml:lang=\"fr\"><strong>Marty Surf Delivery<\/strong>\u00a0propose un service de\u00a0location de planches de surf\u00a0pour\u00a0d\u00e9butants ou confirm\u00e9s\u00a0et vous livre \u00e0 domicile tout le mat\u00e9riel de surf (<\/span><a href=\"https:\/\/www.martysurfdelivery.com\/fr\/location-surf-biarritz-cote-basque\/planches-longboard\/\" target=\"_blank\" rel=\"noopener\"><span lang=\"fr\" xml:lang=\"fr\">longboard<\/span><\/a><span lang=\"fr\" xml:lang=\"fr\">,\u00a0<a href=\"https:\/\/www.martysurfdelivery.com\/fr\/location-surf-biarritz-cote-basque\/bodyboard\/\" target=\"_blank\" rel=\"noopener\">bodyboard<\/a>,\u00a0<\/span><a href=\"https:\/\/www.martysurfdelivery.com\/fr\/location-surf-biarritz-cote-basque\/combinaisons\/\" target=\"_blank\" rel=\"noopener\"><span lang=\"fr\" xml:lang=\"fr\">combinaison<\/span><\/a><span lang=\"fr\" xml:lang=\"fr\">) dont vous avez besoin de\u00a0<strong>Biarritz<\/strong>\u00a0\u00e0\u00a0<strong>Saint Jean de Luz<\/strong>\u00a0\/\u00a0<strong>Gu\u00e9thary<\/strong>.<\/span><\/p>\n<p><span lang=\"fr\" xml:lang=\"fr\">Ne ratez plus une bonne session de surf sur\u00a0<strong>Biarritz<\/strong>\u00a0et\u00a0<strong>la C\u00f4te Basque<\/strong>\u00a0en profitant de notre service personnalis\u00e9 de\u00a0<\/span><strong><a href=\"https:\/\/www.martysurfdelivery.com\/fr\/guide-surf-biarritz-cote-basque\/\" target=\"_blank\" rel=\"noopener\"><span lang=\"fr\" xml:lang=\"fr\">guide\u00a0Surf<\/span><\/a><\/strong><span lang=\"fr\" xml:lang=\"fr\"><strong>.<\/strong><\/span><\/p>\n<p><strong>Location de mini malibu 7&#8217;6 sur Biarritz, Anglet et Bidart \u2013 Description produit<\/strong><\/p>\n<p>La MAGIC CARPET 7&#8217;6 est une planche tr\u00e8s polyvalente et maniable, id\u00e9ale pour les surfeurs interm\u00e9diaires comme pour les surfeurs confirm\u00e9s. Le large outline de la planche vous permettra de partir sur toutes les vagues facilement et son tail resserr\u00e9 vous donnera une bonne maniabilit\u00e9. Le montage de d\u00e9rives en 2+1 vous donnera une bonne accroche dans la vague.<\/p>\n<p>Ce mini longboard est id\u00e9al pour surfer les petites vagues de la\u00a0<strong>c\u00f4te des basques de Biarritz<\/strong>.<\/p>\n<p><strong><span class=\"text-ghost__popup_whole-words ng-star-inserted\">Vous<\/span><span class=\"text-ghost__popup_whole-words ng-star-inserted\">\u00a0<\/span><span class=\"text-ghost__popup_whole-words ng-star-inserted\">avez<\/span><span class=\"text-ghost__popup_whole-words ng-star-inserted\">\u00a0<\/span><span class=\"text-ghost__popup_whole-words ng-star-inserted\">pris<\/span><span class=\"text-ghost__popup_whole-words ng-star-inserted\">\u00a0<\/span><span class=\"text-ghost__popup_whole-words ng-star-inserted\">beaucoup<\/span><span class=\"text-ghost__popup_whole-words ng-star-inserted\">\u00a0<\/span><span class=\"text-ghost__popup_whole-words ng-star-inserted\">de<\/span><span class=\"text-ghost__popup_whole-words ng-star-inserted\">\u00a0<\/span><span class=\"text-ghost__popup_whole-words ng-star-inserted\">plaisir<\/span><span class=\"text-ghost__popup_whole-words ng-star-inserted\">\u00a0<\/span><span class=\"text-ghost__popup_whole-words ng-star-inserted\">\u00e0<\/span><span class=\"text-ghost__popup_whole-words ng-star-inserted\">\u00a0<\/span><span class=\"text-ghost__popup_whole-words ng-star-inserted\">rider<\/span><span class=\"text-ghost__popup_whole-words ng-star-inserted\">\u00a0<\/span><span class=\"text-ghost__popup_whole-words ng-star-inserted\">cette<\/span><span class=\"text-ghost__popup_whole-words ng-star-inserted\">\u00a0<\/span><span class=\"text-ghost__popup_whole-words ng-star-inserted\">planche<\/span><span class=\"text-ghost__popup_whole-words ng-star-inserted\">\u00a0<\/span><span class=\"text-ghost__popup_whole-words ng-star-inserted\">?<\/span><span class=\"text-ghost__popup_whole-words ng-star-inserted\">\u00a0<\/span><span class=\"text-ghost__popup_whole-words ng-star-inserted\">possibilit\u00e9<\/span><span class=\"text-ghost__popup_whole-words ng-star-inserted\">\u00a0<\/span><span class=\"text-ghost__popup_whole-words ng-star-inserted\">d<\/span><span class=\"text-ghost__popup_whole-words ng-star-inserted\">&#8216;<\/span><span class=\"text-ghost__popup_whole-words ng-star-inserted\">achat<\/span><span class=\"text-ghost__popup_whole-words ng-star-inserted\">\u00a0<\/span><span class=\"text-ghost__popup_whole-words ng-star-inserted\">sur\u00a0<a href=\"https:\/\/www.martysurfshop.com\/fr\/accueil\/73-magic-carpet-marty-surfshop-7-6.html\">Marty Surfshop<\/a><\/span><\/strong><\/p>\n","protected":false},"excerpt":{"rendered":"<ul>\n<li>marque: <strong>Marty surf shop<\/strong><\/li>\n<li>mod\u00e8le: <strong>Magic carpet<\/strong><\/li>\n<li>dimensions:\u00a0<strong>7&#8217;6 x 22&#8242; 1\/4 x 3&#8242;.\u00a0 54 Litres<\/strong><\/li>\n<li>d\u00e9rives: <strong>2+1<\/strong><\/li>\n<li><strong>simple concave<\/strong><\/li>\n<li>rails <strong>50\/50 (boxy)<\/strong><\/li>\n<li>r\u00e9sine: <strong>epoxy<\/strong><\/li>\n<li><strong>leash, d\u00e9rives, boardbag inclus<\/strong><\/li>\n<\/ul>\n","protected":false},"featured_media":925,"comment_status":"open","ping_status":"closed","template":"","meta":{"_seopress_robots_primary_cat":"none","jetpack_publicize_message":"","jetpack_publicize_feature_enabled":true,"jetpack_social_post_already_shared":false,"jetpack_social_options":{"image_generator_settings":{"template":"highway","default_image_id":0,"font":"","enabled":false},"version":2}},"product_cat":[76],"product_tag":[],"class_list":["post-922","product","type-product","status-publish","has-post-thumbnail","hentry","product_cat-planche-intermediaire"],"acf":[],"jetpack_publicize_connections":[],"jetpack_sharing_enabled":true,"_links":{"self":[{"href":"https:\/\/msd.jeremybornerand.fr\/fr\/wp-json\/wp\/v2\/product\/922","targetHints":{"allow":["GET"]}}],"collection":[{"href":"https:\/\/msd.jeremybornerand.fr\/fr\/wp-json\/wp\/v2\/product"}],"about":[{"href":"https:\/\/msd.jeremybornerand.fr\/fr\/wp-json\/wp\/v2\/types\/product"}],"replies":[{"embeddable":true,"href":"https:\/\/msd.jeremybornerand.fr\/fr\/wp-json\/wp\/v2\/comments?post=922"}],"wp:featuredmedia":[{"embeddable":true,"href":"https:\/\/msd.jeremybornerand.fr\/fr\/wp-json\/wp\/v2\/media\/925"}],"wp:attachment":[{"href":"https:\/\/msd.jeremybornerand.fr\/fr\/wp-json\/wp\/v2\/media?parent=922"}],"wp:term":[{"taxonomy":"product_cat","embeddable":true,"href":"https:\/\/msd.jeremybornerand.fr\/fr\/wp-json\/wp\/v2\/product_cat?post=922"},{"taxonomy":"product_tag","embeddable":true,"href":"https:\/\/msd.jeremybornerand.fr\/fr\/wp-json\/wp\/v2\/product_tag?post=922"}],"curies":[{"name":"wp","href":"https:\/\/api.w.org\/{rel}","templated":true}]}}