{"id":941,"date":"2023-09-25T16:43:37","date_gmt":"2023-09-25T14:43:37","guid":{"rendered":"https:\/\/dev.martysurfdelivery.com\/?post_type=product&#038;p=941"},"modified":"2023-09-26T12:12:45","modified_gmt":"2023-09-26T10:12:45","slug":"foamie-76","status":"publish","type":"product","link":"https:\/\/msd.jeremybornerand.fr\/fr\/shop\/planche-debutant\/foamie-76\/","title":{"rendered":"FOAMIE 7&#8217;6"},"content":{"rendered":"<p>Location de planche de surf en mousse d\u00e9butant 7&#8217;6 sur Biarritz, Anglet et Bidart.<\/p>\n<p><span lang=\"fr\" xml:lang=\"fr\"><strong>Marty Surf Delivery<\/strong>\u00a0propose un service de\u00a0location de planches de surf\u00a0pour\u00a0d\u00e9butants ou confirm\u00e9s\u00a0et vous livre \u00e0 domicile tout le mat\u00e9riel de surf (<\/span><a href=\"https:\/\/www.martysurfdelivery.com\/fr\/location-surf-biarritz-cote-basque\/planches-longboard\/\" target=\"_blank\" rel=\"noopener\"><span lang=\"fr\" xml:lang=\"fr\">longboard<\/span><\/a><span lang=\"fr\" xml:lang=\"fr\">,\u00a0<a href=\"https:\/\/www.martysurfdelivery.com\/fr\/location-surf-biarritz-cote-basque\/bodyboard\/\" target=\"_blank\" rel=\"noopener\">bodyboard<\/a>,\u00a0<\/span><a href=\"https:\/\/www.martysurfdelivery.com\/fr\/location-surf-biarritz-cote-basque\/combinaisons\/\" target=\"_blank\" rel=\"noopener\"><span lang=\"fr\" xml:lang=\"fr\">combinaison<\/span><\/a><span lang=\"fr\" xml:lang=\"fr\">) dont vous avez besoin de\u00a0<strong>Biarritz<\/strong>\u00a0\u00e0\u00a0<strong>Saint Jean de Luz<\/strong>\u00a0\/\u00a0<strong>Gu\u00e9thary<\/strong>.<\/span><\/p>\n<p><span lang=\"fr\" xml:lang=\"fr\">Ne ratez plus une bonne session de surf sur\u00a0<strong>Biarritz<\/strong>\u00a0et\u00a0<strong>la C\u00f4te Basque<\/strong>\u00a0en profitant de notre service personnalis\u00e9 de\u00a0<\/span><a href=\"https:\/\/www.martysurfdelivery.com\/fr\/guide-surf-biarritz-cote-basque\/\" target=\"_blank\" rel=\"noopener\"><span lang=\"fr\" xml:lang=\"fr\">guide\u00a0Surf<\/span><\/a><span lang=\"fr\" xml:lang=\"fr\">.<\/span><\/p>\n<p>Location de planche de surf en mousse d\u00e9butant\u00a07&#8217;6\u00a0sur Biarritz, Anglet et Bidart \u2013 Description produit<\/p>\n<p>La SOFT TOP 7&#8217;6 est une planche en mousse parfaite pour les d\u00e9butants ayant pris des cours de surf et d\u00e9sirant se lancer seuls. En effet, cette planche est construite en epoxy (construction d&#8217;une planche classique) avec une fine couche de mousse sur le dessus; ce qui donne \u00e0 la planche une bonne glisse et une bonne r\u00e9activit\u00e9.<\/p>\n","protected":false},"excerpt":{"rendered":"<ul>\n<li>marque:\u00a0<strong>Ocean Storm<\/strong><\/li>\n<li>mod\u00e8le: <strong>Soft top 7&#8217;6<\/strong><\/li>\n<li>dimensions: <strong>7&#8217;6<\/strong><\/li>\n<li>d\u00e9rives: <strong>thruster d\u00e9rives plastiques<\/strong><\/li>\n<li>rails<strong> 50\/50<\/strong><\/li>\n<li>construction: <strong>mousse<\/strong><\/li>\n<li><strong>leash et d\u00e9rives inclus<\/strong><\/li>\n<\/ul>\n","protected":false},"featured_media":955,"comment_status":"open","ping_status":"closed","template":"","meta":{"_seopress_robots_primary_cat":"none","jetpack_publicize_message":"","jetpack_publicize_feature_enabled":true,"jetpack_social_post_already_shared":false,"jetpack_social_options":{"image_generator_settings":{"template":"highway","default_image_id":0,"font":"","enabled":false},"version":2}},"product_cat":[72],"product_tag":[],"class_list":["post-941","product","type-product","status-publish","has-post-thumbnail","hentry","product_cat-planche-debutant"],"acf":[],"jetpack_publicize_connections":[],"jetpack_sharing_enabled":true,"_links":{"self":[{"href":"https:\/\/msd.jeremybornerand.fr\/fr\/wp-json\/wp\/v2\/product\/941","targetHints":{"allow":["GET"]}}],"collection":[{"href":"https:\/\/msd.jeremybornerand.fr\/fr\/wp-json\/wp\/v2\/product"}],"about":[{"href":"https:\/\/msd.jeremybornerand.fr\/fr\/wp-json\/wp\/v2\/types\/product"}],"replies":[{"embeddable":true,"href":"https:\/\/msd.jeremybornerand.fr\/fr\/wp-json\/wp\/v2\/comments?post=941"}],"wp:featuredmedia":[{"embeddable":true,"href":"https:\/\/msd.jeremybornerand.fr\/fr\/wp-json\/wp\/v2\/media\/955"}],"wp:attachment":[{"href":"https:\/\/msd.jeremybornerand.fr\/fr\/wp-json\/wp\/v2\/media?parent=941"}],"wp:term":[{"taxonomy":"product_cat","embeddable":true,"href":"https:\/\/msd.jeremybornerand.fr\/fr\/wp-json\/wp\/v2\/product_cat?post=941"},{"taxonomy":"product_tag","embeddable":true,"href":"https:\/\/msd.jeremybornerand.fr\/fr\/wp-json\/wp\/v2\/product_tag?post=941"}],"curies":[{"name":"wp","href":"https:\/\/api.w.org\/{rel}","templated":true}]}}