{"id":989,"date":"2023-09-26T21:01:40","date_gmt":"2023-09-26T19:01:40","guid":{"rendered":"https:\/\/dev.martysurfdelivery.com\/?post_type=product&#038;p=989"},"modified":"2023-09-27T10:30:58","modified_gmt":"2023-09-27T08:30:58","slug":"firewire-seaside-58","status":"publish","type":"product","link":"https:\/\/msd.jeremybornerand.fr\/fr\/shop\/planches-performance\/firewire-seaside-58\/","title":{"rendered":"FIREWIRE-SEASIDE-5&#8217;8"},"content":{"rendered":"<p style=\"font-weight: 400;\">Location de planche de surf Firewire seaside 5&#8217;8 swallow Firewire sur Biarritz, Anglet et Bidart.<\/p>\n<p style=\"font-weight: 400;\">Marty Surf Delivery propose un service de location de planches de surf pour d\u00e9butants ou confirm\u00e9s et vous livre \u00e0 domicile tout le mat\u00e9riel de surf (<a href=\"https:\/\/www.martysurfdelivery.com\/fr\/quiver-surf\/planches-performance\/\">shortboard<\/a>,\u00a0<a href=\"https:\/\/www.martysurfdelivery.com\/fr\/quiver-surf\/planches-longboard\/\">longboard<\/a>,\u00a0<a href=\"https:\/\/www.martysurfdelivery.com\/fr\/quiver-surf\/combinaisons\/\">combinaison<\/a>) dont vous avez besoin de Biarritz \u00e0 Saint Jean de Luz \/ Gu\u00e9thary.<\/p>\n<p style=\"font-weight: 400;\">Ne ratez plus une bonne session de surf sur Biarritz et la C\u00f4te Basque en profitant de notre service personnalis\u00e9 de\u00a0<a href=\"https:\/\/www.martysurfdelivery.com\/fr\/guide-surf-biarritz-cote-basque\/\">guide Surf<\/a>.<\/p>\n<p style=\"font-weight: 400;\">Description produit<\/p>\n<p style=\"font-weight: 400;\">La Seaside est un fish passe partout. C\u2019est l\u2019\u00e9volution d\u2019une des planches de l\u00e9gende de chez firewire : La Go Fish. Elle poss\u00e8de un nose plus rond et un tail plus \u00e9troit pour radicaliser vos man\u0153uvres.<\/p>\n<p style=\"font-weight: 400;\">Une board rapide et r\u00e9active, mais aussi l\u00e9g\u00e8re gr\u00e2ce \u00e0 la construction HELIUM de Firewire.<\/p>\n<p style=\"font-weight: 400;\">La planche \u00e0 toutes les qualit\u00e9s pour offrir aux surfeurs interm\u00e9diaires leurs premiers turns et pour les confirm\u00e9s des sessions d\u2019\u00e9t\u00e9 d\u2019anthologies.<\/p>\n","protected":false},"excerpt":{"rendered":"<ul>\n<li>marque: <strong>FIREWIRE<\/strong><\/li>\n<li>mod\u00e8le: <strong>Seaside<\/strong><\/li>\n<li>dimensions:\u00a0<strong>5&#8242; 8 x 21&#8242; 5\/8&#8243; x 2&#8242; 1\/2&#8243; &#8211; 33 L<\/strong><\/li>\n<li>d\u00e9rives: <strong>Future<\/strong><\/li>\n<li>rails <strong>50\/50<\/strong><\/li>\n<li>construction: <strong>epoxy<\/strong><\/li>\n<li><strong>leash, d\u00e9rives, boardbag inclus<\/strong><\/li>\n<\/ul>\n","protected":false},"featured_media":992,"comment_status":"open","ping_status":"closed","template":"","meta":{"_seopress_robots_primary_cat":"none","jetpack_publicize_message":"","jetpack_publicize_feature_enabled":true,"jetpack_social_post_already_shared":false,"jetpack_social_options":{"image_generator_settings":{"template":"highway","default_image_id":0,"font":"","enabled":false},"version":2}},"product_cat":[51,61],"product_tag":[],"class_list":["post-989","product","type-product","status-publish","has-post-thumbnail","hentry","product_cat-planches-performance","product_cat-planches-retro"],"acf":[],"jetpack_publicize_connections":[],"jetpack_sharing_enabled":true,"_links":{"self":[{"href":"https:\/\/msd.jeremybornerand.fr\/fr\/wp-json\/wp\/v2\/product\/989","targetHints":{"allow":["GET"]}}],"collection":[{"href":"https:\/\/msd.jeremybornerand.fr\/fr\/wp-json\/wp\/v2\/product"}],"about":[{"href":"https:\/\/msd.jeremybornerand.fr\/fr\/wp-json\/wp\/v2\/types\/product"}],"replies":[{"embeddable":true,"href":"https:\/\/msd.jeremybornerand.fr\/fr\/wp-json\/wp\/v2\/comments?post=989"}],"wp:featuredmedia":[{"embeddable":true,"href":"https:\/\/msd.jeremybornerand.fr\/fr\/wp-json\/wp\/v2\/media\/992"}],"wp:attachment":[{"href":"https:\/\/msd.jeremybornerand.fr\/fr\/wp-json\/wp\/v2\/media?parent=989"}],"wp:term":[{"taxonomy":"product_cat","embeddable":true,"href":"https:\/\/msd.jeremybornerand.fr\/fr\/wp-json\/wp\/v2\/product_cat?post=989"},{"taxonomy":"product_tag","embeddable":true,"href":"https:\/\/msd.jeremybornerand.fr\/fr\/wp-json\/wp\/v2\/product_tag?post=989"}],"curies":[{"name":"wp","href":"https:\/\/api.w.org\/{rel}","templated":true}]}}