{"id":996,"date":"2023-09-26T21:04:40","date_gmt":"2023-09-26T19:04:40","guid":{"rendered":"https:\/\/dev.martysurfdelivery.com\/?post_type=product&#038;p=996"},"modified":"2023-11-12T11:53:04","modified_gmt":"2023-11-12T10:53:04","slug":"firewire-cymatic-511","status":"publish","type":"product","link":"https:\/\/msd.jeremybornerand.fr\/fr\/shop\/planches-performance\/firewire-cymatic-511\/","title":{"rendered":"FIREWIRE-CYMATIC 5&#8217;11"},"content":{"rendered":"<p style=\"font-weight: 400;\">Location de planche de surf Firewire cymatic 5&#8217;11 sur Biarritz, Anglet et Bidart.<\/p>\n<p style=\"font-weight: 400;\">Marty Surf Delivery propose un service de location de planches de surf pour d\u00e9butants ou confirm\u00e9s et vous livre \u00e0 domicile tout le mat\u00e9riel de surf (<a href=\"https:\/\/www.martysurfdelivery.com\/fr\/quiver-surf\/planches-performance\/\">shortboard<\/a>,\u00a0<a href=\"https:\/\/www.martysurfdelivery.com\/fr\/quiver-surf\/planches-longboard\/\">longboard<\/a>,\u00a0<a href=\"https:\/\/www.martysurfdelivery.com\/fr\/quiver-surf\/combinaisons\/\">combinaison<\/a>) dont vous avez besoin de Biarritz \u00e0 Saint Jean de Luz \/ Gu\u00e9thary.<\/p>\n<p style=\"font-weight: 400;\">Ne ratez plus une bonne session de surf sur Biarritz et la C\u00f4te Basque en profitant de notre service personnalis\u00e9 de\u00a0<a href=\"https:\/\/www.martysurfdelivery.com\/fr\/guide-surf-biarritz-cote-basque\/\">guide Surf<\/a>.<\/p>\n<p style=\"font-weight: 400;\">Description produit<\/p>\n<p style=\"font-weight: 400;\">La Cymatic est un des nouveaux jouets de Kelly Slater. Une planche Hybride qui allie les points forts de la Sci Fi et de la Omni.<\/p>\n<p style=\"font-weight: 400;\">Une planche de haute performance qui va vous ravir. Avec son double bat tail la planche grip \u00e0 la perfection en haut et bas de vague. Les channels associ\u00e9s au double concave vous offrirons de la vitesse et la possibilit\u00e9 d\u2019acc\u00e9l\u00e9rer facilement. Le nose plus \u00e9troit que l&#8217;Omni et le rocker g\u00e9n\u00e9ral plus prononc\u00e9 que la Sci Fi permettent d&#8217;avoir une planche contr\u00f4lable dans les vagues plus creuses.<\/p>\n<p style=\"font-weight: 400;\">La board polyvalente parfaite pour les vagues d\u2019\u00e9t\u00e9, mais aussi pour les vagues plus grosses que nous offre r\u00e9guli\u00e8rement notre belle r\u00e9gion.<\/p>\n","protected":false},"excerpt":{"rendered":"<ul style=\"font-weight: 400;\">\n<li>marque: <strong>FIREWIRE<\/strong><\/li>\n<li>mod\u00e8le: <strong>Cymatic<\/strong><\/li>\n<li>dimensions:\u00a0<strong>5&#8242; 11 x 20&#8242; 5\/8&#8243; x 2&#8242; 13\/16&#8243; 38 L<\/strong><\/li>\n<li>d\u00e9rives: <strong>Future<\/strong><\/li>\n<li>rails <strong>50\/50<\/strong><\/li>\n<li>construction: <strong>epoxy<\/strong><\/li>\n<li><strong>leash, d\u00e9rives, boardbag inclus<\/strong><\/li>\n<\/ul>\n","protected":false},"featured_media":999,"comment_status":"open","ping_status":"closed","template":"","meta":{"_seopress_robots_primary_cat":"none","jetpack_publicize_message":"","jetpack_publicize_feature_enabled":true,"jetpack_social_post_already_shared":false,"jetpack_social_options":{"image_generator_settings":{"template":"highway","default_image_id":0,"font":"","enabled":false},"version":2}},"product_cat":[51],"product_tag":[],"class_list":["post-996","product","type-product","status-publish","has-post-thumbnail","hentry","product_cat-planches-performance","pa_taille-99","pa_volume-38litres"],"acf":[],"jetpack_publicize_connections":[],"jetpack_sharing_enabled":true,"_links":{"self":[{"href":"https:\/\/msd.jeremybornerand.fr\/fr\/wp-json\/wp\/v2\/product\/996","targetHints":{"allow":["GET"]}}],"collection":[{"href":"https:\/\/msd.jeremybornerand.fr\/fr\/wp-json\/wp\/v2\/product"}],"about":[{"href":"https:\/\/msd.jeremybornerand.fr\/fr\/wp-json\/wp\/v2\/types\/product"}],"replies":[{"embeddable":true,"href":"https:\/\/msd.jeremybornerand.fr\/fr\/wp-json\/wp\/v2\/comments?post=996"}],"wp:featuredmedia":[{"embeddable":true,"href":"https:\/\/msd.jeremybornerand.fr\/fr\/wp-json\/wp\/v2\/media\/999"}],"wp:attachment":[{"href":"https:\/\/msd.jeremybornerand.fr\/fr\/wp-json\/wp\/v2\/media?parent=996"}],"wp:term":[{"taxonomy":"product_cat","embeddable":true,"href":"https:\/\/msd.jeremybornerand.fr\/fr\/wp-json\/wp\/v2\/product_cat?post=996"},{"taxonomy":"product_tag","embeddable":true,"href":"https:\/\/msd.jeremybornerand.fr\/fr\/wp-json\/wp\/v2\/product_tag?post=996"}],"curies":[{"name":"wp","href":"https:\/\/api.w.org\/{rel}","templated":true}]}}